{"id":686,"date":"2024-12-02T11:31:34","date_gmt":"2024-12-02T11:31:34","guid":{"rendered":"https:\/\/royal-plaza-montreux.ms2.decms.eu\/restaurant-bars\/"},"modified":"2025-06-16T11:58:07","modified_gmt":"2025-06-16T11:58:07","slug":"restaurant-bars","status":"publish","type":"page","link":"https:\/\/www.royalplaza.ch\/de\/restaurant-bars\/","title":{"rendered":"Restaurant &amp; Bars"},"content":{"rendered":"<p style=\"text-align: justify;\">Machen Sie Ihrem Gaumen Appetit, indem Sie einen Aperitif oder einen unserer Teller zum Teilen genie\u00dfen &#8211; in einer unserer Bars oder auf der Terrasse, mit Blick auf ein au\u00dfergew\u00f6hnliches &amp; atemberaubendes Panorama. Es besteht eine gro\u00dfe Auswahl an Speisen &amp; Getr\u00e4nken, die auf die verschiedenen Tageszeiten &amp; Geschm\u00e4cker abgestimmt sind.<\/p>\n<p><em>Machen Sie Ihren Lieben eine Freude, indem Sie ihnen ein einzigartiges Erlebnis am Wasser schenken! <strong><a href=\"https:\/\/royal-plaza-montreux.ms2.decms.eu\/de\/geschenkgutschein\/\" target=\"_blank\" rel=\"noopener noreferrer\">Verschenken Sie einen Geschenkgutschein<\/a><\/strong> f\u00fcr das Royal Plaza Montreux.<\/em><\/p>\n<p style=\"text-align: justify;\">Wir informieren Sie auf unserer<a href=\"https:\/\/royal-plaza-montreux.ms2.decms.eu\/de\/nachrichten\/\"><strong> Seite Nachrichte<\/strong>n<\/a> \u00fcber verschiedene Renovierungsarbeiten, bitte beachten Sie diese.<\/p>\n","protected":false},"excerpt":{"rendered":"<p>Machen Sie Ihrem Gaumen Appetit, indem Sie einen Aperitif oder einen unserer Teller zum Teilen genie\u00dfen &#8211; in einer unserer Bars oder auf der Terrasse, mit Blick auf ein au\u00dfergew\u00f6hnliches &amp; atemberaubendes Panorama. Es besteht eine gro\u00dfe Auswahl an Speisen &amp; Getr\u00e4nken, die auf die verschiedenen Tageszeiten &amp; Geschm\u00e4cker abgestimmt sind. Machen Sie Ihren Lieben [&hellip;]<\/p>\n","protected":false},"author":124,"featured_media":0,"parent":0,"menu_order":20,"comment_status":"closed","ping_status":"closed","template":"template-restaurants.php","meta":{"footnotes":""},"yoast_head":"<!-- This site is optimized with the Yoast SEO plugin v22.3 - https:\/\/yoast.com\/wordpress\/plugins\/seo\/ -->\n<title>Restaurant &amp; Bars - Royal Plaza Montreux<\/title>\n<meta name=\"description\" content=\"Machen Sie Ihrem Gaumen Appetit, indem Sie einen Aperitif oder einen unserer Teller zum Teilen genie\u00dfen - in einer unserer Bars oder auf der Terrasse, mit Blick auf ein au\u00dfergew\u00f6hnliches &amp; atemberaubendes Panorama. Es besteht eine gro\u00dfe Auswahl an Speisen &amp; Getr\u00e4nken, die auf die verschiedenen Tageszeiten &amp; Geschm\u00e4cker abgestimmt sind. Machen Sie Ihren Lieben eine Freude, indem Sie ihnen ein einzigartiges Erlebnis am Wasser schenken! Verschenken Sie einen Geschenkgutschein f\u00fcr das Royal Plaza Montreux. Wir informieren Sie auf unserer Seite Nachrichten \u00fcber verschiedene Renovierungsarbeiten, bitte beachten Sie diese.\" \/>\n<meta name=\"robots\" content=\"index, follow, max-snippet:-1, max-image-preview:large, max-video-preview:-1\" \/>\n<link rel=\"canonical\" href=\"https:\/\/www.royalplaza.ch\/de\/restaurant-bars\/\" \/>\n<meta property=\"og:locale\" content=\"de_DE\" \/>\n<meta property=\"og:type\" content=\"article\" \/>\n<meta property=\"og:title\" content=\"Restaurant &amp; Bars - Royal Plaza Montreux\" \/>\n<meta property=\"og:description\" content=\"Machen Sie Ihrem Gaumen Appetit, indem Sie einen Aperitif oder einen unserer Teller zum Teilen genie\u00dfen - in einer unserer Bars oder auf der Terrasse, mit Blick auf ein au\u00dfergew\u00f6hnliches &amp; atemberaubendes Panorama. Es besteht eine gro\u00dfe Auswahl an Speisen &amp; Getr\u00e4nken, die auf die verschiedenen Tageszeiten &amp; Geschm\u00e4cker abgestimmt sind. Machen Sie Ihren Lieben eine Freude, indem Sie ihnen ein einzigartiges Erlebnis am Wasser schenken! Verschenken Sie einen Geschenkgutschein f\u00fcr das Royal Plaza Montreux. Wir informieren Sie auf unserer Seite Nachrichten \u00fcber verschiedene Renovierungsarbeiten, bitte beachten Sie diese.\" \/>\n<meta property=\"og:url\" content=\"https:\/\/www.royalplaza.ch\/de\/restaurant-bars\/\" \/>\n<meta property=\"og:site_name\" content=\"Royal Plaza Montreux\" \/>\n<meta property=\"article:publisher\" content=\"https:\/\/www.facebook.com\/hotelroyalplazamtx\" \/>\n<meta property=\"article:modified_time\" content=\"2025-06-16T11:58:07+00:00\" \/>\n<meta name=\"twitter:card\" content=\"summary_large_image\" \/>\n<meta name=\"twitter:label1\" content=\"Gesch\u00e4tzte Lesezeit\" \/>\n\t<meta name=\"twitter:data1\" content=\"1 Minute\" \/>\n<script type=\"application\/ld+json\" class=\"yoast-schema-graph\">{\"@context\":\"https:\/\/schema.org\",\"@graph\":[{\"@type\":\"WebPage\",\"@id\":\"https:\/\/www.royalplaza.ch\/de\/restaurant-bars\/\",\"url\":\"https:\/\/www.royalplaza.ch\/de\/restaurant-bars\/\",\"name\":\"Restaurant &amp; Bars - Royal Plaza Montreux\",\"isPartOf\":{\"@id\":\"https:\/\/www.royalplaza.ch\/de\/#website\"},\"datePublished\":\"2024-12-02T11:31:34+00:00\",\"dateModified\":\"2025-06-16T11:58:07+00:00\",\"description\":\"Machen Sie Ihrem Gaumen Appetit, indem Sie einen Aperitif oder einen unserer Teller zum Teilen genie\u00dfen - in einer unserer Bars oder auf der Terrasse, mit Blick auf ein au\u00dfergew\u00f6hnliches &amp; atemberaubendes Panorama. Es besteht eine gro\u00dfe Auswahl an Speisen &amp; Getr\u00e4nken, die auf die verschiedenen Tageszeiten &amp; Geschm\u00e4cker abgestimmt sind. Machen Sie Ihren Lieben eine Freude, indem Sie ihnen ein einzigartiges Erlebnis am Wasser schenken! Verschenken Sie einen Geschenkgutschein f\u00fcr das Royal Plaza Montreux. Wir informieren Sie auf unserer Seite Nachrichten \u00fcber verschiedene Renovierungsarbeiten, bitte beachten Sie diese.\",\"breadcrumb\":{\"@id\":\"https:\/\/www.royalplaza.ch\/de\/restaurant-bars\/#breadcrumb\"},\"inLanguage\":\"de-DE\",\"potentialAction\":[{\"@type\":\"ReadAction\",\"target\":[\"https:\/\/www.royalplaza.ch\/de\/restaurant-bars\/\"]}]},{\"@type\":\"BreadcrumbList\",\"@id\":\"https:\/\/www.royalplaza.ch\/de\/restaurant-bars\/#breadcrumb\",\"itemListElement\":[{\"@type\":\"ListItem\",\"position\":1,\"name\":\"Home\",\"item\":\"https:\/\/www.royalplaza.ch\/de\/\"},{\"@type\":\"ListItem\",\"position\":2,\"name\":\"Restaurant &amp; Bars\"}]},{\"@type\":\"WebSite\",\"@id\":\"https:\/\/www.royalplaza.ch\/de\/#website\",\"url\":\"https:\/\/www.royalplaza.ch\/de\/\",\"name\":\"Royal Plaza Montreux\",\"description\":\"\",\"publisher\":{\"@id\":\"https:\/\/www.royalplaza.ch\/de\/#organization\"},\"potentialAction\":[{\"@type\":\"SearchAction\",\"target\":{\"@type\":\"EntryPoint\",\"urlTemplate\":\"https:\/\/www.royalplaza.ch\/de\/?s={search_term_string}\"},\"query-input\":\"required name=search_term_string\"}],\"inLanguage\":\"de-DE\"},{\"@type\":\"Organization\",\"@id\":\"https:\/\/www.royalplaza.ch\/de\/#organization\",\"name\":\"Royal Plaza Montreux\",\"url\":\"https:\/\/www.royalplaza.ch\/de\/\",\"logo\":{\"@type\":\"ImageObject\",\"inLanguage\":\"de-DE\",\"@id\":\"https:\/\/www.royalplaza.ch\/de\/#\/schema\/logo\/image\/\",\"url\":\"https:\/\/www.royalplaza.ch\/wp-content\/uploads\/sites\/185\/2024\/12\/Plan-de-travail-2.png\",\"contentUrl\":\"https:\/\/www.royalplaza.ch\/wp-content\/uploads\/sites\/185\/2024\/12\/Plan-de-travail-2.png\",\"width\":1200,\"height\":326,\"caption\":\"Royal Plaza Montreux\"},\"image\":{\"@id\":\"https:\/\/www.royalplaza.ch\/de\/#\/schema\/logo\/image\/\"},\"sameAs\":[\"https:\/\/www.facebook.com\/hotelroyalplazamtx\",\"https:\/\/www.instagram.com\/hotelroyalplazamtx\/\",\"https:\/\/www.linkedin.com\/company\/royal-plaza-montreux\/\"]}]}<\/script>\n<!-- \/ Yoast SEO plugin. -->","yoast_head_json":{"title":"Restaurant &amp; Bars - Royal Plaza Montreux","description":"Machen Sie Ihrem Gaumen Appetit, indem Sie einen Aperitif oder einen unserer Teller zum Teilen genie\u00dfen - in einer unserer Bars oder auf der Terrasse, mit Blick auf ein au\u00dfergew\u00f6hnliches &amp; atemberaubendes Panorama. Es besteht eine gro\u00dfe Auswahl an Speisen &amp; Getr\u00e4nken, die auf die verschiedenen Tageszeiten &amp; Geschm\u00e4cker abgestimmt sind. Machen Sie Ihren Lieben eine Freude, indem Sie ihnen ein einzigartiges Erlebnis am Wasser schenken! Verschenken Sie einen Geschenkgutschein f\u00fcr das Royal Plaza Montreux. Wir informieren Sie auf unserer Seite Nachrichten \u00fcber verschiedene Renovierungsarbeiten, bitte beachten Sie diese.","robots":{"index":"index","follow":"follow","max-snippet":"max-snippet:-1","max-image-preview":"max-image-preview:large","max-video-preview":"max-video-preview:-1"},"canonical":"https:\/\/www.royalplaza.ch\/de\/restaurant-bars\/","og_locale":"de_DE","og_type":"article","og_title":"Restaurant &amp; Bars - Royal Plaza Montreux","og_description":"Machen Sie Ihrem Gaumen Appetit, indem Sie einen Aperitif oder einen unserer Teller zum Teilen genie\u00dfen - in einer unserer Bars oder auf der Terrasse, mit Blick auf ein au\u00dfergew\u00f6hnliches &amp; atemberaubendes Panorama. Es besteht eine gro\u00dfe Auswahl an Speisen &amp; Getr\u00e4nken, die auf die verschiedenen Tageszeiten &amp; Geschm\u00e4cker abgestimmt sind. Machen Sie Ihren Lieben eine Freude, indem Sie ihnen ein einzigartiges Erlebnis am Wasser schenken! Verschenken Sie einen Geschenkgutschein f\u00fcr das Royal Plaza Montreux. Wir informieren Sie auf unserer Seite Nachrichten \u00fcber verschiedene Renovierungsarbeiten, bitte beachten Sie diese.","og_url":"https:\/\/www.royalplaza.ch\/de\/restaurant-bars\/","og_site_name":"Royal Plaza Montreux","article_publisher":"https:\/\/www.facebook.com\/hotelroyalplazamtx","article_modified_time":"2025-06-16T11:58:07+00:00","twitter_card":"summary_large_image","twitter_misc":{"Gesch\u00e4tzte Lesezeit":"1 Minute"},"schema":{"@context":"https:\/\/schema.org","@graph":[{"@type":"WebPage","@id":"https:\/\/www.royalplaza.ch\/de\/restaurant-bars\/","url":"https:\/\/www.royalplaza.ch\/de\/restaurant-bars\/","name":"Restaurant &amp; Bars - Royal Plaza Montreux","isPartOf":{"@id":"https:\/\/www.royalplaza.ch\/de\/#website"},"datePublished":"2024-12-02T11:31:34+00:00","dateModified":"2025-06-16T11:58:07+00:00","description":"Machen Sie Ihrem Gaumen Appetit, indem Sie einen Aperitif oder einen unserer Teller zum Teilen genie\u00dfen - in einer unserer Bars oder auf der Terrasse, mit Blick auf ein au\u00dfergew\u00f6hnliches &amp; atemberaubendes Panorama. Es besteht eine gro\u00dfe Auswahl an Speisen &amp; Getr\u00e4nken, die auf die verschiedenen Tageszeiten &amp; Geschm\u00e4cker abgestimmt sind. Machen Sie Ihren Lieben eine Freude, indem Sie ihnen ein einzigartiges Erlebnis am Wasser schenken! Verschenken Sie einen Geschenkgutschein f\u00fcr das Royal Plaza Montreux. Wir informieren Sie auf unserer Seite Nachrichten \u00fcber verschiedene Renovierungsarbeiten, bitte beachten Sie diese.","breadcrumb":{"@id":"https:\/\/www.royalplaza.ch\/de\/restaurant-bars\/#breadcrumb"},"inLanguage":"de-DE","potentialAction":[{"@type":"ReadAction","target":["https:\/\/www.royalplaza.ch\/de\/restaurant-bars\/"]}]},{"@type":"BreadcrumbList","@id":"https:\/\/www.royalplaza.ch\/de\/restaurant-bars\/#breadcrumb","itemListElement":[{"@type":"ListItem","position":1,"name":"Home","item":"https:\/\/www.royalplaza.ch\/de\/"},{"@type":"ListItem","position":2,"name":"Restaurant &amp; Bars"}]},{"@type":"WebSite","@id":"https:\/\/www.royalplaza.ch\/de\/#website","url":"https:\/\/www.royalplaza.ch\/de\/","name":"Royal Plaza Montreux","description":"","publisher":{"@id":"https:\/\/www.royalplaza.ch\/de\/#organization"},"potentialAction":[{"@type":"SearchAction","target":{"@type":"EntryPoint","urlTemplate":"https:\/\/www.royalplaza.ch\/de\/?s={search_term_string}"},"query-input":"required name=search_term_string"}],"inLanguage":"de-DE"},{"@type":"Organization","@id":"https:\/\/www.royalplaza.ch\/de\/#organization","name":"Royal Plaza Montreux","url":"https:\/\/www.royalplaza.ch\/de\/","logo":{"@type":"ImageObject","inLanguage":"de-DE","@id":"https:\/\/www.royalplaza.ch\/de\/#\/schema\/logo\/image\/","url":"https:\/\/www.royalplaza.ch\/wp-content\/uploads\/sites\/185\/2024\/12\/Plan-de-travail-2.png","contentUrl":"https:\/\/www.royalplaza.ch\/wp-content\/uploads\/sites\/185\/2024\/12\/Plan-de-travail-2.png","width":1200,"height":326,"caption":"Royal Plaza Montreux"},"image":{"@id":"https:\/\/www.royalplaza.ch\/de\/#\/schema\/logo\/image\/"},"sameAs":["https:\/\/www.facebook.com\/hotelroyalplazamtx","https:\/\/www.instagram.com\/hotelroyalplazamtx\/","https:\/\/www.linkedin.com\/company\/royal-plaza-montreux\/"]}]}},"acf":[],"_links":{"self":[{"href":"https:\/\/www.royalplaza.ch\/de\/wp-json\/wp\/v2\/pages\/686"}],"collection":[{"href":"https:\/\/www.royalplaza.ch\/de\/wp-json\/wp\/v2\/pages"}],"about":[{"href":"https:\/\/www.royalplaza.ch\/de\/wp-json\/wp\/v2\/types\/page"}],"author":[{"embeddable":true,"href":"https:\/\/www.royalplaza.ch\/de\/wp-json\/wp\/v2\/users\/124"}],"replies":[{"embeddable":true,"href":"https:\/\/www.royalplaza.ch\/de\/wp-json\/wp\/v2\/comments?post=686"}],"version-history":[{"count":0,"href":"https:\/\/www.royalplaza.ch\/de\/wp-json\/wp\/v2\/pages\/686\/revisions"}],"wp:attachment":[{"href":"https:\/\/www.royalplaza.ch\/de\/wp-json\/wp\/v2\/media?parent=686"}],"curies":[{"name":"wp","href":"https:\/\/api.w.org\/{rel}","templated":true}]}}