{"id":682,"date":"2024-12-02T11:41:25","date_gmt":"2024-12-02T11:41:25","guid":{"rendered":"https:\/\/royal-plaza-montreux.ms2.decms.eu\/sinatras-bar\/"},"modified":"2026-05-04T08:37:47","modified_gmt":"2026-05-04T08:37:47","slug":"sinatras-bar","status":"publish","type":"page","link":"https:\/\/www.royalplaza.ch\/de\/restaurant-bars\/sinatras-bar\/","title":{"rendered":"Sinatra&#8217;s Bar"},"content":{"rendered":"<p style=\"text-align: justify\">Die an das Caf\u00e9 Bellagio angrenzende Bar Sinatra&#8217;s bietet Ihnen neben einer umfangreichen Getr\u00e4nkekarte eine Bar-Speisekarte, die kulinarischen Gen\u00fcsse auf ideale Weise variiert. Lassen Sie sich in ruhiger &amp; entspannter Atmosph\u00e4re von einigen Gro\u00dfen Klassikern verf\u00fchren: Vorspeisenteller zum Teilen, Hamburger du Chef, Rindertartar, Caesar Salat &amp; vielen anderen K\u00f6stlichkeiten! Nehmen Sie im Sommer Platz auf der Lounge-Seite der schattigen Terrasse &amp; nehmen Sie sich die Zeit f\u00fcr die Erfrischung, auf die Sie gerade Lust haben. Ob ein Cocktail des Hauses, ein Fruchtsaft, ein Glas Champagner oder ein Glas Wein, unser Team bietet Ihnen das Beste aus unserer Auswahl.<\/p>\n<p style=\"text-align: justify\">\n","protected":false},"excerpt":{"rendered":"<p>Die an das Caf\u00e9 Bellagio angrenzende Bar Sinatra&#8217;s bietet Ihnen neben einer umfangreichen Getr\u00e4nkekarte eine Bar-Speisekarte, die kulinarischen Gen\u00fcsse auf ideale Weise variiert. Lassen Sie sich in ruhiger &amp; entspannter Atmosph\u00e4re von einigen Gro\u00dfen Klassikern verf\u00fchren: Vorspeisenteller zum Teilen, Hamburger du Chef, Rindertartar, Caesar Salat &amp; vielen anderen K\u00f6stlichkeiten! Nehmen Sie im Sommer Platz auf [&hellip;]<\/p>\n","protected":false},"author":124,"featured_media":0,"parent":686,"menu_order":0,"comment_status":"closed","ping_status":"closed","template":"template-single-restaurant.php","meta":{"footnotes":""},"class_list":["post-682","page","type-page","status-publish","hentry"],"yoast_head":"<!-- This site is optimized with the Yoast SEO plugin v27.3 - https:\/\/yoast.com\/product\/yoast-seo-wordpress\/ -->\n<title>Sinatra&#039;s Bar - Royal Plaza Montreux<\/title>\n<meta name=\"description\" content=\"Die an das Caf\u00e9 Bellagio angrenzende Bar Sinatra&#039;s bietet Ihnen neben einer umfangreichen Getr\u00e4nkekarte eine Bar-Speisekarte, die kulinarischen Gen\u00fcsse auf ideale Weise variiert. Lassen Sie sich in ruhiger &amp; entspannter Atmosph\u00e4re von einigen Gro\u00dfen Klassikern verf\u00fchren: Vorspeisenteller zum Teilen, Hamburger du Chef, Rindertartar, Caesar Salat &amp; vielen anderen K\u00f6stlichkeiten! Nehmen Sie im Sommer Platz auf der Lounge-Seite der schattigen Terrasse &amp; nehmen Sie sich die Zeit f\u00fcr die Erfrischung, auf die Sie gerade Lust haben\" \/>\n<meta name=\"robots\" content=\"index, follow, max-snippet:-1, max-image-preview:large, max-video-preview:-1\" \/>\n<link rel=\"canonical\" href=\"https:\/\/www.royalplaza.ch\/de\/restaurant-bars\/sinatras-bar\/\" \/>\n<meta property=\"og:locale\" content=\"de_DE\" \/>\n<meta property=\"og:type\" content=\"article\" \/>\n<meta property=\"og:title\" content=\"Sinatra&#039;s Bar - Royal Plaza Montreux\" \/>\n<meta property=\"og:description\" content=\"Die an das Caf\u00e9 Bellagio angrenzende Bar Sinatra&#039;s bietet Ihnen neben einer umfangreichen Getr\u00e4nkekarte eine Bar-Speisekarte, die kulinarischen Gen\u00fcsse auf ideale Weise variiert. Lassen Sie sich in ruhiger &amp; entspannter Atmosph\u00e4re von einigen Gro\u00dfen Klassikern verf\u00fchren: Vorspeisenteller zum Teilen, Hamburger du Chef, Rindertartar, Caesar Salat &amp; vielen anderen K\u00f6stlichkeiten! Nehmen Sie im Sommer Platz auf der Lounge-Seite der schattigen Terrasse &amp; nehmen Sie sich die Zeit f\u00fcr die Erfrischung, auf die Sie gerade Lust haben\" \/>\n<meta property=\"og:url\" content=\"https:\/\/www.royalplaza.ch\/de\/restaurant-bars\/sinatras-bar\/\" \/>\n<meta property=\"og:site_name\" content=\"Royal Plaza Montreux\" \/>\n<meta property=\"article:publisher\" content=\"https:\/\/www.facebook.com\/hotelroyalplazamtx\" \/>\n<meta property=\"article:modified_time\" content=\"2026-05-04T08:37:47+00:00\" \/>\n<meta name=\"twitter:card\" content=\"summary_large_image\" \/>\n<meta name=\"twitter:label1\" content=\"Gesch\u00e4tzte Lesezeit\" \/>\n\t<meta name=\"twitter:data1\" content=\"1 Minute\" \/>\n<script type=\"application\/ld+json\" class=\"yoast-schema-graph\">{\"@context\":\"https:\\\/\\\/schema.org\",\"@graph\":[{\"@type\":\"WebPage\",\"@id\":\"https:\\\/\\\/www.royalplaza.ch\\\/de\\\/restaurant-bars\\\/sinatras-bar\\\/\",\"url\":\"https:\\\/\\\/www.royalplaza.ch\\\/de\\\/restaurant-bars\\\/sinatras-bar\\\/\",\"name\":\"Sinatra's Bar - Royal Plaza Montreux\",\"isPartOf\":{\"@id\":\"https:\\\/\\\/www.royalplaza.ch\\\/de\\\/#website\"},\"datePublished\":\"2024-12-02T11:41:25+00:00\",\"dateModified\":\"2026-05-04T08:37:47+00:00\",\"description\":\"Die an das Caf\u00e9 Bellagio angrenzende Bar Sinatra's bietet Ihnen neben einer umfangreichen Getr\u00e4nkekarte eine Bar-Speisekarte, die kulinarischen Gen\u00fcsse auf ideale Weise variiert. Lassen Sie sich in ruhiger &amp; entspannter Atmosph\u00e4re von einigen Gro\u00dfen Klassikern verf\u00fchren: Vorspeisenteller zum Teilen, Hamburger du Chef, Rindertartar, Caesar Salat &amp; vielen anderen K\u00f6stlichkeiten! Nehmen Sie im Sommer Platz auf der Lounge-Seite der schattigen Terrasse &amp; nehmen Sie sich die Zeit f\u00fcr die Erfrischung, auf die Sie gerade Lust haben\",\"breadcrumb\":{\"@id\":\"https:\\\/\\\/www.royalplaza.ch\\\/de\\\/restaurant-bars\\\/sinatras-bar\\\/#breadcrumb\"},\"inLanguage\":\"de-DE\",\"potentialAction\":[{\"@type\":\"ReadAction\",\"target\":[\"https:\\\/\\\/www.royalplaza.ch\\\/de\\\/restaurant-bars\\\/sinatras-bar\\\/\"]}]},{\"@type\":\"BreadcrumbList\",\"@id\":\"https:\\\/\\\/www.royalplaza.ch\\\/de\\\/restaurant-bars\\\/sinatras-bar\\\/#breadcrumb\",\"itemListElement\":[{\"@type\":\"ListItem\",\"position\":1,\"name\":\"Home\",\"item\":\"https:\\\/\\\/www.royalplaza.ch\\\/de\\\/\"},{\"@type\":\"ListItem\",\"position\":2,\"name\":\"Restaurant &amp; Bars\",\"item\":\"https:\\\/\\\/www.royalplaza.ch\\\/de\\\/restaurant-bars\\\/\"},{\"@type\":\"ListItem\",\"position\":3,\"name\":\"Sinatra&rsquo;s Bar\"}]},{\"@type\":\"WebSite\",\"@id\":\"https:\\\/\\\/www.royalplaza.ch\\\/de\\\/#website\",\"url\":\"https:\\\/\\\/www.royalplaza.ch\\\/de\\\/\",\"name\":\"Royal Plaza Montreux\",\"description\":\"\",\"publisher\":{\"@id\":\"https:\\\/\\\/www.royalplaza.ch\\\/de\\\/#organization\"},\"potentialAction\":[{\"@type\":\"SearchAction\",\"target\":{\"@type\":\"EntryPoint\",\"urlTemplate\":\"https:\\\/\\\/www.royalplaza.ch\\\/de\\\/?s={search_term_string}\"},\"query-input\":{\"@type\":\"PropertyValueSpecification\",\"valueRequired\":true,\"valueName\":\"search_term_string\"}}],\"inLanguage\":\"de-DE\"},{\"@type\":\"Organization\",\"@id\":\"https:\\\/\\\/www.royalplaza.ch\\\/de\\\/#organization\",\"name\":\"Royal Plaza Montreux\",\"url\":\"https:\\\/\\\/www.royalplaza.ch\\\/de\\\/\",\"logo\":{\"@type\":\"ImageObject\",\"inLanguage\":\"de-DE\",\"@id\":\"https:\\\/\\\/www.royalplaza.ch\\\/de\\\/#\\\/schema\\\/logo\\\/image\\\/\",\"url\":\"https:\\\/\\\/www.royalplaza.ch\\\/wp-content\\\/uploads\\\/sites\\\/185\\\/2024\\\/12\\\/Plan-de-travail-2.png\",\"contentUrl\":\"https:\\\/\\\/www.royalplaza.ch\\\/wp-content\\\/uploads\\\/sites\\\/185\\\/2024\\\/12\\\/Plan-de-travail-2.png\",\"width\":1200,\"height\":326,\"caption\":\"Royal Plaza Montreux\"},\"image\":{\"@id\":\"https:\\\/\\\/www.royalplaza.ch\\\/de\\\/#\\\/schema\\\/logo\\\/image\\\/\"},\"sameAs\":[\"https:\\\/\\\/www.facebook.com\\\/hotelroyalplazamtx\",\"https:\\\/\\\/www.instagram.com\\\/hotelroyalplazamtx\\\/\",\"https:\\\/\\\/www.linkedin.com\\\/company\\\/royal-plaza-montreux\\\/\"]}]}<\/script>\n<!-- \/ Yoast SEO plugin. -->","yoast_head_json":{"title":"Sinatra's Bar - Royal Plaza Montreux","description":"Die an das Caf\u00e9 Bellagio angrenzende Bar Sinatra's bietet Ihnen neben einer umfangreichen Getr\u00e4nkekarte eine Bar-Speisekarte, die kulinarischen Gen\u00fcsse auf ideale Weise variiert. Lassen Sie sich in ruhiger &amp; entspannter Atmosph\u00e4re von einigen Gro\u00dfen Klassikern verf\u00fchren: Vorspeisenteller zum Teilen, Hamburger du Chef, Rindertartar, Caesar Salat &amp; vielen anderen K\u00f6stlichkeiten! Nehmen Sie im Sommer Platz auf der Lounge-Seite der schattigen Terrasse &amp; nehmen Sie sich die Zeit f\u00fcr die Erfrischung, auf die Sie gerade Lust haben","robots":{"index":"index","follow":"follow","max-snippet":"max-snippet:-1","max-image-preview":"max-image-preview:large","max-video-preview":"max-video-preview:-1"},"canonical":"https:\/\/www.royalplaza.ch\/de\/restaurant-bars\/sinatras-bar\/","og_locale":"de_DE","og_type":"article","og_title":"Sinatra's Bar - Royal Plaza Montreux","og_description":"Die an das Caf\u00e9 Bellagio angrenzende Bar Sinatra's bietet Ihnen neben einer umfangreichen Getr\u00e4nkekarte eine Bar-Speisekarte, die kulinarischen Gen\u00fcsse auf ideale Weise variiert. Lassen Sie sich in ruhiger &amp; entspannter Atmosph\u00e4re von einigen Gro\u00dfen Klassikern verf\u00fchren: Vorspeisenteller zum Teilen, Hamburger du Chef, Rindertartar, Caesar Salat &amp; vielen anderen K\u00f6stlichkeiten! Nehmen Sie im Sommer Platz auf der Lounge-Seite der schattigen Terrasse &amp; nehmen Sie sich die Zeit f\u00fcr die Erfrischung, auf die Sie gerade Lust haben","og_url":"https:\/\/www.royalplaza.ch\/de\/restaurant-bars\/sinatras-bar\/","og_site_name":"Royal Plaza Montreux","article_publisher":"https:\/\/www.facebook.com\/hotelroyalplazamtx","article_modified_time":"2026-05-04T08:37:47+00:00","twitter_card":"summary_large_image","twitter_misc":{"Gesch\u00e4tzte Lesezeit":"1 Minute"},"schema":{"@context":"https:\/\/schema.org","@graph":[{"@type":"WebPage","@id":"https:\/\/www.royalplaza.ch\/de\/restaurant-bars\/sinatras-bar\/","url":"https:\/\/www.royalplaza.ch\/de\/restaurant-bars\/sinatras-bar\/","name":"Sinatra's Bar - Royal Plaza Montreux","isPartOf":{"@id":"https:\/\/www.royalplaza.ch\/de\/#website"},"datePublished":"2024-12-02T11:41:25+00:00","dateModified":"2026-05-04T08:37:47+00:00","description":"Die an das Caf\u00e9 Bellagio angrenzende Bar Sinatra's bietet Ihnen neben einer umfangreichen Getr\u00e4nkekarte eine Bar-Speisekarte, die kulinarischen Gen\u00fcsse auf ideale Weise variiert. Lassen Sie sich in ruhiger &amp; entspannter Atmosph\u00e4re von einigen Gro\u00dfen Klassikern verf\u00fchren: Vorspeisenteller zum Teilen, Hamburger du Chef, Rindertartar, Caesar Salat &amp; vielen anderen K\u00f6stlichkeiten! Nehmen Sie im Sommer Platz auf der Lounge-Seite der schattigen Terrasse &amp; nehmen Sie sich die Zeit f\u00fcr die Erfrischung, auf die Sie gerade Lust haben","breadcrumb":{"@id":"https:\/\/www.royalplaza.ch\/de\/restaurant-bars\/sinatras-bar\/#breadcrumb"},"inLanguage":"de-DE","potentialAction":[{"@type":"ReadAction","target":["https:\/\/www.royalplaza.ch\/de\/restaurant-bars\/sinatras-bar\/"]}]},{"@type":"BreadcrumbList","@id":"https:\/\/www.royalplaza.ch\/de\/restaurant-bars\/sinatras-bar\/#breadcrumb","itemListElement":[{"@type":"ListItem","position":1,"name":"Home","item":"https:\/\/www.royalplaza.ch\/de\/"},{"@type":"ListItem","position":2,"name":"Restaurant &amp; Bars","item":"https:\/\/www.royalplaza.ch\/de\/restaurant-bars\/"},{"@type":"ListItem","position":3,"name":"Sinatra&rsquo;s Bar"}]},{"@type":"WebSite","@id":"https:\/\/www.royalplaza.ch\/de\/#website","url":"https:\/\/www.royalplaza.ch\/de\/","name":"Royal Plaza Montreux","description":"","publisher":{"@id":"https:\/\/www.royalplaza.ch\/de\/#organization"},"potentialAction":[{"@type":"SearchAction","target":{"@type":"EntryPoint","urlTemplate":"https:\/\/www.royalplaza.ch\/de\/?s={search_term_string}"},"query-input":{"@type":"PropertyValueSpecification","valueRequired":true,"valueName":"search_term_string"}}],"inLanguage":"de-DE"},{"@type":"Organization","@id":"https:\/\/www.royalplaza.ch\/de\/#organization","name":"Royal Plaza Montreux","url":"https:\/\/www.royalplaza.ch\/de\/","logo":{"@type":"ImageObject","inLanguage":"de-DE","@id":"https:\/\/www.royalplaza.ch\/de\/#\/schema\/logo\/image\/","url":"https:\/\/www.royalplaza.ch\/wp-content\/uploads\/sites\/185\/2024\/12\/Plan-de-travail-2.png","contentUrl":"https:\/\/www.royalplaza.ch\/wp-content\/uploads\/sites\/185\/2024\/12\/Plan-de-travail-2.png","width":1200,"height":326,"caption":"Royal Plaza Montreux"},"image":{"@id":"https:\/\/www.royalplaza.ch\/de\/#\/schema\/logo\/image\/"},"sameAs":["https:\/\/www.facebook.com\/hotelroyalplazamtx","https:\/\/www.instagram.com\/hotelroyalplazamtx\/","https:\/\/www.linkedin.com\/company\/royal-plaza-montreux\/"]}]}},"acf":[],"_links":{"self":[{"href":"https:\/\/www.royalplaza.ch\/de\/wp-json\/wp\/v2\/pages\/682","targetHints":{"allow":["GET"]}}],"collection":[{"href":"https:\/\/www.royalplaza.ch\/de\/wp-json\/wp\/v2\/pages"}],"about":[{"href":"https:\/\/www.royalplaza.ch\/de\/wp-json\/wp\/v2\/types\/page"}],"author":[{"embeddable":true,"href":"https:\/\/www.royalplaza.ch\/de\/wp-json\/wp\/v2\/users\/124"}],"replies":[{"embeddable":true,"href":"https:\/\/www.royalplaza.ch\/de\/wp-json\/wp\/v2\/comments?post=682"}],"version-history":[{"count":0,"href":"https:\/\/www.royalplaza.ch\/de\/wp-json\/wp\/v2\/pages\/682\/revisions"}],"up":[{"embeddable":true,"href":"https:\/\/www.royalplaza.ch\/de\/wp-json\/wp\/v2\/pages\/686"}],"wp:attachment":[{"href":"https:\/\/www.royalplaza.ch\/de\/wp-json\/wp\/v2\/media?parent=682"}],"curies":[{"name":"wp","href":"https:\/\/api.w.org\/{rel}","templated":true}]}}