{"id":679,"date":"2024-12-02T11:54:09","date_gmt":"2024-12-02T11:54:09","guid":{"rendered":"https:\/\/royal-plaza-montreux.ms2.decms.eu\/spa-bien-etre\/institut-zen-o-spa\/"},"modified":"2025-06-24T13:43:29","modified_gmt":"2025-06-24T13:43:29","slug":"institut-zen-o-spa","status":"publish","type":"page","link":"https:\/\/www.royalplaza.ch\/de\/spa-wellness\/institut-zen-o-spa\/","title":{"rendered":"Institut Zen \u00d4 Spa*****"},"content":{"rendered":"<p style=\"text-align: justify;\">Lassen Sie sich am Ufer des Genfer Sees bei einem Aroma-Erlebnis verw\u00f6hnen. Das Institut Zen \u00d4 Spa***** bietet Ihnen einen Moment der Ruhe &amp; hier k\u00f6nnen Sie nach Ihrer Behandlung Schwimmbad, Whirlpool, Dampfbad, Sauna &amp; Fitnessraum nutzen. In einer warmen &amp; entspannten Atmosph\u00e4re, die Ihrem Wohlbefinden gewidmet ist, k\u00f6nnen Sie im Institut Zen \u00d4 Spa in eine Welt voller Empfindungen eintauchen.<\/p>\n<p style=\"text-align: justify;\">Unsere Therapeuten &amp; Kosmetikerinnen bieten Ihnen eine Vielzahl von Behandlungen an, die Ihren W\u00fcnschen &amp; Bed\u00fcrfnissen entsprechen: entspannende, sportliche, mit Bambus oder Hot-Stone- Massagen, Gesichtsbehandlungen, Manik\u00fcre, Pedik\u00fcre oder Haarentfernung. Dank seiner komfortablen Ausstattung, seiner hochqualifizierten Sch\u00f6nheits -&amp; Entspannungsbehandlungen ist das Institut ein absolutes unvermeidbar Verabredung f\u00fcr Ihren Wellness-Aufenthalt.<\/p>\n<p>&nbsp;<\/p>\n","protected":false},"excerpt":{"rendered":"<p>Lassen Sie sich am Ufer des Genfer Sees bei einem Aroma-Erlebnis verw\u00f6hnen. Das Institut Zen \u00d4 Spa***** bietet Ihnen einen Moment der Ruhe &amp; hier k\u00f6nnen Sie nach Ihrer Behandlung Schwimmbad, Whirlpool, Dampfbad, Sauna &amp; Fitnessraum nutzen. In einer warmen &amp; entspannten Atmosph\u00e4re, die Ihrem Wohlbefinden gewidmet ist, k\u00f6nnen Sie im Institut Zen \u00d4 Spa [&hellip;]<\/p>\n","protected":false},"author":124,"featured_media":0,"parent":678,"menu_order":0,"comment_status":"closed","ping_status":"closed","template":"template-spa.php","meta":{"footnotes":""},"class_list":["post-679","page","type-page","status-publish","hentry"],"yoast_head":"<!-- This site is optimized with the Yoast SEO plugin v27.3 - https:\/\/yoast.com\/product\/yoast-seo-wordpress\/ -->\n<title>Institut Zen \u00d4 Spa***** - Royal Plaza Montreux<\/title>\n<meta name=\"description\" content=\"Lassen Sie sich am Ufer des Genfer Sees bei einem Aroma-Erlebnis verw\u00f6hnen. Das Institut Zen \u00d4 Spa***** bietet Ihnen einen Moment der Ruhe &amp; hier k\u00f6nnen Sie nach Ihrer Behandlung Schwimmbad, Whirlpool, Dampfbad, Sauna &amp; Fitnessraum nutzen\" \/>\n<meta name=\"robots\" content=\"index, follow, max-snippet:-1, max-image-preview:large, max-video-preview:-1\" \/>\n<link rel=\"canonical\" href=\"https:\/\/www.royalplaza.ch\/de\/spa-wellness\/institut-zen-o-spa\/\" \/>\n<meta property=\"og:locale\" content=\"de_DE\" \/>\n<meta property=\"og:type\" content=\"article\" \/>\n<meta property=\"og:title\" content=\"Institut Zen \u00d4 Spa***** - Royal Plaza Montreux\" \/>\n<meta property=\"og:description\" content=\"Lassen Sie sich am Ufer des Genfer Sees bei einem Aroma-Erlebnis verw\u00f6hnen. Das Institut Zen \u00d4 Spa***** bietet Ihnen einen Moment der Ruhe &amp; hier k\u00f6nnen Sie nach Ihrer Behandlung Schwimmbad, Whirlpool, Dampfbad, Sauna &amp; Fitnessraum nutzen\" \/>\n<meta property=\"og:url\" content=\"https:\/\/www.royalplaza.ch\/de\/spa-wellness\/institut-zen-o-spa\/\" \/>\n<meta property=\"og:site_name\" content=\"Royal Plaza Montreux\" \/>\n<meta property=\"article:publisher\" content=\"https:\/\/www.facebook.com\/hotelroyalplazamtx\" \/>\n<meta property=\"article:modified_time\" content=\"2025-06-24T13:43:29+00:00\" \/>\n<meta name=\"twitter:card\" content=\"summary_large_image\" \/>\n<meta name=\"twitter:label1\" content=\"Gesch\u00e4tzte Lesezeit\" \/>\n\t<meta name=\"twitter:data1\" content=\"1 Minute\" \/>\n<script type=\"application\/ld+json\" class=\"yoast-schema-graph\">{\"@context\":\"https:\\\/\\\/schema.org\",\"@graph\":[{\"@type\":\"WebPage\",\"@id\":\"https:\\\/\\\/www.royalplaza.ch\\\/de\\\/spa-wellness\\\/institut-zen-o-spa\\\/\",\"url\":\"https:\\\/\\\/www.royalplaza.ch\\\/de\\\/spa-wellness\\\/institut-zen-o-spa\\\/\",\"name\":\"Institut Zen \u00d4 Spa***** - Royal Plaza Montreux\",\"isPartOf\":{\"@id\":\"https:\\\/\\\/www.royalplaza.ch\\\/de\\\/#website\"},\"datePublished\":\"2024-12-02T11:54:09+00:00\",\"dateModified\":\"2025-06-24T13:43:29+00:00\",\"description\":\"Lassen Sie sich am Ufer des Genfer Sees bei einem Aroma-Erlebnis verw\u00f6hnen. Das Institut Zen \u00d4 Spa***** bietet Ihnen einen Moment der Ruhe &amp; hier k\u00f6nnen Sie nach Ihrer Behandlung Schwimmbad, Whirlpool, Dampfbad, Sauna &amp; Fitnessraum nutzen\",\"breadcrumb\":{\"@id\":\"https:\\\/\\\/www.royalplaza.ch\\\/de\\\/spa-wellness\\\/institut-zen-o-spa\\\/#breadcrumb\"},\"inLanguage\":\"de-DE\",\"potentialAction\":[{\"@type\":\"ReadAction\",\"target\":[\"https:\\\/\\\/www.royalplaza.ch\\\/de\\\/spa-wellness\\\/institut-zen-o-spa\\\/\"]}]},{\"@type\":\"BreadcrumbList\",\"@id\":\"https:\\\/\\\/www.royalplaza.ch\\\/de\\\/spa-wellness\\\/institut-zen-o-spa\\\/#breadcrumb\",\"itemListElement\":[{\"@type\":\"ListItem\",\"position\":1,\"name\":\"Home\",\"item\":\"https:\\\/\\\/www.royalplaza.ch\\\/de\\\/\"},{\"@type\":\"ListItem\",\"position\":2,\"name\":\"Spa &amp; Wellness\",\"item\":\"https:\\\/\\\/www.royalplaza.ch\\\/de\\\/spa-wellness\\\/\"},{\"@type\":\"ListItem\",\"position\":3,\"name\":\"Institut Zen \u00d4 Spa*****\"}]},{\"@type\":\"WebSite\",\"@id\":\"https:\\\/\\\/www.royalplaza.ch\\\/de\\\/#website\",\"url\":\"https:\\\/\\\/www.royalplaza.ch\\\/de\\\/\",\"name\":\"Royal Plaza Montreux\",\"description\":\"\",\"publisher\":{\"@id\":\"https:\\\/\\\/www.royalplaza.ch\\\/de\\\/#organization\"},\"potentialAction\":[{\"@type\":\"SearchAction\",\"target\":{\"@type\":\"EntryPoint\",\"urlTemplate\":\"https:\\\/\\\/www.royalplaza.ch\\\/de\\\/?s={search_term_string}\"},\"query-input\":{\"@type\":\"PropertyValueSpecification\",\"valueRequired\":true,\"valueName\":\"search_term_string\"}}],\"inLanguage\":\"de-DE\"},{\"@type\":\"Organization\",\"@id\":\"https:\\\/\\\/www.royalplaza.ch\\\/de\\\/#organization\",\"name\":\"Royal Plaza Montreux\",\"url\":\"https:\\\/\\\/www.royalplaza.ch\\\/de\\\/\",\"logo\":{\"@type\":\"ImageObject\",\"inLanguage\":\"de-DE\",\"@id\":\"https:\\\/\\\/www.royalplaza.ch\\\/de\\\/#\\\/schema\\\/logo\\\/image\\\/\",\"url\":\"https:\\\/\\\/www.royalplaza.ch\\\/wp-content\\\/uploads\\\/sites\\\/185\\\/2024\\\/12\\\/Plan-de-travail-2.png\",\"contentUrl\":\"https:\\\/\\\/www.royalplaza.ch\\\/wp-content\\\/uploads\\\/sites\\\/185\\\/2024\\\/12\\\/Plan-de-travail-2.png\",\"width\":1200,\"height\":326,\"caption\":\"Royal Plaza Montreux\"},\"image\":{\"@id\":\"https:\\\/\\\/www.royalplaza.ch\\\/de\\\/#\\\/schema\\\/logo\\\/image\\\/\"},\"sameAs\":[\"https:\\\/\\\/www.facebook.com\\\/hotelroyalplazamtx\",\"https:\\\/\\\/www.instagram.com\\\/hotelroyalplazamtx\\\/\",\"https:\\\/\\\/www.linkedin.com\\\/company\\\/royal-plaza-montreux\\\/\"]}]}<\/script>\n<!-- \/ Yoast SEO plugin. -->","yoast_head_json":{"title":"Institut Zen \u00d4 Spa***** - Royal Plaza Montreux","description":"Lassen Sie sich am Ufer des Genfer Sees bei einem Aroma-Erlebnis verw\u00f6hnen. Das Institut Zen \u00d4 Spa***** bietet Ihnen einen Moment der Ruhe &amp; hier k\u00f6nnen Sie nach Ihrer Behandlung Schwimmbad, Whirlpool, Dampfbad, Sauna &amp; Fitnessraum nutzen","robots":{"index":"index","follow":"follow","max-snippet":"max-snippet:-1","max-image-preview":"max-image-preview:large","max-video-preview":"max-video-preview:-1"},"canonical":"https:\/\/www.royalplaza.ch\/de\/spa-wellness\/institut-zen-o-spa\/","og_locale":"de_DE","og_type":"article","og_title":"Institut Zen \u00d4 Spa***** - Royal Plaza Montreux","og_description":"Lassen Sie sich am Ufer des Genfer Sees bei einem Aroma-Erlebnis verw\u00f6hnen. Das Institut Zen \u00d4 Spa***** bietet Ihnen einen Moment der Ruhe &amp; hier k\u00f6nnen Sie nach Ihrer Behandlung Schwimmbad, Whirlpool, Dampfbad, Sauna &amp; Fitnessraum nutzen","og_url":"https:\/\/www.royalplaza.ch\/de\/spa-wellness\/institut-zen-o-spa\/","og_site_name":"Royal Plaza Montreux","article_publisher":"https:\/\/www.facebook.com\/hotelroyalplazamtx","article_modified_time":"2025-06-24T13:43:29+00:00","twitter_card":"summary_large_image","twitter_misc":{"Gesch\u00e4tzte Lesezeit":"1 Minute"},"schema":{"@context":"https:\/\/schema.org","@graph":[{"@type":"WebPage","@id":"https:\/\/www.royalplaza.ch\/de\/spa-wellness\/institut-zen-o-spa\/","url":"https:\/\/www.royalplaza.ch\/de\/spa-wellness\/institut-zen-o-spa\/","name":"Institut Zen \u00d4 Spa***** - Royal Plaza Montreux","isPartOf":{"@id":"https:\/\/www.royalplaza.ch\/de\/#website"},"datePublished":"2024-12-02T11:54:09+00:00","dateModified":"2025-06-24T13:43:29+00:00","description":"Lassen Sie sich am Ufer des Genfer Sees bei einem Aroma-Erlebnis verw\u00f6hnen. Das Institut Zen \u00d4 Spa***** bietet Ihnen einen Moment der Ruhe &amp; hier k\u00f6nnen Sie nach Ihrer Behandlung Schwimmbad, Whirlpool, Dampfbad, Sauna &amp; Fitnessraum nutzen","breadcrumb":{"@id":"https:\/\/www.royalplaza.ch\/de\/spa-wellness\/institut-zen-o-spa\/#breadcrumb"},"inLanguage":"de-DE","potentialAction":[{"@type":"ReadAction","target":["https:\/\/www.royalplaza.ch\/de\/spa-wellness\/institut-zen-o-spa\/"]}]},{"@type":"BreadcrumbList","@id":"https:\/\/www.royalplaza.ch\/de\/spa-wellness\/institut-zen-o-spa\/#breadcrumb","itemListElement":[{"@type":"ListItem","position":1,"name":"Home","item":"https:\/\/www.royalplaza.ch\/de\/"},{"@type":"ListItem","position":2,"name":"Spa &amp; Wellness","item":"https:\/\/www.royalplaza.ch\/de\/spa-wellness\/"},{"@type":"ListItem","position":3,"name":"Institut Zen \u00d4 Spa*****"}]},{"@type":"WebSite","@id":"https:\/\/www.royalplaza.ch\/de\/#website","url":"https:\/\/www.royalplaza.ch\/de\/","name":"Royal Plaza Montreux","description":"","publisher":{"@id":"https:\/\/www.royalplaza.ch\/de\/#organization"},"potentialAction":[{"@type":"SearchAction","target":{"@type":"EntryPoint","urlTemplate":"https:\/\/www.royalplaza.ch\/de\/?s={search_term_string}"},"query-input":{"@type":"PropertyValueSpecification","valueRequired":true,"valueName":"search_term_string"}}],"inLanguage":"de-DE"},{"@type":"Organization","@id":"https:\/\/www.royalplaza.ch\/de\/#organization","name":"Royal Plaza Montreux","url":"https:\/\/www.royalplaza.ch\/de\/","logo":{"@type":"ImageObject","inLanguage":"de-DE","@id":"https:\/\/www.royalplaza.ch\/de\/#\/schema\/logo\/image\/","url":"https:\/\/www.royalplaza.ch\/wp-content\/uploads\/sites\/185\/2024\/12\/Plan-de-travail-2.png","contentUrl":"https:\/\/www.royalplaza.ch\/wp-content\/uploads\/sites\/185\/2024\/12\/Plan-de-travail-2.png","width":1200,"height":326,"caption":"Royal Plaza Montreux"},"image":{"@id":"https:\/\/www.royalplaza.ch\/de\/#\/schema\/logo\/image\/"},"sameAs":["https:\/\/www.facebook.com\/hotelroyalplazamtx","https:\/\/www.instagram.com\/hotelroyalplazamtx\/","https:\/\/www.linkedin.com\/company\/royal-plaza-montreux\/"]}]}},"acf":[],"_links":{"self":[{"href":"https:\/\/www.royalplaza.ch\/de\/wp-json\/wp\/v2\/pages\/679","targetHints":{"allow":["GET"]}}],"collection":[{"href":"https:\/\/www.royalplaza.ch\/de\/wp-json\/wp\/v2\/pages"}],"about":[{"href":"https:\/\/www.royalplaza.ch\/de\/wp-json\/wp\/v2\/types\/page"}],"author":[{"embeddable":true,"href":"https:\/\/www.royalplaza.ch\/de\/wp-json\/wp\/v2\/users\/124"}],"replies":[{"embeddable":true,"href":"https:\/\/www.royalplaza.ch\/de\/wp-json\/wp\/v2\/comments?post=679"}],"version-history":[{"count":0,"href":"https:\/\/www.royalplaza.ch\/de\/wp-json\/wp\/v2\/pages\/679\/revisions"}],"up":[{"embeddable":true,"href":"https:\/\/www.royalplaza.ch\/de\/wp-json\/wp\/v2\/pages\/678"}],"wp:attachment":[{"href":"https:\/\/www.royalplaza.ch\/de\/wp-json\/wp\/v2\/media?parent=679"}],"curies":[{"name":"wp","href":"https:\/\/api.w.org\/{rel}","templated":true}]}}