{"id":678,"date":"2024-12-02T11:48:37","date_gmt":"2024-12-02T11:48:37","guid":{"rendered":"https:\/\/royal-plaza-montreux.ms2.decms.eu\/spa-bien-etre\/"},"modified":"2026-01-21T13:28:23","modified_gmt":"2026-01-21T13:28:23","slug":"spa-wellness","status":"publish","type":"page","link":"https:\/\/www.royalplaza.ch\/de\/spa-wellness\/","title":{"rendered":"Spa &amp; Wellness"},"content":{"rendered":"<p style=\"text-align: justify\">Eine privilegierte Lage am Ufer des Genfersees, eine ruhige Umgebung im Erdgeschoss des Hotels, ein atemberaubender Panoramablick von unserer Sommerterrasse, einfach alles ist vorhanden, um Ihre Batterien wieder aufzuladen &amp; Ihr Wohlbefinden zu f\u00f6rdern.<\/p>\n<p style=\"text-align: justify\">Unser Spa bietet Ihnen uneingeschr\u00e4nkten Zugang zu allen Einrichtungen; Hallenbad (26\u00b0C warm, ideal zum Schwimmen, Beckenmasse 12 x 6m, Tiefe 1,85m), Jacuzzi, Fitnessraum, Sauna &amp; Hammam.<\/p>\n<p style=\"text-align: justify\">Vom 15. Juni bis zum 31. August k\u00f6nnen Sie die Terrasse des Sinatra&#8217;s Summer Bar, unserer Sommer-Pop-up-Bar, genie\u00dfen. Perfekt, um die Sonne zu genie\u00dfen &amp; ein erfrischendes Getr\u00e4nk zu sich zu nehmen, w\u00e4hrend Sie den Blick auf den See &amp; die Berge bewundern \u2013 unsere Terrasse erg\u00e4nzt Ihr Wellness-Erlebnis perfekt.<\/p>\n<p style=\"text-align: left\"><em>*Kinder unter 12 Jahren m\u00fcssen begleitet werden, um die Ruhe des Ortes zu bewahren. Das Tragen des Badeanzugs ist in allen Wellnessbereichen obligatorisch. Aufgrund der Infrastruktur ist der Zugang zum Spa f\u00fcr Personen mit eingeschr\u00e4nkter Mobilit\u00e4t eingeschr\u00e4nkt.<\/em><\/p>\n<p><strong>Neue \u00d6ffnungszeiten: 7:00 &#8211; 21:00 Uhr\u00a0<\/strong><\/p>\n<p style=\"text-align: justify\"><em>Wir informieren Sie auf\u00a0<strong><a href=\"https:\/\/www.royalplaza.ch\/de\/nachrichten\/\">der Seite Nachrichten<\/a><\/strong> \u00fcber m\u00f6gliche Wartungsarbeiten, bitte beachten Sie diese.<\/em><\/p>\n<p>&nbsp;<\/p>\n","protected":false},"excerpt":{"rendered":"<p>Eine privilegierte Lage am Ufer des Genfersees, eine ruhige Umgebung im Erdgeschoss des Hotels, ein atemberaubender Panoramablick von unserer Sommerterrasse, einfach alles ist vorhanden, um Ihre Batterien wieder aufzuladen &amp; Ihr Wohlbefinden zu f\u00f6rdern. Unser Spa bietet Ihnen uneingeschr\u00e4nkten Zugang zu allen Einrichtungen; Hallenbad (26\u00b0C warm, ideal zum Schwimmen, Beckenmasse 12 x 6m, Tiefe 1,85m), [&hellip;]<\/p>\n","protected":false},"author":124,"featured_media":0,"parent":0,"menu_order":0,"comment_status":"closed","ping_status":"closed","template":"template-spa.php","meta":{"footnotes":""},"class_list":["post-678","page","type-page","status-publish","hentry"],"yoast_head":"<!-- This site is optimized with the Yoast SEO plugin v27.3 - https:\/\/yoast.com\/product\/yoast-seo-wordpress\/ -->\n<title>Spa &amp; Wellness - Royal Plaza Montreux<\/title>\n<meta name=\"description\" content=\"Eine privilegierte Lage am Ufer des Genfersees, eine ruhige Umgebung im Erdgeschoss des Hotels, ein atemberaubender Panoramablick von unserer Sommerterrasse, einfach alles ist vorhanden, um Ihre Batterien wieder aufzuladen &amp; Ihr Wohlbefinden zu f\u00f6rdern. Unser Spa bietet Ihnen uneingeschr\u00e4nkten Zugang zu allen Einrichtungen; Hallenbad (26\u00b0C warm, ideal zum Schwimmen, Beckenmasse 12 x 6m, Tiefe 1,85m), Jacuzzi, Fitnessraum, Sauna &amp; Hammam. Vom 15. Juni bis zum 31\" \/>\n<meta name=\"robots\" content=\"index, follow, max-snippet:-1, max-image-preview:large, max-video-preview:-1\" \/>\n<link rel=\"canonical\" href=\"https:\/\/www.royalplaza.ch\/de\/spa-wellness\/\" \/>\n<meta property=\"og:locale\" content=\"de_DE\" \/>\n<meta property=\"og:type\" content=\"article\" \/>\n<meta property=\"og:title\" content=\"Spa &amp; Wellness - Royal Plaza Montreux\" \/>\n<meta property=\"og:description\" content=\"Eine privilegierte Lage am Ufer des Genfersees, eine ruhige Umgebung im Erdgeschoss des Hotels, ein atemberaubender Panoramablick von unserer Sommerterrasse, einfach alles ist vorhanden, um Ihre Batterien wieder aufzuladen &amp; Ihr Wohlbefinden zu f\u00f6rdern. Unser Spa bietet Ihnen uneingeschr\u00e4nkten Zugang zu allen Einrichtungen; Hallenbad (26\u00b0C warm, ideal zum Schwimmen, Beckenmasse 12 x 6m, Tiefe 1,85m), Jacuzzi, Fitnessraum, Sauna &amp; Hammam. Vom 15. Juni bis zum 31\" \/>\n<meta property=\"og:url\" content=\"https:\/\/www.royalplaza.ch\/de\/spa-wellness\/\" \/>\n<meta property=\"og:site_name\" content=\"Royal Plaza Montreux\" \/>\n<meta property=\"article:publisher\" content=\"https:\/\/www.facebook.com\/hotelroyalplazamtx\" \/>\n<meta property=\"article:modified_time\" content=\"2026-01-21T13:28:23+00:00\" \/>\n<meta name=\"twitter:card\" content=\"summary_large_image\" \/>\n<meta name=\"twitter:label1\" content=\"Gesch\u00e4tzte Lesezeit\" \/>\n\t<meta name=\"twitter:data1\" content=\"1 Minute\" \/>\n<script type=\"application\/ld+json\" class=\"yoast-schema-graph\">{\"@context\":\"https:\\\/\\\/schema.org\",\"@graph\":[{\"@type\":\"WebPage\",\"@id\":\"https:\\\/\\\/www.royalplaza.ch\\\/de\\\/spa-wellness\\\/\",\"url\":\"https:\\\/\\\/www.royalplaza.ch\\\/de\\\/spa-wellness\\\/\",\"name\":\"Spa &amp; Wellness - Royal Plaza Montreux\",\"isPartOf\":{\"@id\":\"https:\\\/\\\/www.royalplaza.ch\\\/de\\\/#website\"},\"datePublished\":\"2024-12-02T11:48:37+00:00\",\"dateModified\":\"2026-01-21T13:28:23+00:00\",\"description\":\"Eine privilegierte Lage am Ufer des Genfersees, eine ruhige Umgebung im Erdgeschoss des Hotels, ein atemberaubender Panoramablick von unserer Sommerterrasse, einfach alles ist vorhanden, um Ihre Batterien wieder aufzuladen &amp; Ihr Wohlbefinden zu f\u00f6rdern. Unser Spa bietet Ihnen uneingeschr\u00e4nkten Zugang zu allen Einrichtungen; Hallenbad (26\u00b0C warm, ideal zum Schwimmen, Beckenmasse 12 x 6m, Tiefe 1,85m), Jacuzzi, Fitnessraum, Sauna &amp; Hammam. Vom 15. Juni bis zum 31\",\"breadcrumb\":{\"@id\":\"https:\\\/\\\/www.royalplaza.ch\\\/de\\\/spa-wellness\\\/#breadcrumb\"},\"inLanguage\":\"de-DE\",\"potentialAction\":[{\"@type\":\"ReadAction\",\"target\":[\"https:\\\/\\\/www.royalplaza.ch\\\/de\\\/spa-wellness\\\/\"]}]},{\"@type\":\"BreadcrumbList\",\"@id\":\"https:\\\/\\\/www.royalplaza.ch\\\/de\\\/spa-wellness\\\/#breadcrumb\",\"itemListElement\":[{\"@type\":\"ListItem\",\"position\":1,\"name\":\"Home\",\"item\":\"https:\\\/\\\/www.royalplaza.ch\\\/de\\\/\"},{\"@type\":\"ListItem\",\"position\":2,\"name\":\"Spa &amp; Wellness\"}]},{\"@type\":\"WebSite\",\"@id\":\"https:\\\/\\\/www.royalplaza.ch\\\/de\\\/#website\",\"url\":\"https:\\\/\\\/www.royalplaza.ch\\\/de\\\/\",\"name\":\"Royal Plaza Montreux\",\"description\":\"\",\"publisher\":{\"@id\":\"https:\\\/\\\/www.royalplaza.ch\\\/de\\\/#organization\"},\"potentialAction\":[{\"@type\":\"SearchAction\",\"target\":{\"@type\":\"EntryPoint\",\"urlTemplate\":\"https:\\\/\\\/www.royalplaza.ch\\\/de\\\/?s={search_term_string}\"},\"query-input\":{\"@type\":\"PropertyValueSpecification\",\"valueRequired\":true,\"valueName\":\"search_term_string\"}}],\"inLanguage\":\"de-DE\"},{\"@type\":\"Organization\",\"@id\":\"https:\\\/\\\/www.royalplaza.ch\\\/de\\\/#organization\",\"name\":\"Royal Plaza Montreux\",\"url\":\"https:\\\/\\\/www.royalplaza.ch\\\/de\\\/\",\"logo\":{\"@type\":\"ImageObject\",\"inLanguage\":\"de-DE\",\"@id\":\"https:\\\/\\\/www.royalplaza.ch\\\/de\\\/#\\\/schema\\\/logo\\\/image\\\/\",\"url\":\"https:\\\/\\\/www.royalplaza.ch\\\/wp-content\\\/uploads\\\/sites\\\/185\\\/2024\\\/12\\\/Plan-de-travail-2.png\",\"contentUrl\":\"https:\\\/\\\/www.royalplaza.ch\\\/wp-content\\\/uploads\\\/sites\\\/185\\\/2024\\\/12\\\/Plan-de-travail-2.png\",\"width\":1200,\"height\":326,\"caption\":\"Royal Plaza Montreux\"},\"image\":{\"@id\":\"https:\\\/\\\/www.royalplaza.ch\\\/de\\\/#\\\/schema\\\/logo\\\/image\\\/\"},\"sameAs\":[\"https:\\\/\\\/www.facebook.com\\\/hotelroyalplazamtx\",\"https:\\\/\\\/www.instagram.com\\\/hotelroyalplazamtx\\\/\",\"https:\\\/\\\/www.linkedin.com\\\/company\\\/royal-plaza-montreux\\\/\"]}]}<\/script>\n<!-- \/ Yoast SEO plugin. -->","yoast_head_json":{"title":"Spa &amp; Wellness - Royal Plaza Montreux","description":"Eine privilegierte Lage am Ufer des Genfersees, eine ruhige Umgebung im Erdgeschoss des Hotels, ein atemberaubender Panoramablick von unserer Sommerterrasse, einfach alles ist vorhanden, um Ihre Batterien wieder aufzuladen &amp; Ihr Wohlbefinden zu f\u00f6rdern. Unser Spa bietet Ihnen uneingeschr\u00e4nkten Zugang zu allen Einrichtungen; Hallenbad (26\u00b0C warm, ideal zum Schwimmen, Beckenmasse 12 x 6m, Tiefe 1,85m), Jacuzzi, Fitnessraum, Sauna &amp; Hammam. Vom 15. Juni bis zum 31","robots":{"index":"index","follow":"follow","max-snippet":"max-snippet:-1","max-image-preview":"max-image-preview:large","max-video-preview":"max-video-preview:-1"},"canonical":"https:\/\/www.royalplaza.ch\/de\/spa-wellness\/","og_locale":"de_DE","og_type":"article","og_title":"Spa &amp; Wellness - Royal Plaza Montreux","og_description":"Eine privilegierte Lage am Ufer des Genfersees, eine ruhige Umgebung im Erdgeschoss des Hotels, ein atemberaubender Panoramablick von unserer Sommerterrasse, einfach alles ist vorhanden, um Ihre Batterien wieder aufzuladen &amp; Ihr Wohlbefinden zu f\u00f6rdern. Unser Spa bietet Ihnen uneingeschr\u00e4nkten Zugang zu allen Einrichtungen; Hallenbad (26\u00b0C warm, ideal zum Schwimmen, Beckenmasse 12 x 6m, Tiefe 1,85m), Jacuzzi, Fitnessraum, Sauna &amp; Hammam. Vom 15. Juni bis zum 31","og_url":"https:\/\/www.royalplaza.ch\/de\/spa-wellness\/","og_site_name":"Royal Plaza Montreux","article_publisher":"https:\/\/www.facebook.com\/hotelroyalplazamtx","article_modified_time":"2026-01-21T13:28:23+00:00","twitter_card":"summary_large_image","twitter_misc":{"Gesch\u00e4tzte Lesezeit":"1 Minute"},"schema":{"@context":"https:\/\/schema.org","@graph":[{"@type":"WebPage","@id":"https:\/\/www.royalplaza.ch\/de\/spa-wellness\/","url":"https:\/\/www.royalplaza.ch\/de\/spa-wellness\/","name":"Spa &amp; Wellness - Royal Plaza Montreux","isPartOf":{"@id":"https:\/\/www.royalplaza.ch\/de\/#website"},"datePublished":"2024-12-02T11:48:37+00:00","dateModified":"2026-01-21T13:28:23+00:00","description":"Eine privilegierte Lage am Ufer des Genfersees, eine ruhige Umgebung im Erdgeschoss des Hotels, ein atemberaubender Panoramablick von unserer Sommerterrasse, einfach alles ist vorhanden, um Ihre Batterien wieder aufzuladen &amp; Ihr Wohlbefinden zu f\u00f6rdern. Unser Spa bietet Ihnen uneingeschr\u00e4nkten Zugang zu allen Einrichtungen; Hallenbad (26\u00b0C warm, ideal zum Schwimmen, Beckenmasse 12 x 6m, Tiefe 1,85m), Jacuzzi, Fitnessraum, Sauna &amp; Hammam. Vom 15. Juni bis zum 31","breadcrumb":{"@id":"https:\/\/www.royalplaza.ch\/de\/spa-wellness\/#breadcrumb"},"inLanguage":"de-DE","potentialAction":[{"@type":"ReadAction","target":["https:\/\/www.royalplaza.ch\/de\/spa-wellness\/"]}]},{"@type":"BreadcrumbList","@id":"https:\/\/www.royalplaza.ch\/de\/spa-wellness\/#breadcrumb","itemListElement":[{"@type":"ListItem","position":1,"name":"Home","item":"https:\/\/www.royalplaza.ch\/de\/"},{"@type":"ListItem","position":2,"name":"Spa &amp; Wellness"}]},{"@type":"WebSite","@id":"https:\/\/www.royalplaza.ch\/de\/#website","url":"https:\/\/www.royalplaza.ch\/de\/","name":"Royal Plaza Montreux","description":"","publisher":{"@id":"https:\/\/www.royalplaza.ch\/de\/#organization"},"potentialAction":[{"@type":"SearchAction","target":{"@type":"EntryPoint","urlTemplate":"https:\/\/www.royalplaza.ch\/de\/?s={search_term_string}"},"query-input":{"@type":"PropertyValueSpecification","valueRequired":true,"valueName":"search_term_string"}}],"inLanguage":"de-DE"},{"@type":"Organization","@id":"https:\/\/www.royalplaza.ch\/de\/#organization","name":"Royal Plaza Montreux","url":"https:\/\/www.royalplaza.ch\/de\/","logo":{"@type":"ImageObject","inLanguage":"de-DE","@id":"https:\/\/www.royalplaza.ch\/de\/#\/schema\/logo\/image\/","url":"https:\/\/www.royalplaza.ch\/wp-content\/uploads\/sites\/185\/2024\/12\/Plan-de-travail-2.png","contentUrl":"https:\/\/www.royalplaza.ch\/wp-content\/uploads\/sites\/185\/2024\/12\/Plan-de-travail-2.png","width":1200,"height":326,"caption":"Royal Plaza Montreux"},"image":{"@id":"https:\/\/www.royalplaza.ch\/de\/#\/schema\/logo\/image\/"},"sameAs":["https:\/\/www.facebook.com\/hotelroyalplazamtx","https:\/\/www.instagram.com\/hotelroyalplazamtx\/","https:\/\/www.linkedin.com\/company\/royal-plaza-montreux\/"]}]}},"acf":[],"_links":{"self":[{"href":"https:\/\/www.royalplaza.ch\/de\/wp-json\/wp\/v2\/pages\/678","targetHints":{"allow":["GET"]}}],"collection":[{"href":"https:\/\/www.royalplaza.ch\/de\/wp-json\/wp\/v2\/pages"}],"about":[{"href":"https:\/\/www.royalplaza.ch\/de\/wp-json\/wp\/v2\/types\/page"}],"author":[{"embeddable":true,"href":"https:\/\/www.royalplaza.ch\/de\/wp-json\/wp\/v2\/users\/124"}],"replies":[{"embeddable":true,"href":"https:\/\/www.royalplaza.ch\/de\/wp-json\/wp\/v2\/comments?post=678"}],"version-history":[{"count":0,"href":"https:\/\/www.royalplaza.ch\/de\/wp-json\/wp\/v2\/pages\/678\/revisions"}],"wp:attachment":[{"href":"https:\/\/www.royalplaza.ch\/de\/wp-json\/wp\/v2\/media?parent=678"}],"curies":[{"name":"wp","href":"https:\/\/api.w.org\/{rel}","templated":true}]}}