{"id":677,"date":"2024-12-17T15:31:33","date_gmt":"2024-12-17T15:31:33","guid":{"rendered":"https:\/\/royal-plaza-montreux.ms2.decms.eu\/nous-trouver\/"},"modified":"2025-07-14T12:54:21","modified_gmt":"2025-07-14T12:54:21","slug":"wie-sie-uns-finden","status":"publish","type":"page","link":"https:\/\/www.royalplaza.ch\/de\/wie-sie-uns-finden\/","title":{"rendered":"Wie Sie uns finden"},"content":{"rendered":"<p style=\"text-align: justify\">Willkommen in Montreux, der Hauptstadt der Waadtl\u00e4nder Riviera. Dank ihrer privilegierten Lage am Ufer des Genfersees &amp; umgeben von Weinbergen, wird Sie die Stadt mit ihren vielen atemberaubenden Aussichten verf\u00fchren!<br \/>\nMit einem aussergew\u00f6hnlich milden Klima bietet Montreux eine der sch\u00f6nsten Wanderungen der Schweiz an den Ufern des Genfersees. Warten Sie nicht l\u00e4nger, um dieses atemberaubende Panorama zu entdecken, &amp; z\u00f6gern Sie nicht, das <a href=\"https:\/\/www.montreuxriviera.com\/de\/\" target=\"_blank\" rel=\"noopener\">Fremdenverkehrsamt der Montreux Riviera<\/a> zu kontaktieren, um Informationen \u00fcber alle Reicht\u00fcmer der Region zu erhalten.<\/p>\n<p>&nbsp;<\/p>\n","protected":false},"excerpt":{"rendered":"<p>Willkommen in Montreux, der Hauptstadt der Waadtl\u00e4nder Riviera. Dank ihrer privilegierten Lage am Ufer des Genfersees &amp; umgeben von Weinbergen, wird Sie die Stadt mit ihren vielen atemberaubenden Aussichten verf\u00fchren! Mit einem aussergew\u00f6hnlich milden Klima bietet Montreux eine der sch\u00f6nsten Wanderungen der Schweiz an den Ufern des Genfersees. Warten Sie nicht l\u00e4nger, um dieses atemberaubende [&hellip;]<\/p>\n","protected":false},"author":124,"featured_media":0,"parent":0,"menu_order":80,"comment_status":"closed","ping_status":"closed","template":"template-location.php","meta":{"footnotes":""},"yoast_head":"<!-- This site is optimized with the Yoast SEO plugin v22.3 - https:\/\/yoast.com\/wordpress\/plugins\/seo\/ -->\n<title>Wie Sie uns finden - Royal Plaza Montreux<\/title>\n<meta name=\"description\" content=\"Willkommen in Montreux, der Hauptstadt der Waadtl\u00e4nder Riviera. Dank ihrer privilegierten Lage am Ufer des Genfersees &amp; umgeben von Weinbergen, wird Sie die Stadt mit ihren vielen atemberaubenden Aussichten verf\u00fchren! Mit einem aussergew\u00f6hnlich milden Klima bietet Montreux eine der sch\u00f6nsten Wanderungen der Schweiz an den Ufern des Genfersees\" \/>\n<meta name=\"robots\" content=\"index, follow, max-snippet:-1, max-image-preview:large, max-video-preview:-1\" \/>\n<link rel=\"canonical\" href=\"https:\/\/www.royalplaza.ch\/de\/wie-sie-uns-finden\/\" \/>\n<meta property=\"og:locale\" content=\"de_DE\" \/>\n<meta property=\"og:type\" content=\"article\" \/>\n<meta property=\"og:title\" content=\"Wie Sie uns finden - Royal Plaza Montreux\" \/>\n<meta property=\"og:description\" content=\"Willkommen in Montreux, der Hauptstadt der Waadtl\u00e4nder Riviera. Dank ihrer privilegierten Lage am Ufer des Genfersees &amp; umgeben von Weinbergen, wird Sie die Stadt mit ihren vielen atemberaubenden Aussichten verf\u00fchren! Mit einem aussergew\u00f6hnlich milden Klima bietet Montreux eine der sch\u00f6nsten Wanderungen der Schweiz an den Ufern des Genfersees\" \/>\n<meta property=\"og:url\" content=\"https:\/\/www.royalplaza.ch\/de\/wie-sie-uns-finden\/\" \/>\n<meta property=\"og:site_name\" content=\"Royal Plaza Montreux\" \/>\n<meta property=\"article:publisher\" content=\"https:\/\/www.facebook.com\/hotelroyalplazamtx\" \/>\n<meta property=\"article:modified_time\" content=\"2025-07-14T12:54:21+00:00\" \/>\n<meta name=\"twitter:card\" content=\"summary_large_image\" \/>\n<meta name=\"twitter:label1\" content=\"Gesch\u00e4tzte Lesezeit\" \/>\n\t<meta name=\"twitter:data1\" content=\"1 Minute\" \/>\n<script type=\"application\/ld+json\" class=\"yoast-schema-graph\">{\"@context\":\"https:\/\/schema.org\",\"@graph\":[{\"@type\":\"WebPage\",\"@id\":\"https:\/\/www.royalplaza.ch\/de\/wie-sie-uns-finden\/\",\"url\":\"https:\/\/www.royalplaza.ch\/de\/wie-sie-uns-finden\/\",\"name\":\"Wie Sie uns finden - Royal Plaza Montreux\",\"isPartOf\":{\"@id\":\"https:\/\/www.royalplaza.ch\/de\/#website\"},\"datePublished\":\"2024-12-17T15:31:33+00:00\",\"dateModified\":\"2025-07-14T12:54:21+00:00\",\"description\":\"Willkommen in Montreux, der Hauptstadt der Waadtl\u00e4nder Riviera. Dank ihrer privilegierten Lage am Ufer des Genfersees &amp; umgeben von Weinbergen, wird Sie die Stadt mit ihren vielen atemberaubenden Aussichten verf\u00fchren! Mit einem aussergew\u00f6hnlich milden Klima bietet Montreux eine der sch\u00f6nsten Wanderungen der Schweiz an den Ufern des Genfersees\",\"breadcrumb\":{\"@id\":\"https:\/\/www.royalplaza.ch\/de\/wie-sie-uns-finden\/#breadcrumb\"},\"inLanguage\":\"de-DE\",\"potentialAction\":[{\"@type\":\"ReadAction\",\"target\":[\"https:\/\/www.royalplaza.ch\/de\/wie-sie-uns-finden\/\"]}]},{\"@type\":\"BreadcrumbList\",\"@id\":\"https:\/\/www.royalplaza.ch\/de\/wie-sie-uns-finden\/#breadcrumb\",\"itemListElement\":[{\"@type\":\"ListItem\",\"position\":1,\"name\":\"Home\",\"item\":\"https:\/\/www.royalplaza.ch\/de\/\"},{\"@type\":\"ListItem\",\"position\":2,\"name\":\"Wie Sie uns finden\"}]},{\"@type\":\"WebSite\",\"@id\":\"https:\/\/www.royalplaza.ch\/de\/#website\",\"url\":\"https:\/\/www.royalplaza.ch\/de\/\",\"name\":\"Royal Plaza Montreux\",\"description\":\"\",\"publisher\":{\"@id\":\"https:\/\/www.royalplaza.ch\/de\/#organization\"},\"potentialAction\":[{\"@type\":\"SearchAction\",\"target\":{\"@type\":\"EntryPoint\",\"urlTemplate\":\"https:\/\/www.royalplaza.ch\/de\/?s={search_term_string}\"},\"query-input\":\"required name=search_term_string\"}],\"inLanguage\":\"de-DE\"},{\"@type\":\"Organization\",\"@id\":\"https:\/\/www.royalplaza.ch\/de\/#organization\",\"name\":\"Royal Plaza Montreux\",\"url\":\"https:\/\/www.royalplaza.ch\/de\/\",\"logo\":{\"@type\":\"ImageObject\",\"inLanguage\":\"de-DE\",\"@id\":\"https:\/\/www.royalplaza.ch\/de\/#\/schema\/logo\/image\/\",\"url\":\"https:\/\/www.royalplaza.ch\/wp-content\/uploads\/sites\/185\/2024\/12\/Plan-de-travail-2.png\",\"contentUrl\":\"https:\/\/www.royalplaza.ch\/wp-content\/uploads\/sites\/185\/2024\/12\/Plan-de-travail-2.png\",\"width\":1200,\"height\":326,\"caption\":\"Royal Plaza Montreux\"},\"image\":{\"@id\":\"https:\/\/www.royalplaza.ch\/de\/#\/schema\/logo\/image\/\"},\"sameAs\":[\"https:\/\/www.facebook.com\/hotelroyalplazamtx\",\"https:\/\/www.instagram.com\/hotelroyalplazamtx\/\",\"https:\/\/www.linkedin.com\/company\/royal-plaza-montreux\/\"]}]}<\/script>\n<!-- \/ Yoast SEO plugin. -->","yoast_head_json":{"title":"Wie Sie uns finden - Royal Plaza Montreux","description":"Willkommen in Montreux, der Hauptstadt der Waadtl\u00e4nder Riviera. Dank ihrer privilegierten Lage am Ufer des Genfersees &amp; umgeben von Weinbergen, wird Sie die Stadt mit ihren vielen atemberaubenden Aussichten verf\u00fchren! Mit einem aussergew\u00f6hnlich milden Klima bietet Montreux eine der sch\u00f6nsten Wanderungen der Schweiz an den Ufern des Genfersees","robots":{"index":"index","follow":"follow","max-snippet":"max-snippet:-1","max-image-preview":"max-image-preview:large","max-video-preview":"max-video-preview:-1"},"canonical":"https:\/\/www.royalplaza.ch\/de\/wie-sie-uns-finden\/","og_locale":"de_DE","og_type":"article","og_title":"Wie Sie uns finden - Royal Plaza Montreux","og_description":"Willkommen in Montreux, der Hauptstadt der Waadtl\u00e4nder Riviera. Dank ihrer privilegierten Lage am Ufer des Genfersees &amp; umgeben von Weinbergen, wird Sie die Stadt mit ihren vielen atemberaubenden Aussichten verf\u00fchren! Mit einem aussergew\u00f6hnlich milden Klima bietet Montreux eine der sch\u00f6nsten Wanderungen der Schweiz an den Ufern des Genfersees","og_url":"https:\/\/www.royalplaza.ch\/de\/wie-sie-uns-finden\/","og_site_name":"Royal Plaza Montreux","article_publisher":"https:\/\/www.facebook.com\/hotelroyalplazamtx","article_modified_time":"2025-07-14T12:54:21+00:00","twitter_card":"summary_large_image","twitter_misc":{"Gesch\u00e4tzte Lesezeit":"1 Minute"},"schema":{"@context":"https:\/\/schema.org","@graph":[{"@type":"WebPage","@id":"https:\/\/www.royalplaza.ch\/de\/wie-sie-uns-finden\/","url":"https:\/\/www.royalplaza.ch\/de\/wie-sie-uns-finden\/","name":"Wie Sie uns finden - Royal Plaza Montreux","isPartOf":{"@id":"https:\/\/www.royalplaza.ch\/de\/#website"},"datePublished":"2024-12-17T15:31:33+00:00","dateModified":"2025-07-14T12:54:21+00:00","description":"Willkommen in Montreux, der Hauptstadt der Waadtl\u00e4nder Riviera. Dank ihrer privilegierten Lage am Ufer des Genfersees &amp; umgeben von Weinbergen, wird Sie die Stadt mit ihren vielen atemberaubenden Aussichten verf\u00fchren! Mit einem aussergew\u00f6hnlich milden Klima bietet Montreux eine der sch\u00f6nsten Wanderungen der Schweiz an den Ufern des Genfersees","breadcrumb":{"@id":"https:\/\/www.royalplaza.ch\/de\/wie-sie-uns-finden\/#breadcrumb"},"inLanguage":"de-DE","potentialAction":[{"@type":"ReadAction","target":["https:\/\/www.royalplaza.ch\/de\/wie-sie-uns-finden\/"]}]},{"@type":"BreadcrumbList","@id":"https:\/\/www.royalplaza.ch\/de\/wie-sie-uns-finden\/#breadcrumb","itemListElement":[{"@type":"ListItem","position":1,"name":"Home","item":"https:\/\/www.royalplaza.ch\/de\/"},{"@type":"ListItem","position":2,"name":"Wie Sie uns finden"}]},{"@type":"WebSite","@id":"https:\/\/www.royalplaza.ch\/de\/#website","url":"https:\/\/www.royalplaza.ch\/de\/","name":"Royal Plaza Montreux","description":"","publisher":{"@id":"https:\/\/www.royalplaza.ch\/de\/#organization"},"potentialAction":[{"@type":"SearchAction","target":{"@type":"EntryPoint","urlTemplate":"https:\/\/www.royalplaza.ch\/de\/?s={search_term_string}"},"query-input":"required name=search_term_string"}],"inLanguage":"de-DE"},{"@type":"Organization","@id":"https:\/\/www.royalplaza.ch\/de\/#organization","name":"Royal Plaza Montreux","url":"https:\/\/www.royalplaza.ch\/de\/","logo":{"@type":"ImageObject","inLanguage":"de-DE","@id":"https:\/\/www.royalplaza.ch\/de\/#\/schema\/logo\/image\/","url":"https:\/\/www.royalplaza.ch\/wp-content\/uploads\/sites\/185\/2024\/12\/Plan-de-travail-2.png","contentUrl":"https:\/\/www.royalplaza.ch\/wp-content\/uploads\/sites\/185\/2024\/12\/Plan-de-travail-2.png","width":1200,"height":326,"caption":"Royal Plaza Montreux"},"image":{"@id":"https:\/\/www.royalplaza.ch\/de\/#\/schema\/logo\/image\/"},"sameAs":["https:\/\/www.facebook.com\/hotelroyalplazamtx","https:\/\/www.instagram.com\/hotelroyalplazamtx\/","https:\/\/www.linkedin.com\/company\/royal-plaza-montreux\/"]}]}},"acf":[],"_links":{"self":[{"href":"https:\/\/www.royalplaza.ch\/de\/wp-json\/wp\/v2\/pages\/677"}],"collection":[{"href":"https:\/\/www.royalplaza.ch\/de\/wp-json\/wp\/v2\/pages"}],"about":[{"href":"https:\/\/www.royalplaza.ch\/de\/wp-json\/wp\/v2\/types\/page"}],"author":[{"embeddable":true,"href":"https:\/\/www.royalplaza.ch\/de\/wp-json\/wp\/v2\/users\/124"}],"replies":[{"embeddable":true,"href":"https:\/\/www.royalplaza.ch\/de\/wp-json\/wp\/v2\/comments?post=677"}],"version-history":[{"count":0,"href":"https:\/\/www.royalplaza.ch\/de\/wp-json\/wp\/v2\/pages\/677\/revisions"}],"wp:attachment":[{"href":"https:\/\/www.royalplaza.ch\/de\/wp-json\/wp\/v2\/media?parent=677"}],"curies":[{"name":"wp","href":"https:\/\/api.w.org\/{rel}","templated":true}]}}