{"id":671,"date":"2024-12-02T11:32:50","date_gmt":"2024-12-02T11:32:50","guid":{"rendered":"https:\/\/royal-plaza-montreux.ms2.decms.eu\/cafe-bellagio\/"},"modified":"2026-03-19T15:30:24","modified_gmt":"2026-03-19T15:30:24","slug":"cafe-bellagio","status":"publish","type":"page","link":"https:\/\/www.royalplaza.ch\/de\/restaurant-bars\/cafe-bellagio\/","title":{"rendered":"Caf\u00e9 Bellagio"},"content":{"rendered":"<p style=\"text-align: justify\">Lassen Sie sich von einer warmen &amp; freundlichen Atmosph\u00e4re unseres Restaurants verf\u00fchren, in dem die Natur sich in die R\u00e4umlichkeiten eingeladen zu haben scheint. Sobald Sie sich mit Blick auf den See niedergelassen haben, werden Sie die Bistronomie- &amp; Gourmetk\u00fcche des Executive Chef &amp; seiner Brigade entdecken, die sich nach den Jahreszeiten richtet. Vom Men\u00fc bis zum Teller werden regionale Produkte mit exotischen oder mediterranen Kreationen kombiniert, die die Kindheitserinnerungen des K\u00fcchenchefs widerspiegeln.<\/p>\n<p style=\"text-align: justify\">Im Sommer genie\u00dfen Sie unsere gro\u00dfe schattige Terrasse entlang der blumenreichen Kais von Montreux &amp; nur wenige Schritte vom Genfer See entfernt.<\/p>\n<p style=\"text-align: justify\"><em>Unser Restaurant geh\u00f6rt zu den mit dem Label &#8222;<strong><a href=\"https:\/\/labelfaitmaison.ch\/de\/restaurants-mit-label\/\" target=\"_blank\" rel=\"noopener\">Fait Maison<\/a><\/strong>&#8220; ausgezeichneten Betrieben und garantiert, dass unsere Gerichte vor Ort aus rohen und sorgf\u00e4ltig ausgew\u00e4hlten Zutaten zubereitet werden.<\/em><\/p>\n<p><strong>Restaurant Caf\u00e9 Bellagio<br \/>\n<\/strong><strong>Telefon:<\/strong> +41 21 962 50 61 <strong>|<\/strong>\u00a0<strong>E-mail :<\/strong> <a href=\"mailto:restauration@royalplaza.ch\" target=\"_blank\" rel=\"noopener noreferrer\">restauration@royalplaza.ch<\/a><\/p>\n<p style=\"text-align: justify\"><em>Wenn Sie im Caf\u00e9 Bellagio essen, werden Ihnen 4 Stunden im Parkhaus des Hotels Royal Plaza Montreux geschenkt, au\u00dfer w\u00e4hrend des Montreux Jazz Festival.<\/em><\/p>\n","protected":false},"excerpt":{"rendered":"<p>Lassen Sie sich von einer warmen &amp; freundlichen Atmosph\u00e4re unseres Restaurants verf\u00fchren, in dem die Natur sich in die R\u00e4umlichkeiten eingeladen zu haben scheint. Sobald Sie sich mit Blick auf den See niedergelassen haben, werden Sie die Bistronomie- &amp; Gourmetk\u00fcche des Executive Chef &amp; seiner Brigade entdecken, die sich nach den Jahreszeiten richtet. Vom Men\u00fc [&hellip;]<\/p>\n","protected":false},"author":124,"featured_media":0,"parent":686,"menu_order":0,"comment_status":"closed","ping_status":"closed","template":"template-single-restaurant.php","meta":{"footnotes":""},"yoast_head":"<!-- This site is optimized with the Yoast SEO plugin v22.3 - https:\/\/yoast.com\/wordpress\/plugins\/seo\/ -->\n<title>Caf\u00e9 Bellagio - Royal Plaza Montreux<\/title>\n<meta name=\"description\" content=\"Lassen Sie sich von einer warmen &amp; freundlichen Atmosph\u00e4re unseres Restaurants verf\u00fchren, in dem die Natur sich in die R\u00e4umlichkeiten eingeladen zu haben scheint. Sobald Sie sich mit Blick auf den See niedergelassen haben, werden Sie die Bistronomie- &amp; Gourmetk\u00fcche des Executive Chef &amp; seiner Brigade entdecken, die sich nach den Jahreszeiten richtet\" \/>\n<meta name=\"robots\" content=\"index, follow, max-snippet:-1, max-image-preview:large, max-video-preview:-1\" \/>\n<link rel=\"canonical\" href=\"https:\/\/www.royalplaza.ch\/de\/restaurant-bars\/cafe-bellagio\/\" \/>\n<meta property=\"og:locale\" content=\"de_DE\" \/>\n<meta property=\"og:type\" content=\"article\" \/>\n<meta property=\"og:title\" content=\"Caf\u00e9 Bellagio - Royal Plaza Montreux\" \/>\n<meta property=\"og:description\" content=\"Lassen Sie sich von einer warmen &amp; freundlichen Atmosph\u00e4re unseres Restaurants verf\u00fchren, in dem die Natur sich in die R\u00e4umlichkeiten eingeladen zu haben scheint. Sobald Sie sich mit Blick auf den See niedergelassen haben, werden Sie die Bistronomie- &amp; Gourmetk\u00fcche des Executive Chef &amp; seiner Brigade entdecken, die sich nach den Jahreszeiten richtet\" \/>\n<meta property=\"og:url\" content=\"https:\/\/www.royalplaza.ch\/de\/restaurant-bars\/cafe-bellagio\/\" \/>\n<meta property=\"og:site_name\" content=\"Royal Plaza Montreux\" \/>\n<meta property=\"article:publisher\" content=\"https:\/\/www.facebook.com\/hotelroyalplazamtx\" \/>\n<meta property=\"article:modified_time\" content=\"2026-03-19T15:30:24+00:00\" \/>\n<meta name=\"twitter:card\" content=\"summary_large_image\" \/>\n<meta name=\"twitter:label1\" content=\"Gesch\u00e4tzte Lesezeit\" \/>\n\t<meta name=\"twitter:data1\" content=\"1 Minute\" \/>\n<script type=\"application\/ld+json\" class=\"yoast-schema-graph\">{\"@context\":\"https:\/\/schema.org\",\"@graph\":[{\"@type\":\"WebPage\",\"@id\":\"https:\/\/www.royalplaza.ch\/de\/restaurant-bars\/cafe-bellagio\/\",\"url\":\"https:\/\/www.royalplaza.ch\/de\/restaurant-bars\/cafe-bellagio\/\",\"name\":\"Caf\u00e9 Bellagio - Royal Plaza Montreux\",\"isPartOf\":{\"@id\":\"https:\/\/www.royalplaza.ch\/de\/#website\"},\"datePublished\":\"2024-12-02T11:32:50+00:00\",\"dateModified\":\"2026-03-19T15:30:24+00:00\",\"description\":\"Lassen Sie sich von einer warmen &amp; freundlichen Atmosph\u00e4re unseres Restaurants verf\u00fchren, in dem die Natur sich in die R\u00e4umlichkeiten eingeladen zu haben scheint. Sobald Sie sich mit Blick auf den See niedergelassen haben, werden Sie die Bistronomie- &amp; Gourmetk\u00fcche des Executive Chef &amp; seiner Brigade entdecken, die sich nach den Jahreszeiten richtet\",\"breadcrumb\":{\"@id\":\"https:\/\/www.royalplaza.ch\/de\/restaurant-bars\/cafe-bellagio\/#breadcrumb\"},\"inLanguage\":\"de-DE\",\"potentialAction\":[{\"@type\":\"ReadAction\",\"target\":[\"https:\/\/www.royalplaza.ch\/de\/restaurant-bars\/cafe-bellagio\/\"]}]},{\"@type\":\"BreadcrumbList\",\"@id\":\"https:\/\/www.royalplaza.ch\/de\/restaurant-bars\/cafe-bellagio\/#breadcrumb\",\"itemListElement\":[{\"@type\":\"ListItem\",\"position\":1,\"name\":\"Home\",\"item\":\"https:\/\/www.royalplaza.ch\/de\/\"},{\"@type\":\"ListItem\",\"position\":2,\"name\":\"Restaurant &amp; Bars\",\"item\":\"https:\/\/www.royalplaza.ch\/de\/restaurant-bars\/\"},{\"@type\":\"ListItem\",\"position\":3,\"name\":\"Caf\u00e9 Bellagio\"}]},{\"@type\":\"WebSite\",\"@id\":\"https:\/\/www.royalplaza.ch\/de\/#website\",\"url\":\"https:\/\/www.royalplaza.ch\/de\/\",\"name\":\"Royal Plaza Montreux\",\"description\":\"\",\"publisher\":{\"@id\":\"https:\/\/www.royalplaza.ch\/de\/#organization\"},\"potentialAction\":[{\"@type\":\"SearchAction\",\"target\":{\"@type\":\"EntryPoint\",\"urlTemplate\":\"https:\/\/www.royalplaza.ch\/de\/?s={search_term_string}\"},\"query-input\":\"required name=search_term_string\"}],\"inLanguage\":\"de-DE\"},{\"@type\":\"Organization\",\"@id\":\"https:\/\/www.royalplaza.ch\/de\/#organization\",\"name\":\"Royal Plaza Montreux\",\"url\":\"https:\/\/www.royalplaza.ch\/de\/\",\"logo\":{\"@type\":\"ImageObject\",\"inLanguage\":\"de-DE\",\"@id\":\"https:\/\/www.royalplaza.ch\/de\/#\/schema\/logo\/image\/\",\"url\":\"https:\/\/www.royalplaza.ch\/wp-content\/uploads\/sites\/185\/2024\/12\/Plan-de-travail-2.png\",\"contentUrl\":\"https:\/\/www.royalplaza.ch\/wp-content\/uploads\/sites\/185\/2024\/12\/Plan-de-travail-2.png\",\"width\":1200,\"height\":326,\"caption\":\"Royal Plaza Montreux\"},\"image\":{\"@id\":\"https:\/\/www.royalplaza.ch\/de\/#\/schema\/logo\/image\/\"},\"sameAs\":[\"https:\/\/www.facebook.com\/hotelroyalplazamtx\",\"https:\/\/www.instagram.com\/hotelroyalplazamtx\/\",\"https:\/\/www.linkedin.com\/company\/royal-plaza-montreux\/\"]}]}<\/script>\n<!-- \/ Yoast SEO plugin. -->","yoast_head_json":{"title":"Caf\u00e9 Bellagio - Royal Plaza Montreux","description":"Lassen Sie sich von einer warmen &amp; freundlichen Atmosph\u00e4re unseres Restaurants verf\u00fchren, in dem die Natur sich in die R\u00e4umlichkeiten eingeladen zu haben scheint. Sobald Sie sich mit Blick auf den See niedergelassen haben, werden Sie die Bistronomie- &amp; Gourmetk\u00fcche des Executive Chef &amp; seiner Brigade entdecken, die sich nach den Jahreszeiten richtet","robots":{"index":"index","follow":"follow","max-snippet":"max-snippet:-1","max-image-preview":"max-image-preview:large","max-video-preview":"max-video-preview:-1"},"canonical":"https:\/\/www.royalplaza.ch\/de\/restaurant-bars\/cafe-bellagio\/","og_locale":"de_DE","og_type":"article","og_title":"Caf\u00e9 Bellagio - Royal Plaza Montreux","og_description":"Lassen Sie sich von einer warmen &amp; freundlichen Atmosph\u00e4re unseres Restaurants verf\u00fchren, in dem die Natur sich in die R\u00e4umlichkeiten eingeladen zu haben scheint. Sobald Sie sich mit Blick auf den See niedergelassen haben, werden Sie die Bistronomie- &amp; Gourmetk\u00fcche des Executive Chef &amp; seiner Brigade entdecken, die sich nach den Jahreszeiten richtet","og_url":"https:\/\/www.royalplaza.ch\/de\/restaurant-bars\/cafe-bellagio\/","og_site_name":"Royal Plaza Montreux","article_publisher":"https:\/\/www.facebook.com\/hotelroyalplazamtx","article_modified_time":"2026-03-19T15:30:24+00:00","twitter_card":"summary_large_image","twitter_misc":{"Gesch\u00e4tzte Lesezeit":"1 Minute"},"schema":{"@context":"https:\/\/schema.org","@graph":[{"@type":"WebPage","@id":"https:\/\/www.royalplaza.ch\/de\/restaurant-bars\/cafe-bellagio\/","url":"https:\/\/www.royalplaza.ch\/de\/restaurant-bars\/cafe-bellagio\/","name":"Caf\u00e9 Bellagio - Royal Plaza Montreux","isPartOf":{"@id":"https:\/\/www.royalplaza.ch\/de\/#website"},"datePublished":"2024-12-02T11:32:50+00:00","dateModified":"2026-03-19T15:30:24+00:00","description":"Lassen Sie sich von einer warmen &amp; freundlichen Atmosph\u00e4re unseres Restaurants verf\u00fchren, in dem die Natur sich in die R\u00e4umlichkeiten eingeladen zu haben scheint. Sobald Sie sich mit Blick auf den See niedergelassen haben, werden Sie die Bistronomie- &amp; Gourmetk\u00fcche des Executive Chef &amp; seiner Brigade entdecken, die sich nach den Jahreszeiten richtet","breadcrumb":{"@id":"https:\/\/www.royalplaza.ch\/de\/restaurant-bars\/cafe-bellagio\/#breadcrumb"},"inLanguage":"de-DE","potentialAction":[{"@type":"ReadAction","target":["https:\/\/www.royalplaza.ch\/de\/restaurant-bars\/cafe-bellagio\/"]}]},{"@type":"BreadcrumbList","@id":"https:\/\/www.royalplaza.ch\/de\/restaurant-bars\/cafe-bellagio\/#breadcrumb","itemListElement":[{"@type":"ListItem","position":1,"name":"Home","item":"https:\/\/www.royalplaza.ch\/de\/"},{"@type":"ListItem","position":2,"name":"Restaurant &amp; Bars","item":"https:\/\/www.royalplaza.ch\/de\/restaurant-bars\/"},{"@type":"ListItem","position":3,"name":"Caf\u00e9 Bellagio"}]},{"@type":"WebSite","@id":"https:\/\/www.royalplaza.ch\/de\/#website","url":"https:\/\/www.royalplaza.ch\/de\/","name":"Royal Plaza Montreux","description":"","publisher":{"@id":"https:\/\/www.royalplaza.ch\/de\/#organization"},"potentialAction":[{"@type":"SearchAction","target":{"@type":"EntryPoint","urlTemplate":"https:\/\/www.royalplaza.ch\/de\/?s={search_term_string}"},"query-input":"required name=search_term_string"}],"inLanguage":"de-DE"},{"@type":"Organization","@id":"https:\/\/www.royalplaza.ch\/de\/#organization","name":"Royal Plaza Montreux","url":"https:\/\/www.royalplaza.ch\/de\/","logo":{"@type":"ImageObject","inLanguage":"de-DE","@id":"https:\/\/www.royalplaza.ch\/de\/#\/schema\/logo\/image\/","url":"https:\/\/www.royalplaza.ch\/wp-content\/uploads\/sites\/185\/2024\/12\/Plan-de-travail-2.png","contentUrl":"https:\/\/www.royalplaza.ch\/wp-content\/uploads\/sites\/185\/2024\/12\/Plan-de-travail-2.png","width":1200,"height":326,"caption":"Royal Plaza Montreux"},"image":{"@id":"https:\/\/www.royalplaza.ch\/de\/#\/schema\/logo\/image\/"},"sameAs":["https:\/\/www.facebook.com\/hotelroyalplazamtx","https:\/\/www.instagram.com\/hotelroyalplazamtx\/","https:\/\/www.linkedin.com\/company\/royal-plaza-montreux\/"]}]}},"acf":[],"_links":{"self":[{"href":"https:\/\/www.royalplaza.ch\/de\/wp-json\/wp\/v2\/pages\/671"}],"collection":[{"href":"https:\/\/www.royalplaza.ch\/de\/wp-json\/wp\/v2\/pages"}],"about":[{"href":"https:\/\/www.royalplaza.ch\/de\/wp-json\/wp\/v2\/types\/page"}],"author":[{"embeddable":true,"href":"https:\/\/www.royalplaza.ch\/de\/wp-json\/wp\/v2\/users\/124"}],"replies":[{"embeddable":true,"href":"https:\/\/www.royalplaza.ch\/de\/wp-json\/wp\/v2\/comments?post=671"}],"version-history":[{"count":0,"href":"https:\/\/www.royalplaza.ch\/de\/wp-json\/wp\/v2\/pages\/671\/revisions"}],"up":[{"embeddable":true,"href":"https:\/\/www.royalplaza.ch\/de\/wp-json\/wp\/v2\/pages\/686"}],"wp:attachment":[{"href":"https:\/\/www.royalplaza.ch\/de\/wp-json\/wp\/v2\/media?parent=671"}],"curies":[{"name":"wp","href":"https:\/\/api.w.org\/{rel}","templated":true}]}}