{"id":670,"date":"2024-12-02T11:46:20","date_gmt":"2024-12-02T11:46:20","guid":{"rendered":"https:\/\/royal-plaza-montreux.ms2.decms.eu\/nos-offres-speciales\/"},"modified":"2025-06-20T09:58:59","modified_gmt":"2025-06-20T09:58:59","slug":"unsere-sonderangebote","status":"publish","type":"page","link":"https:\/\/www.royalplaza.ch\/de\/unsere-sonderangebote\/","title":{"rendered":"Unsere Sonderangebote"},"content":{"rendered":"<p style=\"text-align: justify;\">Um Ihnen daf\u00fcr zu danken, dass Sie unser Hotel direkt \u00fcber unsere Website gebucht haben, &amp; f\u00fcr das Vertrauen, das Sie uns entgegenbringen, erhalten Sie das ganze Jahr \u00fcber, je nach Verf\u00fcgbarkeit &amp; ohne Sonderbedingungen einen Rabatt von 10% mit dem Promotionscode <strong>ROYALPRIVILEGE<\/strong> (nur online g\u00fcltig)!<\/p>\n<p style=\"text-align: justify;\">Das ganze Jahr \u00fcber profitieren Sie von unseren Sonderangeboten f\u00fcr Kurz- &amp; Langzeitaufenthalte mit flexiblen Bedingungen, die Ihnen erm\u00f6glichen, bis zu 20 % zu sparen, wenn Sie Ihr Zimmer f\u00fcr 2 Personen im Voraus buchen. Neben unseren permanenten Pauschalangeboten k\u00f6nnen Sie sich auch von unseren exklusiven Angeboten zu besonderen Anl\u00e4ssen wie dem Weihnachtsmarkt, dem Valentinstag, Ostern oder dem Schweizer Nationalfeiertag verf\u00fchren lassen. Erleben Sie ein unvergessliches Erlebnis im Herzen der Montreux Riviera!<\/p>\n<p style=\"text-align: justify;\">Je nach gebuchtem Tarif k\u00f6nnen Sie von den angebotenen Vorteilen profitieren, wie z. B. 10% Rabatt im Restaurant<strong> <a href=\"https:\/\/royal-plaza-montreux.ms2.decms.eu\/de\/restaurant-bars\/cafe-bellagio\/\" target=\"_blank\" rel=\"noopener noreferrer\">Caf\u00e9 Bellagio<\/a><\/strong> (ohne Getr\u00e4nke &amp; Festtagsmen\u00fcs), ein Minibar-Guthaben von CHF 10 pro Tag, sowie Erm\u00e4\u00dfigungen auf das Parken oder das Fr\u00fchst\u00fcck.<\/p>\n<p style=\"text-align: justify;\">Wir hoffen, dass Sie ein Angebot finden, das Ihren W\u00fcnschen entspricht &amp; Ihnen einen unvergesslichen Aufenthalt an der Riviera erm\u00f6glicht.<\/p>\n","protected":false},"excerpt":{"rendered":"<p>Um Ihnen daf\u00fcr zu danken, dass Sie unser Hotel direkt \u00fcber unsere Website gebucht haben, &amp; f\u00fcr das Vertrauen, das Sie uns entgegenbringen, erhalten Sie das ganze Jahr \u00fcber, je nach Verf\u00fcgbarkeit &amp; ohne Sonderbedingungen einen Rabatt von 10% mit dem Promotionscode ROYALPRIVILEGE (nur online g\u00fcltig)! Das ganze Jahr \u00fcber profitieren Sie von unseren Sonderangeboten [&hellip;]<\/p>\n","protected":false},"author":124,"featured_media":0,"parent":0,"menu_order":70,"comment_status":"closed","ping_status":"closed","template":"template-offers.php","meta":{"footnotes":""},"yoast_head":"<!-- This site is optimized with the Yoast SEO plugin v22.3 - https:\/\/yoast.com\/wordpress\/plugins\/seo\/ -->\n<title>Unsere Sonderangebote - Royal Plaza Montreux<\/title>\n<meta name=\"description\" content=\"Um Ihnen daf\u00fcr zu danken, dass Sie unser Hotel direkt \u00fcber unsere Website gebucht haben, &amp; f\u00fcr das Vertrauen, das Sie uns entgegenbringen, erhalten Sie das ganze Jahr \u00fcber, je nach Verf\u00fcgbarkeit &amp; ohne Sonderbedingungen einen Rabatt von 10% mit dem Promotionscode ROYALPRIVILEGE (nur online g\u00fcltig)! Das ganze Jahr \u00fcber profitieren Sie von unseren Sonderangeboten f\u00fcr Kurz- &amp; Langzeitaufenthalte mit flexiblen Bedingungen, die Ihnen erm\u00f6glichen, bis zu 20 % zu sparen, wenn Sie Ihr Zimmer f\u00fcr 2 Personen im Voraus buchen. Neben unseren permanenten Pauschalangeboten k\u00f6nnen Sie sich auch von unseren exklusiven Angeboten zu besonderen Anl\u00e4ssen wie dem Weihnachtsmarkt, dem Valentinstag, Ostern oder dem Schweizer Nationalfeiertag verf\u00fchren lassen\" \/>\n<meta name=\"robots\" content=\"index, follow, max-snippet:-1, max-image-preview:large, max-video-preview:-1\" \/>\n<link rel=\"canonical\" href=\"https:\/\/www.royalplaza.ch\/de\/unsere-sonderangebote\/\" \/>\n<meta property=\"og:locale\" content=\"de_DE\" \/>\n<meta property=\"og:type\" content=\"article\" \/>\n<meta property=\"og:title\" content=\"Unsere Sonderangebote - Royal Plaza Montreux\" \/>\n<meta property=\"og:description\" content=\"Um Ihnen daf\u00fcr zu danken, dass Sie unser Hotel direkt \u00fcber unsere Website gebucht haben, &amp; f\u00fcr das Vertrauen, das Sie uns entgegenbringen, erhalten Sie das ganze Jahr \u00fcber, je nach Verf\u00fcgbarkeit &amp; ohne Sonderbedingungen einen Rabatt von 10% mit dem Promotionscode ROYALPRIVILEGE (nur online g\u00fcltig)! Das ganze Jahr \u00fcber profitieren Sie von unseren Sonderangeboten f\u00fcr Kurz- &amp; Langzeitaufenthalte mit flexiblen Bedingungen, die Ihnen erm\u00f6glichen, bis zu 20 % zu sparen, wenn Sie Ihr Zimmer f\u00fcr 2 Personen im Voraus buchen. Neben unseren permanenten Pauschalangeboten k\u00f6nnen Sie sich auch von unseren exklusiven Angeboten zu besonderen Anl\u00e4ssen wie dem Weihnachtsmarkt, dem Valentinstag, Ostern oder dem Schweizer Nationalfeiertag verf\u00fchren lassen\" \/>\n<meta property=\"og:url\" content=\"https:\/\/www.royalplaza.ch\/de\/unsere-sonderangebote\/\" \/>\n<meta property=\"og:site_name\" content=\"Royal Plaza Montreux\" \/>\n<meta property=\"article:publisher\" content=\"https:\/\/www.facebook.com\/hotelroyalplazamtx\" \/>\n<meta property=\"article:modified_time\" content=\"2025-06-20T09:58:59+00:00\" \/>\n<meta name=\"twitter:card\" content=\"summary_large_image\" \/>\n<meta name=\"twitter:label1\" content=\"Gesch\u00e4tzte Lesezeit\" \/>\n\t<meta name=\"twitter:data1\" content=\"1 Minute\" \/>\n<script type=\"application\/ld+json\" class=\"yoast-schema-graph\">{\"@context\":\"https:\/\/schema.org\",\"@graph\":[{\"@type\":\"WebPage\",\"@id\":\"https:\/\/www.royalplaza.ch\/de\/unsere-sonderangebote\/\",\"url\":\"https:\/\/www.royalplaza.ch\/de\/unsere-sonderangebote\/\",\"name\":\"Unsere Sonderangebote - Royal Plaza Montreux\",\"isPartOf\":{\"@id\":\"https:\/\/www.royalplaza.ch\/de\/#website\"},\"datePublished\":\"2024-12-02T11:46:20+00:00\",\"dateModified\":\"2025-06-20T09:58:59+00:00\",\"description\":\"Um Ihnen daf\u00fcr zu danken, dass Sie unser Hotel direkt \u00fcber unsere Website gebucht haben, &amp; f\u00fcr das Vertrauen, das Sie uns entgegenbringen, erhalten Sie das ganze Jahr \u00fcber, je nach Verf\u00fcgbarkeit &amp; ohne Sonderbedingungen einen Rabatt von 10% mit dem Promotionscode ROYALPRIVILEGE (nur online g\u00fcltig)! Das ganze Jahr \u00fcber profitieren Sie von unseren Sonderangeboten f\u00fcr Kurz- &amp; Langzeitaufenthalte mit flexiblen Bedingungen, die Ihnen erm\u00f6glichen, bis zu 20 % zu sparen, wenn Sie Ihr Zimmer f\u00fcr 2 Personen im Voraus buchen. Neben unseren permanenten Pauschalangeboten k\u00f6nnen Sie sich auch von unseren exklusiven Angeboten zu besonderen Anl\u00e4ssen wie dem Weihnachtsmarkt, dem Valentinstag, Ostern oder dem Schweizer Nationalfeiertag verf\u00fchren lassen\",\"breadcrumb\":{\"@id\":\"https:\/\/www.royalplaza.ch\/de\/unsere-sonderangebote\/#breadcrumb\"},\"inLanguage\":\"de-DE\",\"potentialAction\":[{\"@type\":\"ReadAction\",\"target\":[\"https:\/\/www.royalplaza.ch\/de\/unsere-sonderangebote\/\"]}]},{\"@type\":\"BreadcrumbList\",\"@id\":\"https:\/\/www.royalplaza.ch\/de\/unsere-sonderangebote\/#breadcrumb\",\"itemListElement\":[{\"@type\":\"ListItem\",\"position\":1,\"name\":\"Home\",\"item\":\"https:\/\/www.royalplaza.ch\/de\/\"},{\"@type\":\"ListItem\",\"position\":2,\"name\":\"Unsere Sonderangebote\"}]},{\"@type\":\"WebSite\",\"@id\":\"https:\/\/www.royalplaza.ch\/de\/#website\",\"url\":\"https:\/\/www.royalplaza.ch\/de\/\",\"name\":\"Royal Plaza Montreux\",\"description\":\"\",\"publisher\":{\"@id\":\"https:\/\/www.royalplaza.ch\/de\/#organization\"},\"potentialAction\":[{\"@type\":\"SearchAction\",\"target\":{\"@type\":\"EntryPoint\",\"urlTemplate\":\"https:\/\/www.royalplaza.ch\/de\/?s={search_term_string}\"},\"query-input\":\"required name=search_term_string\"}],\"inLanguage\":\"de-DE\"},{\"@type\":\"Organization\",\"@id\":\"https:\/\/www.royalplaza.ch\/de\/#organization\",\"name\":\"Royal Plaza Montreux\",\"url\":\"https:\/\/www.royalplaza.ch\/de\/\",\"logo\":{\"@type\":\"ImageObject\",\"inLanguage\":\"de-DE\",\"@id\":\"https:\/\/www.royalplaza.ch\/de\/#\/schema\/logo\/image\/\",\"url\":\"https:\/\/www.royalplaza.ch\/wp-content\/uploads\/sites\/185\/2024\/12\/Plan-de-travail-2.png\",\"contentUrl\":\"https:\/\/www.royalplaza.ch\/wp-content\/uploads\/sites\/185\/2024\/12\/Plan-de-travail-2.png\",\"width\":1200,\"height\":326,\"caption\":\"Royal Plaza Montreux\"},\"image\":{\"@id\":\"https:\/\/www.royalplaza.ch\/de\/#\/schema\/logo\/image\/\"},\"sameAs\":[\"https:\/\/www.facebook.com\/hotelroyalplazamtx\",\"https:\/\/www.instagram.com\/hotelroyalplazamtx\/\",\"https:\/\/www.linkedin.com\/company\/royal-plaza-montreux\/\"]}]}<\/script>\n<!-- \/ Yoast SEO plugin. -->","yoast_head_json":{"title":"Unsere Sonderangebote - Royal Plaza Montreux","description":"Um Ihnen daf\u00fcr zu danken, dass Sie unser Hotel direkt \u00fcber unsere Website gebucht haben, &amp; f\u00fcr das Vertrauen, das Sie uns entgegenbringen, erhalten Sie das ganze Jahr \u00fcber, je nach Verf\u00fcgbarkeit &amp; ohne Sonderbedingungen einen Rabatt von 10% mit dem Promotionscode ROYALPRIVILEGE (nur online g\u00fcltig)! Das ganze Jahr \u00fcber profitieren Sie von unseren Sonderangeboten f\u00fcr Kurz- &amp; Langzeitaufenthalte mit flexiblen Bedingungen, die Ihnen erm\u00f6glichen, bis zu 20 % zu sparen, wenn Sie Ihr Zimmer f\u00fcr 2 Personen im Voraus buchen. Neben unseren permanenten Pauschalangeboten k\u00f6nnen Sie sich auch von unseren exklusiven Angeboten zu besonderen Anl\u00e4ssen wie dem Weihnachtsmarkt, dem Valentinstag, Ostern oder dem Schweizer Nationalfeiertag verf\u00fchren lassen","robots":{"index":"index","follow":"follow","max-snippet":"max-snippet:-1","max-image-preview":"max-image-preview:large","max-video-preview":"max-video-preview:-1"},"canonical":"https:\/\/www.royalplaza.ch\/de\/unsere-sonderangebote\/","og_locale":"de_DE","og_type":"article","og_title":"Unsere Sonderangebote - Royal Plaza Montreux","og_description":"Um Ihnen daf\u00fcr zu danken, dass Sie unser Hotel direkt \u00fcber unsere Website gebucht haben, &amp; f\u00fcr das Vertrauen, das Sie uns entgegenbringen, erhalten Sie das ganze Jahr \u00fcber, je nach Verf\u00fcgbarkeit &amp; ohne Sonderbedingungen einen Rabatt von 10% mit dem Promotionscode ROYALPRIVILEGE (nur online g\u00fcltig)! Das ganze Jahr \u00fcber profitieren Sie von unseren Sonderangeboten f\u00fcr Kurz- &amp; Langzeitaufenthalte mit flexiblen Bedingungen, die Ihnen erm\u00f6glichen, bis zu 20 % zu sparen, wenn Sie Ihr Zimmer f\u00fcr 2 Personen im Voraus buchen. Neben unseren permanenten Pauschalangeboten k\u00f6nnen Sie sich auch von unseren exklusiven Angeboten zu besonderen Anl\u00e4ssen wie dem Weihnachtsmarkt, dem Valentinstag, Ostern oder dem Schweizer Nationalfeiertag verf\u00fchren lassen","og_url":"https:\/\/www.royalplaza.ch\/de\/unsere-sonderangebote\/","og_site_name":"Royal Plaza Montreux","article_publisher":"https:\/\/www.facebook.com\/hotelroyalplazamtx","article_modified_time":"2025-06-20T09:58:59+00:00","twitter_card":"summary_large_image","twitter_misc":{"Gesch\u00e4tzte Lesezeit":"1 Minute"},"schema":{"@context":"https:\/\/schema.org","@graph":[{"@type":"WebPage","@id":"https:\/\/www.royalplaza.ch\/de\/unsere-sonderangebote\/","url":"https:\/\/www.royalplaza.ch\/de\/unsere-sonderangebote\/","name":"Unsere Sonderangebote - Royal Plaza Montreux","isPartOf":{"@id":"https:\/\/www.royalplaza.ch\/de\/#website"},"datePublished":"2024-12-02T11:46:20+00:00","dateModified":"2025-06-20T09:58:59+00:00","description":"Um Ihnen daf\u00fcr zu danken, dass Sie unser Hotel direkt \u00fcber unsere Website gebucht haben, &amp; f\u00fcr das Vertrauen, das Sie uns entgegenbringen, erhalten Sie das ganze Jahr \u00fcber, je nach Verf\u00fcgbarkeit &amp; ohne Sonderbedingungen einen Rabatt von 10% mit dem Promotionscode ROYALPRIVILEGE (nur online g\u00fcltig)! Das ganze Jahr \u00fcber profitieren Sie von unseren Sonderangeboten f\u00fcr Kurz- &amp; Langzeitaufenthalte mit flexiblen Bedingungen, die Ihnen erm\u00f6glichen, bis zu 20 % zu sparen, wenn Sie Ihr Zimmer f\u00fcr 2 Personen im Voraus buchen. Neben unseren permanenten Pauschalangeboten k\u00f6nnen Sie sich auch von unseren exklusiven Angeboten zu besonderen Anl\u00e4ssen wie dem Weihnachtsmarkt, dem Valentinstag, Ostern oder dem Schweizer Nationalfeiertag verf\u00fchren lassen","breadcrumb":{"@id":"https:\/\/www.royalplaza.ch\/de\/unsere-sonderangebote\/#breadcrumb"},"inLanguage":"de-DE","potentialAction":[{"@type":"ReadAction","target":["https:\/\/www.royalplaza.ch\/de\/unsere-sonderangebote\/"]}]},{"@type":"BreadcrumbList","@id":"https:\/\/www.royalplaza.ch\/de\/unsere-sonderangebote\/#breadcrumb","itemListElement":[{"@type":"ListItem","position":1,"name":"Home","item":"https:\/\/www.royalplaza.ch\/de\/"},{"@type":"ListItem","position":2,"name":"Unsere Sonderangebote"}]},{"@type":"WebSite","@id":"https:\/\/www.royalplaza.ch\/de\/#website","url":"https:\/\/www.royalplaza.ch\/de\/","name":"Royal Plaza Montreux","description":"","publisher":{"@id":"https:\/\/www.royalplaza.ch\/de\/#organization"},"potentialAction":[{"@type":"SearchAction","target":{"@type":"EntryPoint","urlTemplate":"https:\/\/www.royalplaza.ch\/de\/?s={search_term_string}"},"query-input":"required name=search_term_string"}],"inLanguage":"de-DE"},{"@type":"Organization","@id":"https:\/\/www.royalplaza.ch\/de\/#organization","name":"Royal Plaza Montreux","url":"https:\/\/www.royalplaza.ch\/de\/","logo":{"@type":"ImageObject","inLanguage":"de-DE","@id":"https:\/\/www.royalplaza.ch\/de\/#\/schema\/logo\/image\/","url":"https:\/\/www.royalplaza.ch\/wp-content\/uploads\/sites\/185\/2024\/12\/Plan-de-travail-2.png","contentUrl":"https:\/\/www.royalplaza.ch\/wp-content\/uploads\/sites\/185\/2024\/12\/Plan-de-travail-2.png","width":1200,"height":326,"caption":"Royal Plaza Montreux"},"image":{"@id":"https:\/\/www.royalplaza.ch\/de\/#\/schema\/logo\/image\/"},"sameAs":["https:\/\/www.facebook.com\/hotelroyalplazamtx","https:\/\/www.instagram.com\/hotelroyalplazamtx\/","https:\/\/www.linkedin.com\/company\/royal-plaza-montreux\/"]}]}},"acf":[],"_links":{"self":[{"href":"https:\/\/www.royalplaza.ch\/de\/wp-json\/wp\/v2\/pages\/670"}],"collection":[{"href":"https:\/\/www.royalplaza.ch\/de\/wp-json\/wp\/v2\/pages"}],"about":[{"href":"https:\/\/www.royalplaza.ch\/de\/wp-json\/wp\/v2\/types\/page"}],"author":[{"embeddable":true,"href":"https:\/\/www.royalplaza.ch\/de\/wp-json\/wp\/v2\/users\/124"}],"replies":[{"embeddable":true,"href":"https:\/\/www.royalplaza.ch\/de\/wp-json\/wp\/v2\/comments?post=670"}],"version-history":[{"count":0,"href":"https:\/\/www.royalplaza.ch\/de\/wp-json\/wp\/v2\/pages\/670\/revisions"}],"wp:attachment":[{"href":"https:\/\/www.royalplaza.ch\/de\/wp-json\/wp\/v2\/media?parent=670"}],"curies":[{"name":"wp","href":"https:\/\/api.w.org\/{rel}","templated":true}]}}