{"id":662,"date":"2024-12-04T15:53:40","date_gmt":"2024-12-04T15:53:40","guid":{"rendered":"https:\/\/royal-plaza-montreux.ms2.decms.eu\/konferenzen-bankette\/suite-royale\/"},"modified":"2025-06-24T12:36:26","modified_gmt":"2025-06-24T12:36:26","slug":"royal-suite","status":"publish","type":"page","link":"https:\/\/www.royalplaza.ch\/de\/konferenzen-bankette\/royal-suite\/","title":{"rendered":"Royal Suite"},"content":{"rendered":"<p style=\"text-align: justify;\">Mit einer Fl\u00e4che von 340 m\u00b2 &amp; einer Terrasse von 120 m\u00b2 ist dies die gr\u00f6\u00dfte Suite der Riviera! G\u00f6nnen Sie sich einen \u201eRoyal\u201c Tag &amp; genie\u00dfen Sie einen au\u00dfergew\u00f6hnlichen Raum, der vollst\u00e4ndig privatisiert &amp; f\u00fcr Ihre Meetings &amp; Konferenzen ausgestattet werden kann. Bieten Sie Ihren G\u00e4sten einen unvergesslichen Moment mit einem Aperitif oder einer Kaffeepause auf der Terrasse. Der Au\u00dfenwhirlpool erg\u00e4nzt den Loungebereich &amp; bietet den perfekten Ort f\u00fcr gesellige Momente mit Kollegen, w\u00e4hrend Sie den Blick auf den Genfersee &amp; die Berge bewundern.<\/p>\n<p style=\"text-align: justify;\">Die Royal Suite ist der ideale Ort, um Arbeit &amp;\u00a0Vergn\u00fcgen zu verbinden und bietet eine einzigartige und unvergessliche Erfahrung f\u00fcr all Ihre Meetings und Teamausfl\u00fcge.<\/p>\n<p style=\"text-align: justify;\">Zum Komfort der Organisatoren stehen zwei Schlafzimmer zur Verf\u00fcgung, um nach Ihrer Veranstaltung direkt in der Royal Suite zu \u00fcbernachten.<\/p>\n","protected":false},"excerpt":{"rendered":"<p>Mit einer Fl\u00e4che von 340 m\u00b2 &amp; einer Terrasse von 120 m\u00b2 ist dies die gr\u00f6\u00dfte Suite der Riviera! G\u00f6nnen Sie sich einen \u201eRoyal\u201c Tag &amp; genie\u00dfen Sie einen au\u00dfergew\u00f6hnlichen Raum, der vollst\u00e4ndig privatisiert &amp; f\u00fcr Ihre Meetings &amp; Konferenzen ausgestattet werden kann. Bieten Sie Ihren G\u00e4sten einen unvergesslichen Moment mit einem Aperitif oder einer [&hellip;]<\/p>\n","protected":false},"author":124,"featured_media":0,"parent":653,"menu_order":0,"comment_status":"closed","ping_status":"closed","template":"template-meeting.php","meta":{"footnotes":""},"yoast_head":"<!-- This site is optimized with the Yoast SEO plugin v22.3 - https:\/\/yoast.com\/wordpress\/plugins\/seo\/ -->\n<title>Royal Suite - Royal Plaza Montreux<\/title>\n<meta name=\"description\" content=\"Mit einer Fl\u00e4che von 340 m\u00b2 &amp; einer Terrasse von 120 m\u00b2 ist dies die gr\u00f6\u00dfte Suite der Riviera! G\u00f6nnen Sie sich einen \u201eRoyal\u201c Tag &amp; genie\u00dfen Sie einen au\u00dfergew\u00f6hnlichen Raum, der vollst\u00e4ndig privatisiert &amp; f\u00fcr Ihre Meetings &amp; Konferenzen ausgestattet werden kann. Bieten Sie Ihren G\u00e4sten einen unvergesslichen Moment mit einem Aperitif oder einer Kaffeepause auf der Terrasse\" \/>\n<meta name=\"robots\" content=\"index, follow, max-snippet:-1, max-image-preview:large, max-video-preview:-1\" \/>\n<link rel=\"canonical\" href=\"https:\/\/www.royalplaza.ch\/de\/konferenzen-bankette\/royal-suite\/\" \/>\n<meta property=\"og:locale\" content=\"de_DE\" \/>\n<meta property=\"og:type\" content=\"article\" \/>\n<meta property=\"og:title\" content=\"Royal Suite - Royal Plaza Montreux\" \/>\n<meta property=\"og:description\" content=\"Mit einer Fl\u00e4che von 340 m\u00b2 &amp; einer Terrasse von 120 m\u00b2 ist dies die gr\u00f6\u00dfte Suite der Riviera! G\u00f6nnen Sie sich einen \u201eRoyal\u201c Tag &amp; genie\u00dfen Sie einen au\u00dfergew\u00f6hnlichen Raum, der vollst\u00e4ndig privatisiert &amp; f\u00fcr Ihre Meetings &amp; Konferenzen ausgestattet werden kann. Bieten Sie Ihren G\u00e4sten einen unvergesslichen Moment mit einem Aperitif oder einer Kaffeepause auf der Terrasse\" \/>\n<meta property=\"og:url\" content=\"https:\/\/www.royalplaza.ch\/de\/konferenzen-bankette\/royal-suite\/\" \/>\n<meta property=\"og:site_name\" content=\"Royal Plaza Montreux\" \/>\n<meta property=\"article:publisher\" content=\"https:\/\/www.facebook.com\/hotelroyalplazamtx\" \/>\n<meta property=\"article:modified_time\" content=\"2025-06-24T12:36:26+00:00\" \/>\n<meta name=\"twitter:card\" content=\"summary_large_image\" \/>\n<meta name=\"twitter:label1\" content=\"Gesch\u00e4tzte Lesezeit\" \/>\n\t<meta name=\"twitter:data1\" content=\"1 Minute\" \/>\n<script type=\"application\/ld+json\" class=\"yoast-schema-graph\">{\"@context\":\"https:\/\/schema.org\",\"@graph\":[{\"@type\":\"WebPage\",\"@id\":\"https:\/\/www.royalplaza.ch\/de\/konferenzen-bankette\/royal-suite\/\",\"url\":\"https:\/\/www.royalplaza.ch\/de\/konferenzen-bankette\/royal-suite\/\",\"name\":\"Royal Suite - Royal Plaza Montreux\",\"isPartOf\":{\"@id\":\"https:\/\/www.royalplaza.ch\/de\/#website\"},\"datePublished\":\"2024-12-04T15:53:40+00:00\",\"dateModified\":\"2025-06-24T12:36:26+00:00\",\"description\":\"Mit einer Fl\u00e4che von 340 m\u00b2 &amp; einer Terrasse von 120 m\u00b2 ist dies die gr\u00f6\u00dfte Suite der Riviera! G\u00f6nnen Sie sich einen \u201eRoyal\u201c Tag &amp; genie\u00dfen Sie einen au\u00dfergew\u00f6hnlichen Raum, der vollst\u00e4ndig privatisiert &amp; f\u00fcr Ihre Meetings &amp; Konferenzen ausgestattet werden kann. Bieten Sie Ihren G\u00e4sten einen unvergesslichen Moment mit einem Aperitif oder einer Kaffeepause auf der Terrasse\",\"breadcrumb\":{\"@id\":\"https:\/\/www.royalplaza.ch\/de\/konferenzen-bankette\/royal-suite\/#breadcrumb\"},\"inLanguage\":\"de-DE\",\"potentialAction\":[{\"@type\":\"ReadAction\",\"target\":[\"https:\/\/www.royalplaza.ch\/de\/konferenzen-bankette\/royal-suite\/\"]}]},{\"@type\":\"BreadcrumbList\",\"@id\":\"https:\/\/www.royalplaza.ch\/de\/konferenzen-bankette\/royal-suite\/#breadcrumb\",\"itemListElement\":[{\"@type\":\"ListItem\",\"position\":1,\"name\":\"Home\",\"item\":\"https:\/\/www.royalplaza.ch\/de\/\"},{\"@type\":\"ListItem\",\"position\":2,\"name\":\"Konferenzen &amp; Bankette\",\"item\":\"https:\/\/www.royalplaza.ch\/de\/konferenzen-bankette\/\"},{\"@type\":\"ListItem\",\"position\":3,\"name\":\"Royal Suite\"}]},{\"@type\":\"WebSite\",\"@id\":\"https:\/\/www.royalplaza.ch\/de\/#website\",\"url\":\"https:\/\/www.royalplaza.ch\/de\/\",\"name\":\"Royal Plaza Montreux\",\"description\":\"\",\"publisher\":{\"@id\":\"https:\/\/www.royalplaza.ch\/de\/#organization\"},\"potentialAction\":[{\"@type\":\"SearchAction\",\"target\":{\"@type\":\"EntryPoint\",\"urlTemplate\":\"https:\/\/www.royalplaza.ch\/de\/?s={search_term_string}\"},\"query-input\":\"required name=search_term_string\"}],\"inLanguage\":\"de-DE\"},{\"@type\":\"Organization\",\"@id\":\"https:\/\/www.royalplaza.ch\/de\/#organization\",\"name\":\"Royal Plaza Montreux\",\"url\":\"https:\/\/www.royalplaza.ch\/de\/\",\"logo\":{\"@type\":\"ImageObject\",\"inLanguage\":\"de-DE\",\"@id\":\"https:\/\/www.royalplaza.ch\/de\/#\/schema\/logo\/image\/\",\"url\":\"https:\/\/www.royalplaza.ch\/wp-content\/uploads\/sites\/185\/2024\/12\/Plan-de-travail-2.png\",\"contentUrl\":\"https:\/\/www.royalplaza.ch\/wp-content\/uploads\/sites\/185\/2024\/12\/Plan-de-travail-2.png\",\"width\":1200,\"height\":326,\"caption\":\"Royal Plaza Montreux\"},\"image\":{\"@id\":\"https:\/\/www.royalplaza.ch\/de\/#\/schema\/logo\/image\/\"},\"sameAs\":[\"https:\/\/www.facebook.com\/hotelroyalplazamtx\",\"https:\/\/www.instagram.com\/hotelroyalplazamtx\/\",\"https:\/\/www.linkedin.com\/company\/royal-plaza-montreux\/\"]}]}<\/script>\n<!-- \/ Yoast SEO plugin. -->","yoast_head_json":{"title":"Royal Suite - Royal Plaza Montreux","description":"Mit einer Fl\u00e4che von 340 m\u00b2 &amp; einer Terrasse von 120 m\u00b2 ist dies die gr\u00f6\u00dfte Suite der Riviera! G\u00f6nnen Sie sich einen \u201eRoyal\u201c Tag &amp; genie\u00dfen Sie einen au\u00dfergew\u00f6hnlichen Raum, der vollst\u00e4ndig privatisiert &amp; f\u00fcr Ihre Meetings &amp; Konferenzen ausgestattet werden kann. Bieten Sie Ihren G\u00e4sten einen unvergesslichen Moment mit einem Aperitif oder einer Kaffeepause auf der Terrasse","robots":{"index":"index","follow":"follow","max-snippet":"max-snippet:-1","max-image-preview":"max-image-preview:large","max-video-preview":"max-video-preview:-1"},"canonical":"https:\/\/www.royalplaza.ch\/de\/konferenzen-bankette\/royal-suite\/","og_locale":"de_DE","og_type":"article","og_title":"Royal Suite - Royal Plaza Montreux","og_description":"Mit einer Fl\u00e4che von 340 m\u00b2 &amp; einer Terrasse von 120 m\u00b2 ist dies die gr\u00f6\u00dfte Suite der Riviera! G\u00f6nnen Sie sich einen \u201eRoyal\u201c Tag &amp; genie\u00dfen Sie einen au\u00dfergew\u00f6hnlichen Raum, der vollst\u00e4ndig privatisiert &amp; f\u00fcr Ihre Meetings &amp; Konferenzen ausgestattet werden kann. Bieten Sie Ihren G\u00e4sten einen unvergesslichen Moment mit einem Aperitif oder einer Kaffeepause auf der Terrasse","og_url":"https:\/\/www.royalplaza.ch\/de\/konferenzen-bankette\/royal-suite\/","og_site_name":"Royal Plaza Montreux","article_publisher":"https:\/\/www.facebook.com\/hotelroyalplazamtx","article_modified_time":"2025-06-24T12:36:26+00:00","twitter_card":"summary_large_image","twitter_misc":{"Gesch\u00e4tzte Lesezeit":"1 Minute"},"schema":{"@context":"https:\/\/schema.org","@graph":[{"@type":"WebPage","@id":"https:\/\/www.royalplaza.ch\/de\/konferenzen-bankette\/royal-suite\/","url":"https:\/\/www.royalplaza.ch\/de\/konferenzen-bankette\/royal-suite\/","name":"Royal Suite - Royal Plaza Montreux","isPartOf":{"@id":"https:\/\/www.royalplaza.ch\/de\/#website"},"datePublished":"2024-12-04T15:53:40+00:00","dateModified":"2025-06-24T12:36:26+00:00","description":"Mit einer Fl\u00e4che von 340 m\u00b2 &amp; einer Terrasse von 120 m\u00b2 ist dies die gr\u00f6\u00dfte Suite der Riviera! G\u00f6nnen Sie sich einen \u201eRoyal\u201c Tag &amp; genie\u00dfen Sie einen au\u00dfergew\u00f6hnlichen Raum, der vollst\u00e4ndig privatisiert &amp; f\u00fcr Ihre Meetings &amp; Konferenzen ausgestattet werden kann. Bieten Sie Ihren G\u00e4sten einen unvergesslichen Moment mit einem Aperitif oder einer Kaffeepause auf der Terrasse","breadcrumb":{"@id":"https:\/\/www.royalplaza.ch\/de\/konferenzen-bankette\/royal-suite\/#breadcrumb"},"inLanguage":"de-DE","potentialAction":[{"@type":"ReadAction","target":["https:\/\/www.royalplaza.ch\/de\/konferenzen-bankette\/royal-suite\/"]}]},{"@type":"BreadcrumbList","@id":"https:\/\/www.royalplaza.ch\/de\/konferenzen-bankette\/royal-suite\/#breadcrumb","itemListElement":[{"@type":"ListItem","position":1,"name":"Home","item":"https:\/\/www.royalplaza.ch\/de\/"},{"@type":"ListItem","position":2,"name":"Konferenzen &amp; Bankette","item":"https:\/\/www.royalplaza.ch\/de\/konferenzen-bankette\/"},{"@type":"ListItem","position":3,"name":"Royal Suite"}]},{"@type":"WebSite","@id":"https:\/\/www.royalplaza.ch\/de\/#website","url":"https:\/\/www.royalplaza.ch\/de\/","name":"Royal Plaza Montreux","description":"","publisher":{"@id":"https:\/\/www.royalplaza.ch\/de\/#organization"},"potentialAction":[{"@type":"SearchAction","target":{"@type":"EntryPoint","urlTemplate":"https:\/\/www.royalplaza.ch\/de\/?s={search_term_string}"},"query-input":"required name=search_term_string"}],"inLanguage":"de-DE"},{"@type":"Organization","@id":"https:\/\/www.royalplaza.ch\/de\/#organization","name":"Royal Plaza Montreux","url":"https:\/\/www.royalplaza.ch\/de\/","logo":{"@type":"ImageObject","inLanguage":"de-DE","@id":"https:\/\/www.royalplaza.ch\/de\/#\/schema\/logo\/image\/","url":"https:\/\/www.royalplaza.ch\/wp-content\/uploads\/sites\/185\/2024\/12\/Plan-de-travail-2.png","contentUrl":"https:\/\/www.royalplaza.ch\/wp-content\/uploads\/sites\/185\/2024\/12\/Plan-de-travail-2.png","width":1200,"height":326,"caption":"Royal Plaza Montreux"},"image":{"@id":"https:\/\/www.royalplaza.ch\/de\/#\/schema\/logo\/image\/"},"sameAs":["https:\/\/www.facebook.com\/hotelroyalplazamtx","https:\/\/www.instagram.com\/hotelroyalplazamtx\/","https:\/\/www.linkedin.com\/company\/royal-plaza-montreux\/"]}]}},"acf":[],"_links":{"self":[{"href":"https:\/\/www.royalplaza.ch\/de\/wp-json\/wp\/v2\/pages\/662"}],"collection":[{"href":"https:\/\/www.royalplaza.ch\/de\/wp-json\/wp\/v2\/pages"}],"about":[{"href":"https:\/\/www.royalplaza.ch\/de\/wp-json\/wp\/v2\/types\/page"}],"author":[{"embeddable":true,"href":"https:\/\/www.royalplaza.ch\/de\/wp-json\/wp\/v2\/users\/124"}],"replies":[{"embeddable":true,"href":"https:\/\/www.royalplaza.ch\/de\/wp-json\/wp\/v2\/comments?post=662"}],"version-history":[{"count":0,"href":"https:\/\/www.royalplaza.ch\/de\/wp-json\/wp\/v2\/pages\/662\/revisions"}],"up":[{"embeddable":true,"href":"https:\/\/www.royalplaza.ch\/de\/wp-json\/wp\/v2\/pages\/653"}],"wp:attachment":[{"href":"https:\/\/www.royalplaza.ch\/de\/wp-json\/wp\/v2\/media?parent=662"}],"curies":[{"name":"wp","href":"https:\/\/api.w.org\/{rel}","templated":true}]}}