{"id":661,"date":"2024-12-04T15:42:59","date_gmt":"2024-12-04T15:42:59","guid":{"rendered":"https:\/\/royal-plaza-montreux.ms2.decms.eu\/konferenzen-bankette\/salons-renaissance\/"},"modified":"2025-06-16T10:49:17","modified_gmt":"2025-06-16T10:49:17","slug":"renaissance-salons","status":"publish","type":"page","link":"https:\/\/www.royalplaza.ch\/de\/konferenzen-bankette\/renaissance-salons\/","title":{"rendered":"Renaissance Salons"},"content":{"rendered":"<p style=\"text-align: justify\">Die 3, variabel unterteilbaren, Renaissance-S\u00e4le k\u00f6nnen bis zu 280 Personen in Konferenz-Bestuhlung oder bis zu 210 Personen in Dinner-Bestuhlung beherbergen. Der gro\u00dfe Salon ist vollst\u00e4ndig ausgestattet &amp; verf\u00fcgt \u00fcber einen herrlichen Seeblick, Zugang zum Garten &amp; dank seiner 4 gro\u00dfen Glasfronten \u00fcber viel Tageslicht. Durch seine einzigartige Lage ist dies ein Traumort f\u00fcr alle Ihre Veranstaltungen.<\/p>\n","protected":false},"excerpt":{"rendered":"<p>Die 3, variabel unterteilbaren, Renaissance-S\u00e4le k\u00f6nnen bis zu 280 Personen in Konferenz-Bestuhlung oder bis zu 210 Personen in Dinner-Bestuhlung beherbergen. Der gro\u00dfe Salon ist vollst\u00e4ndig ausgestattet &amp; verf\u00fcgt \u00fcber einen herrlichen Seeblick, Zugang zum Garten &amp; dank seiner 4 gro\u00dfen Glasfronten \u00fcber viel Tageslicht. Durch seine einzigartige Lage ist dies ein Traumort f\u00fcr alle Ihre [&hellip;]<\/p>\n","protected":false},"author":124,"featured_media":0,"parent":653,"menu_order":0,"comment_status":"closed","ping_status":"closed","template":"template-meeting.php","meta":{"footnotes":""},"yoast_head":"<!-- This site is optimized with the Yoast SEO plugin v22.3 - https:\/\/yoast.com\/wordpress\/plugins\/seo\/ -->\n<title>Renaissance Salons - Royal Plaza Montreux<\/title>\n<meta name=\"description\" content=\"Die 3, variabel unterteilbaren, Renaissance-S\u00e4le k\u00f6nnen bis zu 280 Personen in Konferenz-Bestuhlung oder bis zu 210 Personen in Dinner-Bestuhlung beherbergen. Der gro\u00dfe Salon ist vollst\u00e4ndig ausgestattet &amp; verf\u00fcgt \u00fcber einen herrlichen Seeblick, Zugang zum Garten &amp; dank seiner 4 gro\u00dfen Glasfronten \u00fcber viel Tageslicht\" \/>\n<meta name=\"robots\" content=\"index, follow, max-snippet:-1, max-image-preview:large, max-video-preview:-1\" \/>\n<link rel=\"canonical\" href=\"https:\/\/www.royalplaza.ch\/de\/konferenzen-bankette\/renaissance-salons\/\" \/>\n<meta property=\"og:locale\" content=\"de_DE\" \/>\n<meta property=\"og:type\" content=\"article\" \/>\n<meta property=\"og:title\" content=\"Renaissance Salons - Royal Plaza Montreux\" \/>\n<meta property=\"og:description\" content=\"Die 3, variabel unterteilbaren, Renaissance-S\u00e4le k\u00f6nnen bis zu 280 Personen in Konferenz-Bestuhlung oder bis zu 210 Personen in Dinner-Bestuhlung beherbergen. Der gro\u00dfe Salon ist vollst\u00e4ndig ausgestattet &amp; verf\u00fcgt \u00fcber einen herrlichen Seeblick, Zugang zum Garten &amp; dank seiner 4 gro\u00dfen Glasfronten \u00fcber viel Tageslicht\" \/>\n<meta property=\"og:url\" content=\"https:\/\/www.royalplaza.ch\/de\/konferenzen-bankette\/renaissance-salons\/\" \/>\n<meta property=\"og:site_name\" content=\"Royal Plaza Montreux\" \/>\n<meta property=\"article:publisher\" content=\"https:\/\/www.facebook.com\/hotelroyalplazamtx\" \/>\n<meta property=\"article:modified_time\" content=\"2025-06-16T10:49:17+00:00\" \/>\n<meta name=\"twitter:card\" content=\"summary_large_image\" \/>\n<meta name=\"twitter:label1\" content=\"Gesch\u00e4tzte Lesezeit\" \/>\n\t<meta name=\"twitter:data1\" content=\"1 Minute\" \/>\n<script type=\"application\/ld+json\" class=\"yoast-schema-graph\">{\"@context\":\"https:\/\/schema.org\",\"@graph\":[{\"@type\":\"WebPage\",\"@id\":\"https:\/\/www.royalplaza.ch\/de\/konferenzen-bankette\/renaissance-salons\/\",\"url\":\"https:\/\/www.royalplaza.ch\/de\/konferenzen-bankette\/renaissance-salons\/\",\"name\":\"Renaissance Salons - Royal Plaza Montreux\",\"isPartOf\":{\"@id\":\"https:\/\/www.royalplaza.ch\/de\/#website\"},\"datePublished\":\"2024-12-04T15:42:59+00:00\",\"dateModified\":\"2025-06-16T10:49:17+00:00\",\"description\":\"Die 3, variabel unterteilbaren, Renaissance-S\u00e4le k\u00f6nnen bis zu 280 Personen in Konferenz-Bestuhlung oder bis zu 210 Personen in Dinner-Bestuhlung beherbergen. Der gro\u00dfe Salon ist vollst\u00e4ndig ausgestattet &amp; verf\u00fcgt \u00fcber einen herrlichen Seeblick, Zugang zum Garten &amp; dank seiner 4 gro\u00dfen Glasfronten \u00fcber viel Tageslicht\",\"breadcrumb\":{\"@id\":\"https:\/\/www.royalplaza.ch\/de\/konferenzen-bankette\/renaissance-salons\/#breadcrumb\"},\"inLanguage\":\"de-DE\",\"potentialAction\":[{\"@type\":\"ReadAction\",\"target\":[\"https:\/\/www.royalplaza.ch\/de\/konferenzen-bankette\/renaissance-salons\/\"]}]},{\"@type\":\"BreadcrumbList\",\"@id\":\"https:\/\/www.royalplaza.ch\/de\/konferenzen-bankette\/renaissance-salons\/#breadcrumb\",\"itemListElement\":[{\"@type\":\"ListItem\",\"position\":1,\"name\":\"Home\",\"item\":\"https:\/\/www.royalplaza.ch\/de\/\"},{\"@type\":\"ListItem\",\"position\":2,\"name\":\"Konferenzen &amp; Bankette\",\"item\":\"https:\/\/www.royalplaza.ch\/de\/konferenzen-bankette\/\"},{\"@type\":\"ListItem\",\"position\":3,\"name\":\"Renaissance Salons\"}]},{\"@type\":\"WebSite\",\"@id\":\"https:\/\/www.royalplaza.ch\/de\/#website\",\"url\":\"https:\/\/www.royalplaza.ch\/de\/\",\"name\":\"Royal Plaza Montreux\",\"description\":\"\",\"publisher\":{\"@id\":\"https:\/\/www.royalplaza.ch\/de\/#organization\"},\"potentialAction\":[{\"@type\":\"SearchAction\",\"target\":{\"@type\":\"EntryPoint\",\"urlTemplate\":\"https:\/\/www.royalplaza.ch\/de\/?s={search_term_string}\"},\"query-input\":\"required name=search_term_string\"}],\"inLanguage\":\"de-DE\"},{\"@type\":\"Organization\",\"@id\":\"https:\/\/www.royalplaza.ch\/de\/#organization\",\"name\":\"Royal Plaza Montreux\",\"url\":\"https:\/\/www.royalplaza.ch\/de\/\",\"logo\":{\"@type\":\"ImageObject\",\"inLanguage\":\"de-DE\",\"@id\":\"https:\/\/www.royalplaza.ch\/de\/#\/schema\/logo\/image\/\",\"url\":\"https:\/\/www.royalplaza.ch\/wp-content\/uploads\/sites\/185\/2024\/12\/Plan-de-travail-2.png\",\"contentUrl\":\"https:\/\/www.royalplaza.ch\/wp-content\/uploads\/sites\/185\/2024\/12\/Plan-de-travail-2.png\",\"width\":1200,\"height\":326,\"caption\":\"Royal Plaza Montreux\"},\"image\":{\"@id\":\"https:\/\/www.royalplaza.ch\/de\/#\/schema\/logo\/image\/\"},\"sameAs\":[\"https:\/\/www.facebook.com\/hotelroyalplazamtx\",\"https:\/\/www.instagram.com\/hotelroyalplazamtx\/\",\"https:\/\/www.linkedin.com\/company\/royal-plaza-montreux\/\"]}]}<\/script>\n<!-- \/ Yoast SEO plugin. -->","yoast_head_json":{"title":"Renaissance Salons - Royal Plaza Montreux","description":"Die 3, variabel unterteilbaren, Renaissance-S\u00e4le k\u00f6nnen bis zu 280 Personen in Konferenz-Bestuhlung oder bis zu 210 Personen in Dinner-Bestuhlung beherbergen. Der gro\u00dfe Salon ist vollst\u00e4ndig ausgestattet &amp; verf\u00fcgt \u00fcber einen herrlichen Seeblick, Zugang zum Garten &amp; dank seiner 4 gro\u00dfen Glasfronten \u00fcber viel Tageslicht","robots":{"index":"index","follow":"follow","max-snippet":"max-snippet:-1","max-image-preview":"max-image-preview:large","max-video-preview":"max-video-preview:-1"},"canonical":"https:\/\/www.royalplaza.ch\/de\/konferenzen-bankette\/renaissance-salons\/","og_locale":"de_DE","og_type":"article","og_title":"Renaissance Salons - Royal Plaza Montreux","og_description":"Die 3, variabel unterteilbaren, Renaissance-S\u00e4le k\u00f6nnen bis zu 280 Personen in Konferenz-Bestuhlung oder bis zu 210 Personen in Dinner-Bestuhlung beherbergen. Der gro\u00dfe Salon ist vollst\u00e4ndig ausgestattet &amp; verf\u00fcgt \u00fcber einen herrlichen Seeblick, Zugang zum Garten &amp; dank seiner 4 gro\u00dfen Glasfronten \u00fcber viel Tageslicht","og_url":"https:\/\/www.royalplaza.ch\/de\/konferenzen-bankette\/renaissance-salons\/","og_site_name":"Royal Plaza Montreux","article_publisher":"https:\/\/www.facebook.com\/hotelroyalplazamtx","article_modified_time":"2025-06-16T10:49:17+00:00","twitter_card":"summary_large_image","twitter_misc":{"Gesch\u00e4tzte Lesezeit":"1 Minute"},"schema":{"@context":"https:\/\/schema.org","@graph":[{"@type":"WebPage","@id":"https:\/\/www.royalplaza.ch\/de\/konferenzen-bankette\/renaissance-salons\/","url":"https:\/\/www.royalplaza.ch\/de\/konferenzen-bankette\/renaissance-salons\/","name":"Renaissance Salons - Royal Plaza Montreux","isPartOf":{"@id":"https:\/\/www.royalplaza.ch\/de\/#website"},"datePublished":"2024-12-04T15:42:59+00:00","dateModified":"2025-06-16T10:49:17+00:00","description":"Die 3, variabel unterteilbaren, Renaissance-S\u00e4le k\u00f6nnen bis zu 280 Personen in Konferenz-Bestuhlung oder bis zu 210 Personen in Dinner-Bestuhlung beherbergen. Der gro\u00dfe Salon ist vollst\u00e4ndig ausgestattet &amp; verf\u00fcgt \u00fcber einen herrlichen Seeblick, Zugang zum Garten &amp; dank seiner 4 gro\u00dfen Glasfronten \u00fcber viel Tageslicht","breadcrumb":{"@id":"https:\/\/www.royalplaza.ch\/de\/konferenzen-bankette\/renaissance-salons\/#breadcrumb"},"inLanguage":"de-DE","potentialAction":[{"@type":"ReadAction","target":["https:\/\/www.royalplaza.ch\/de\/konferenzen-bankette\/renaissance-salons\/"]}]},{"@type":"BreadcrumbList","@id":"https:\/\/www.royalplaza.ch\/de\/konferenzen-bankette\/renaissance-salons\/#breadcrumb","itemListElement":[{"@type":"ListItem","position":1,"name":"Home","item":"https:\/\/www.royalplaza.ch\/de\/"},{"@type":"ListItem","position":2,"name":"Konferenzen &amp; Bankette","item":"https:\/\/www.royalplaza.ch\/de\/konferenzen-bankette\/"},{"@type":"ListItem","position":3,"name":"Renaissance Salons"}]},{"@type":"WebSite","@id":"https:\/\/www.royalplaza.ch\/de\/#website","url":"https:\/\/www.royalplaza.ch\/de\/","name":"Royal Plaza Montreux","description":"","publisher":{"@id":"https:\/\/www.royalplaza.ch\/de\/#organization"},"potentialAction":[{"@type":"SearchAction","target":{"@type":"EntryPoint","urlTemplate":"https:\/\/www.royalplaza.ch\/de\/?s={search_term_string}"},"query-input":"required name=search_term_string"}],"inLanguage":"de-DE"},{"@type":"Organization","@id":"https:\/\/www.royalplaza.ch\/de\/#organization","name":"Royal Plaza Montreux","url":"https:\/\/www.royalplaza.ch\/de\/","logo":{"@type":"ImageObject","inLanguage":"de-DE","@id":"https:\/\/www.royalplaza.ch\/de\/#\/schema\/logo\/image\/","url":"https:\/\/www.royalplaza.ch\/wp-content\/uploads\/sites\/185\/2024\/12\/Plan-de-travail-2.png","contentUrl":"https:\/\/www.royalplaza.ch\/wp-content\/uploads\/sites\/185\/2024\/12\/Plan-de-travail-2.png","width":1200,"height":326,"caption":"Royal Plaza Montreux"},"image":{"@id":"https:\/\/www.royalplaza.ch\/de\/#\/schema\/logo\/image\/"},"sameAs":["https:\/\/www.facebook.com\/hotelroyalplazamtx","https:\/\/www.instagram.com\/hotelroyalplazamtx\/","https:\/\/www.linkedin.com\/company\/royal-plaza-montreux\/"]}]}},"acf":[],"_links":{"self":[{"href":"https:\/\/www.royalplaza.ch\/de\/wp-json\/wp\/v2\/pages\/661"}],"collection":[{"href":"https:\/\/www.royalplaza.ch\/de\/wp-json\/wp\/v2\/pages"}],"about":[{"href":"https:\/\/www.royalplaza.ch\/de\/wp-json\/wp\/v2\/types\/page"}],"author":[{"embeddable":true,"href":"https:\/\/www.royalplaza.ch\/de\/wp-json\/wp\/v2\/users\/124"}],"replies":[{"embeddable":true,"href":"https:\/\/www.royalplaza.ch\/de\/wp-json\/wp\/v2\/comments?post=661"}],"version-history":[{"count":0,"href":"https:\/\/www.royalplaza.ch\/de\/wp-json\/wp\/v2\/pages\/661\/revisions"}],"up":[{"embeddable":true,"href":"https:\/\/www.royalplaza.ch\/de\/wp-json\/wp\/v2\/pages\/653"}],"wp:attachment":[{"href":"https:\/\/www.royalplaza.ch\/de\/wp-json\/wp\/v2\/media?parent=661"}],"curies":[{"name":"wp","href":"https:\/\/api.w.org\/{rel}","templated":true}]}}