{"id":659,"date":"2024-12-04T15:59:08","date_gmt":"2024-12-04T15:59:08","guid":{"rendered":"https:\/\/royal-plaza-montreux.ms2.decms.eu\/konferenzen-bankette\/salon-debussy\/"},"modified":"2025-06-16T10:57:44","modified_gmt":"2025-06-16T10:57:44","slug":"debussy-salon","status":"publish","type":"page","link":"https:\/\/www.royalplaza.ch\/de\/konferenzen-bankette\/debussy-salon\/","title":{"rendered":"Debussy Salon"},"content":{"rendered":"<p style=\"text-align: justify;\">Sein majest\u00e4tischer Kronleuchter &amp; sein einzigartiges Dekor machen diesen Saal zum idealen Ort f\u00fcr einen Cocktail-Empfang oder ein Bankett. Der Saal eignet sich zudem ebenfalls als zus\u00e4tzlicher Konferenzraum. Mit seiner privaten Terrasse mit unvergleichlichem Blick wird Sie dieser Saal mit seinem einzigartigen Charme &amp; seiner warmen Atmosph\u00e4re \u00fcberzeugen.<\/p>\n","protected":false},"excerpt":{"rendered":"<p>Sein majest\u00e4tischer Kronleuchter &amp; sein einzigartiges Dekor machen diesen Saal zum idealen Ort f\u00fcr einen Cocktail-Empfang oder ein Bankett. Der Saal eignet sich zudem ebenfalls als zus\u00e4tzlicher Konferenzraum. Mit seiner privaten Terrasse mit unvergleichlichem Blick wird Sie dieser Saal mit seinem einzigartigen Charme &amp; seiner warmen Atmosph\u00e4re \u00fcberzeugen.<\/p>\n","protected":false},"author":124,"featured_media":0,"parent":653,"menu_order":0,"comment_status":"closed","ping_status":"closed","template":"template-meeting.php","meta":{"footnotes":""},"yoast_head":"<!-- This site is optimized with the Yoast SEO plugin v22.3 - https:\/\/yoast.com\/wordpress\/plugins\/seo\/ -->\n<title>Debussy Salon - Royal Plaza Montreux<\/title>\n<meta name=\"description\" content=\"Sein majest\u00e4tischer Kronleuchter &amp; sein einzigartiges Dekor machen diesen Saal zum idealen Ort f\u00fcr einen Cocktail-Empfang oder ein Bankett. Der Saal eignet sich zudem ebenfalls als zus\u00e4tzlicher Konferenzraum\" \/>\n<meta name=\"robots\" content=\"index, follow, max-snippet:-1, max-image-preview:large, max-video-preview:-1\" \/>\n<link rel=\"canonical\" href=\"https:\/\/www.royalplaza.ch\/de\/konferenzen-bankette\/debussy-salon\/\" \/>\n<meta property=\"og:locale\" content=\"de_DE\" \/>\n<meta property=\"og:type\" content=\"article\" \/>\n<meta property=\"og:title\" content=\"Debussy Salon - Royal Plaza Montreux\" \/>\n<meta property=\"og:description\" content=\"Sein majest\u00e4tischer Kronleuchter &amp; sein einzigartiges Dekor machen diesen Saal zum idealen Ort f\u00fcr einen Cocktail-Empfang oder ein Bankett. Der Saal eignet sich zudem ebenfalls als zus\u00e4tzlicher Konferenzraum\" \/>\n<meta property=\"og:url\" content=\"https:\/\/www.royalplaza.ch\/de\/konferenzen-bankette\/debussy-salon\/\" \/>\n<meta property=\"og:site_name\" content=\"Royal Plaza Montreux\" \/>\n<meta property=\"article:publisher\" content=\"https:\/\/www.facebook.com\/hotelroyalplazamtx\" \/>\n<meta property=\"article:modified_time\" content=\"2025-06-16T10:57:44+00:00\" \/>\n<meta name=\"twitter:card\" content=\"summary_large_image\" \/>\n<meta name=\"twitter:label1\" content=\"Gesch\u00e4tzte Lesezeit\" \/>\n\t<meta name=\"twitter:data1\" content=\"1 Minute\" \/>\n<script type=\"application\/ld+json\" class=\"yoast-schema-graph\">{\"@context\":\"https:\/\/schema.org\",\"@graph\":[{\"@type\":\"WebPage\",\"@id\":\"https:\/\/www.royalplaza.ch\/de\/konferenzen-bankette\/debussy-salon\/\",\"url\":\"https:\/\/www.royalplaza.ch\/de\/konferenzen-bankette\/debussy-salon\/\",\"name\":\"Debussy Salon - Royal Plaza Montreux\",\"isPartOf\":{\"@id\":\"https:\/\/www.royalplaza.ch\/de\/#website\"},\"datePublished\":\"2024-12-04T15:59:08+00:00\",\"dateModified\":\"2025-06-16T10:57:44+00:00\",\"description\":\"Sein majest\u00e4tischer Kronleuchter &amp; sein einzigartiges Dekor machen diesen Saal zum idealen Ort f\u00fcr einen Cocktail-Empfang oder ein Bankett. Der Saal eignet sich zudem ebenfalls als zus\u00e4tzlicher Konferenzraum\",\"breadcrumb\":{\"@id\":\"https:\/\/www.royalplaza.ch\/de\/konferenzen-bankette\/debussy-salon\/#breadcrumb\"},\"inLanguage\":\"de-DE\",\"potentialAction\":[{\"@type\":\"ReadAction\",\"target\":[\"https:\/\/www.royalplaza.ch\/de\/konferenzen-bankette\/debussy-salon\/\"]}]},{\"@type\":\"BreadcrumbList\",\"@id\":\"https:\/\/www.royalplaza.ch\/de\/konferenzen-bankette\/debussy-salon\/#breadcrumb\",\"itemListElement\":[{\"@type\":\"ListItem\",\"position\":1,\"name\":\"Home\",\"item\":\"https:\/\/www.royalplaza.ch\/de\/\"},{\"@type\":\"ListItem\",\"position\":2,\"name\":\"Konferenzen &amp; Bankette\",\"item\":\"https:\/\/www.royalplaza.ch\/de\/konferenzen-bankette\/\"},{\"@type\":\"ListItem\",\"position\":3,\"name\":\"Debussy Salon\"}]},{\"@type\":\"WebSite\",\"@id\":\"https:\/\/www.royalplaza.ch\/de\/#website\",\"url\":\"https:\/\/www.royalplaza.ch\/de\/\",\"name\":\"Royal Plaza Montreux\",\"description\":\"\",\"publisher\":{\"@id\":\"https:\/\/www.royalplaza.ch\/de\/#organization\"},\"potentialAction\":[{\"@type\":\"SearchAction\",\"target\":{\"@type\":\"EntryPoint\",\"urlTemplate\":\"https:\/\/www.royalplaza.ch\/de\/?s={search_term_string}\"},\"query-input\":\"required name=search_term_string\"}],\"inLanguage\":\"de-DE\"},{\"@type\":\"Organization\",\"@id\":\"https:\/\/www.royalplaza.ch\/de\/#organization\",\"name\":\"Royal Plaza Montreux\",\"url\":\"https:\/\/www.royalplaza.ch\/de\/\",\"logo\":{\"@type\":\"ImageObject\",\"inLanguage\":\"de-DE\",\"@id\":\"https:\/\/www.royalplaza.ch\/de\/#\/schema\/logo\/image\/\",\"url\":\"https:\/\/www.royalplaza.ch\/wp-content\/uploads\/sites\/185\/2024\/12\/Plan-de-travail-2.png\",\"contentUrl\":\"https:\/\/www.royalplaza.ch\/wp-content\/uploads\/sites\/185\/2024\/12\/Plan-de-travail-2.png\",\"width\":1200,\"height\":326,\"caption\":\"Royal Plaza Montreux\"},\"image\":{\"@id\":\"https:\/\/www.royalplaza.ch\/de\/#\/schema\/logo\/image\/\"},\"sameAs\":[\"https:\/\/www.facebook.com\/hotelroyalplazamtx\",\"https:\/\/www.instagram.com\/hotelroyalplazamtx\/\",\"https:\/\/www.linkedin.com\/company\/royal-plaza-montreux\/\"]}]}<\/script>\n<!-- \/ Yoast SEO plugin. -->","yoast_head_json":{"title":"Debussy Salon - Royal Plaza Montreux","description":"Sein majest\u00e4tischer Kronleuchter &amp; sein einzigartiges Dekor machen diesen Saal zum idealen Ort f\u00fcr einen Cocktail-Empfang oder ein Bankett. Der Saal eignet sich zudem ebenfalls als zus\u00e4tzlicher Konferenzraum","robots":{"index":"index","follow":"follow","max-snippet":"max-snippet:-1","max-image-preview":"max-image-preview:large","max-video-preview":"max-video-preview:-1"},"canonical":"https:\/\/www.royalplaza.ch\/de\/konferenzen-bankette\/debussy-salon\/","og_locale":"de_DE","og_type":"article","og_title":"Debussy Salon - Royal Plaza Montreux","og_description":"Sein majest\u00e4tischer Kronleuchter &amp; sein einzigartiges Dekor machen diesen Saal zum idealen Ort f\u00fcr einen Cocktail-Empfang oder ein Bankett. Der Saal eignet sich zudem ebenfalls als zus\u00e4tzlicher Konferenzraum","og_url":"https:\/\/www.royalplaza.ch\/de\/konferenzen-bankette\/debussy-salon\/","og_site_name":"Royal Plaza Montreux","article_publisher":"https:\/\/www.facebook.com\/hotelroyalplazamtx","article_modified_time":"2025-06-16T10:57:44+00:00","twitter_card":"summary_large_image","twitter_misc":{"Gesch\u00e4tzte Lesezeit":"1 Minute"},"schema":{"@context":"https:\/\/schema.org","@graph":[{"@type":"WebPage","@id":"https:\/\/www.royalplaza.ch\/de\/konferenzen-bankette\/debussy-salon\/","url":"https:\/\/www.royalplaza.ch\/de\/konferenzen-bankette\/debussy-salon\/","name":"Debussy Salon - Royal Plaza Montreux","isPartOf":{"@id":"https:\/\/www.royalplaza.ch\/de\/#website"},"datePublished":"2024-12-04T15:59:08+00:00","dateModified":"2025-06-16T10:57:44+00:00","description":"Sein majest\u00e4tischer Kronleuchter &amp; sein einzigartiges Dekor machen diesen Saal zum idealen Ort f\u00fcr einen Cocktail-Empfang oder ein Bankett. Der Saal eignet sich zudem ebenfalls als zus\u00e4tzlicher Konferenzraum","breadcrumb":{"@id":"https:\/\/www.royalplaza.ch\/de\/konferenzen-bankette\/debussy-salon\/#breadcrumb"},"inLanguage":"de-DE","potentialAction":[{"@type":"ReadAction","target":["https:\/\/www.royalplaza.ch\/de\/konferenzen-bankette\/debussy-salon\/"]}]},{"@type":"BreadcrumbList","@id":"https:\/\/www.royalplaza.ch\/de\/konferenzen-bankette\/debussy-salon\/#breadcrumb","itemListElement":[{"@type":"ListItem","position":1,"name":"Home","item":"https:\/\/www.royalplaza.ch\/de\/"},{"@type":"ListItem","position":2,"name":"Konferenzen &amp; Bankette","item":"https:\/\/www.royalplaza.ch\/de\/konferenzen-bankette\/"},{"@type":"ListItem","position":3,"name":"Debussy Salon"}]},{"@type":"WebSite","@id":"https:\/\/www.royalplaza.ch\/de\/#website","url":"https:\/\/www.royalplaza.ch\/de\/","name":"Royal Plaza Montreux","description":"","publisher":{"@id":"https:\/\/www.royalplaza.ch\/de\/#organization"},"potentialAction":[{"@type":"SearchAction","target":{"@type":"EntryPoint","urlTemplate":"https:\/\/www.royalplaza.ch\/de\/?s={search_term_string}"},"query-input":"required name=search_term_string"}],"inLanguage":"de-DE"},{"@type":"Organization","@id":"https:\/\/www.royalplaza.ch\/de\/#organization","name":"Royal Plaza Montreux","url":"https:\/\/www.royalplaza.ch\/de\/","logo":{"@type":"ImageObject","inLanguage":"de-DE","@id":"https:\/\/www.royalplaza.ch\/de\/#\/schema\/logo\/image\/","url":"https:\/\/www.royalplaza.ch\/wp-content\/uploads\/sites\/185\/2024\/12\/Plan-de-travail-2.png","contentUrl":"https:\/\/www.royalplaza.ch\/wp-content\/uploads\/sites\/185\/2024\/12\/Plan-de-travail-2.png","width":1200,"height":326,"caption":"Royal Plaza Montreux"},"image":{"@id":"https:\/\/www.royalplaza.ch\/de\/#\/schema\/logo\/image\/"},"sameAs":["https:\/\/www.facebook.com\/hotelroyalplazamtx","https:\/\/www.instagram.com\/hotelroyalplazamtx\/","https:\/\/www.linkedin.com\/company\/royal-plaza-montreux\/"]}]}},"acf":[],"_links":{"self":[{"href":"https:\/\/www.royalplaza.ch\/de\/wp-json\/wp\/v2\/pages\/659"}],"collection":[{"href":"https:\/\/www.royalplaza.ch\/de\/wp-json\/wp\/v2\/pages"}],"about":[{"href":"https:\/\/www.royalplaza.ch\/de\/wp-json\/wp\/v2\/types\/page"}],"author":[{"embeddable":true,"href":"https:\/\/www.royalplaza.ch\/de\/wp-json\/wp\/v2\/users\/124"}],"replies":[{"embeddable":true,"href":"https:\/\/www.royalplaza.ch\/de\/wp-json\/wp\/v2\/comments?post=659"}],"version-history":[{"count":0,"href":"https:\/\/www.royalplaza.ch\/de\/wp-json\/wp\/v2\/pages\/659\/revisions"}],"up":[{"embeddable":true,"href":"https:\/\/www.royalplaza.ch\/de\/wp-json\/wp\/v2\/pages\/653"}],"wp:attachment":[{"href":"https:\/\/www.royalplaza.ch\/de\/wp-json\/wp\/v2\/media?parent=659"}],"curies":[{"name":"wp","href":"https:\/\/api.w.org\/{rel}","templated":true}]}}