{"id":653,"date":"2024-12-02T12:53:11","date_gmt":"2024-12-02T12:53:11","guid":{"rendered":"https:\/\/royal-plaza-montreux.ms2.decms.eu\/conferences-banquets\/"},"modified":"2025-06-16T10:57:18","modified_gmt":"2025-06-16T10:57:18","slug":"konferenzen-bankette","status":"publish","type":"page","link":"https:\/\/www.royalplaza.ch\/de\/konferenzen-bankette\/","title":{"rendered":"Konferenzen &amp; Bankette"},"content":{"rendered":"<p style=\"text-align: justify;\">Ob f\u00fcr ein Seminar, eine Konferenz oder ein Bankett \u2013 das Royal Plaza Montreux bietet den perfekten Rahmen f\u00fcr Ihre n\u00e4chste Veranstaltung, egal ob klein oder gro\u00df.<\/p>\n<p style=\"text-align: justify;\">Unser Haus verf\u00fcgt \u00fcber 11 flexibel gestaltbare und voll ausgestattete R\u00e4ume, von denen sich die meisten in unserem Konferenzzentrum befinden \u2013 einem vollst\u00e4ndig privatisierbaren Bereich mit Platz f\u00fcr bis zu 250 Teilnehmer. Dieser \u00f6ffnet sich zu einem wundersch\u00f6nen privaten Garten mit direktem Zugang zur Promenade.<\/p>\n<p style=\"text-align: justify;\">Dank seiner einzigartigen Lage am Ufer des Genfersees, in der N\u00e4he des Bahnhofs, der Autobahnausfahrt und nur wenige Schritte vom 2m2c entfernt, vereint unser Hotel Zug\u00e4nglichkeit und Ruhe. Lassen Sie sich von der einzigartigen Kulisse zwischen See und Bergen inspirieren und genie\u00dfen Sie die Panoramaaussicht aus unseren gro\u00dfz\u00fcgigen R\u00e4umlichkeiten.<\/p>\n<p style=\"text-align: justify;\">In einer herzlichen und einladenden Atmosph\u00e4re sorgt unser aufmerksames und engagiertes Team daf\u00fcr, dass Ihre Veranstaltung ein voller Erfolg wird.<\/p>\n<p style=\"text-align: justify;\">Gerne besprechen wir Ihre W\u00fcnsche, unterbreiten Ihnen ein ma\u00dfgeschneidertes Angebot und begleiten Sie bei der Organisation Ihrer Veranstaltung im Royal Plaza Montreux.<\/p>\n<p><a href=\"https:\/\/d1vp8nomjxwyf1.cloudfront.net\/wp-content\/uploads\/sites\/475\/2023\/05\/12152341\/Plans-des-salles_LD.pdf\" target=\"_blank\" rel=\"noopener noreferrer\">Laden Sie unsere Konferenzraumpl\u00e4ne<\/a><\/p>\n<p style=\"text-align: justify;\"><strong>Eventabteilung<br \/>\nTelefon :<\/strong> +41 21 962 50 08 <strong>|<\/strong>\u00a0<strong>E-Mail :<\/strong> <a href=\"mailto:events@royalplaza.ch\" target=\"_blank\" rel=\"noopener noreferrer\">events@royalplaza.ch<\/a><\/p>\n","protected":false},"excerpt":{"rendered":"<p>Ob f\u00fcr ein Seminar, eine Konferenz oder ein Bankett \u2013 das Royal Plaza Montreux bietet den perfekten Rahmen f\u00fcr Ihre n\u00e4chste Veranstaltung, egal ob klein oder gro\u00df. Unser Haus verf\u00fcgt \u00fcber 11 flexibel gestaltbare und voll ausgestattete R\u00e4ume, von denen sich die meisten in unserem Konferenzzentrum befinden \u2013 einem vollst\u00e4ndig privatisierbaren Bereich mit Platz f\u00fcr [&hellip;]<\/p>\n","protected":false},"author":124,"featured_media":0,"parent":0,"menu_order":0,"comment_status":"closed","ping_status":"closed","template":"template-meeting.php","meta":{"footnotes":""},"yoast_head":"<!-- This site is optimized with the Yoast SEO plugin v22.3 - https:\/\/yoast.com\/wordpress\/plugins\/seo\/ -->\n<title>Konferenzen &amp; Bankette - Royal Plaza Montreux<\/title>\n<meta name=\"description\" content=\"Ob f\u00fcr ein Seminar, eine Konferenz oder ein Bankett \u2013 das Royal Plaza Montreux bietet den perfekten Rahmen f\u00fcr Ihre n\u00e4chste Veranstaltung, egal ob klein oder gro\u00df. Unser Haus verf\u00fcgt \u00fcber 11 flexibel gestaltbare und voll ausgestattete R\u00e4ume, von denen sich die meisten in unserem Konferenzzentrum befinden \u2013 einem vollst\u00e4ndig privatisierbaren Bereich mit Platz f\u00fcr bis zu 250 Teilnehmer. Dieser \u00f6ffnet sich zu einem wundersch\u00f6nen privaten Garten mit direktem Zugang zur Promenade. Dank seiner einzigartigen Lage am Ufer des Genfersees, in der N\u00e4he des Bahnhofs, der Autobahnausfahrt und nur wenige Schritte vom 2m2c entfernt, vereint unser Hotel Zug\u00e4nglichkeit und Ruhe\" \/>\n<meta name=\"robots\" content=\"index, follow, max-snippet:-1, max-image-preview:large, max-video-preview:-1\" \/>\n<link rel=\"canonical\" href=\"https:\/\/www.royalplaza.ch\/de\/konferenzen-bankette\/\" \/>\n<meta property=\"og:locale\" content=\"de_DE\" \/>\n<meta property=\"og:type\" content=\"article\" \/>\n<meta property=\"og:title\" content=\"Konferenzen &amp; Bankette - Royal Plaza Montreux\" \/>\n<meta property=\"og:description\" content=\"Ob f\u00fcr ein Seminar, eine Konferenz oder ein Bankett \u2013 das Royal Plaza Montreux bietet den perfekten Rahmen f\u00fcr Ihre n\u00e4chste Veranstaltung, egal ob klein oder gro\u00df. Unser Haus verf\u00fcgt \u00fcber 11 flexibel gestaltbare und voll ausgestattete R\u00e4ume, von denen sich die meisten in unserem Konferenzzentrum befinden \u2013 einem vollst\u00e4ndig privatisierbaren Bereich mit Platz f\u00fcr bis zu 250 Teilnehmer. Dieser \u00f6ffnet sich zu einem wundersch\u00f6nen privaten Garten mit direktem Zugang zur Promenade. Dank seiner einzigartigen Lage am Ufer des Genfersees, in der N\u00e4he des Bahnhofs, der Autobahnausfahrt und nur wenige Schritte vom 2m2c entfernt, vereint unser Hotel Zug\u00e4nglichkeit und Ruhe\" \/>\n<meta property=\"og:url\" content=\"https:\/\/www.royalplaza.ch\/de\/konferenzen-bankette\/\" \/>\n<meta property=\"og:site_name\" content=\"Royal Plaza Montreux\" \/>\n<meta property=\"article:publisher\" content=\"https:\/\/www.facebook.com\/hotelroyalplazamtx\" \/>\n<meta property=\"article:modified_time\" content=\"2025-06-16T10:57:18+00:00\" \/>\n<meta name=\"twitter:card\" content=\"summary_large_image\" \/>\n<meta name=\"twitter:label1\" content=\"Gesch\u00e4tzte Lesezeit\" \/>\n\t<meta name=\"twitter:data1\" content=\"1 Minute\" \/>\n<script type=\"application\/ld+json\" class=\"yoast-schema-graph\">{\"@context\":\"https:\/\/schema.org\",\"@graph\":[{\"@type\":\"WebPage\",\"@id\":\"https:\/\/www.royalplaza.ch\/de\/konferenzen-bankette\/\",\"url\":\"https:\/\/www.royalplaza.ch\/de\/konferenzen-bankette\/\",\"name\":\"Konferenzen &amp; Bankette - Royal Plaza Montreux\",\"isPartOf\":{\"@id\":\"https:\/\/www.royalplaza.ch\/de\/#website\"},\"datePublished\":\"2024-12-02T12:53:11+00:00\",\"dateModified\":\"2025-06-16T10:57:18+00:00\",\"description\":\"Ob f\u00fcr ein Seminar, eine Konferenz oder ein Bankett \u2013 das Royal Plaza Montreux bietet den perfekten Rahmen f\u00fcr Ihre n\u00e4chste Veranstaltung, egal ob klein oder gro\u00df. Unser Haus verf\u00fcgt \u00fcber 11 flexibel gestaltbare und voll ausgestattete R\u00e4ume, von denen sich die meisten in unserem Konferenzzentrum befinden \u2013 einem vollst\u00e4ndig privatisierbaren Bereich mit Platz f\u00fcr bis zu 250 Teilnehmer. Dieser \u00f6ffnet sich zu einem wundersch\u00f6nen privaten Garten mit direktem Zugang zur Promenade. Dank seiner einzigartigen Lage am Ufer des Genfersees, in der N\u00e4he des Bahnhofs, der Autobahnausfahrt und nur wenige Schritte vom 2m2c entfernt, vereint unser Hotel Zug\u00e4nglichkeit und Ruhe\",\"breadcrumb\":{\"@id\":\"https:\/\/www.royalplaza.ch\/de\/konferenzen-bankette\/#breadcrumb\"},\"inLanguage\":\"de-DE\",\"potentialAction\":[{\"@type\":\"ReadAction\",\"target\":[\"https:\/\/www.royalplaza.ch\/de\/konferenzen-bankette\/\"]}]},{\"@type\":\"BreadcrumbList\",\"@id\":\"https:\/\/www.royalplaza.ch\/de\/konferenzen-bankette\/#breadcrumb\",\"itemListElement\":[{\"@type\":\"ListItem\",\"position\":1,\"name\":\"Home\",\"item\":\"https:\/\/www.royalplaza.ch\/de\/\"},{\"@type\":\"ListItem\",\"position\":2,\"name\":\"Konferenzen &amp; Bankette\"}]},{\"@type\":\"WebSite\",\"@id\":\"https:\/\/www.royalplaza.ch\/de\/#website\",\"url\":\"https:\/\/www.royalplaza.ch\/de\/\",\"name\":\"Royal Plaza Montreux\",\"description\":\"\",\"publisher\":{\"@id\":\"https:\/\/www.royalplaza.ch\/de\/#organization\"},\"potentialAction\":[{\"@type\":\"SearchAction\",\"target\":{\"@type\":\"EntryPoint\",\"urlTemplate\":\"https:\/\/www.royalplaza.ch\/de\/?s={search_term_string}\"},\"query-input\":\"required name=search_term_string\"}],\"inLanguage\":\"de-DE\"},{\"@type\":\"Organization\",\"@id\":\"https:\/\/www.royalplaza.ch\/de\/#organization\",\"name\":\"Royal Plaza Montreux\",\"url\":\"https:\/\/www.royalplaza.ch\/de\/\",\"logo\":{\"@type\":\"ImageObject\",\"inLanguage\":\"de-DE\",\"@id\":\"https:\/\/www.royalplaza.ch\/de\/#\/schema\/logo\/image\/\",\"url\":\"https:\/\/www.royalplaza.ch\/wp-content\/uploads\/sites\/185\/2024\/12\/Plan-de-travail-2.png\",\"contentUrl\":\"https:\/\/www.royalplaza.ch\/wp-content\/uploads\/sites\/185\/2024\/12\/Plan-de-travail-2.png\",\"width\":1200,\"height\":326,\"caption\":\"Royal Plaza Montreux\"},\"image\":{\"@id\":\"https:\/\/www.royalplaza.ch\/de\/#\/schema\/logo\/image\/\"},\"sameAs\":[\"https:\/\/www.facebook.com\/hotelroyalplazamtx\",\"https:\/\/www.instagram.com\/hotelroyalplazamtx\/\",\"https:\/\/www.linkedin.com\/company\/royal-plaza-montreux\/\"]}]}<\/script>\n<!-- \/ Yoast SEO plugin. -->","yoast_head_json":{"title":"Konferenzen &amp; Bankette - Royal Plaza Montreux","description":"Ob f\u00fcr ein Seminar, eine Konferenz oder ein Bankett \u2013 das Royal Plaza Montreux bietet den perfekten Rahmen f\u00fcr Ihre n\u00e4chste Veranstaltung, egal ob klein oder gro\u00df. Unser Haus verf\u00fcgt \u00fcber 11 flexibel gestaltbare und voll ausgestattete R\u00e4ume, von denen sich die meisten in unserem Konferenzzentrum befinden \u2013 einem vollst\u00e4ndig privatisierbaren Bereich mit Platz f\u00fcr bis zu 250 Teilnehmer. Dieser \u00f6ffnet sich zu einem wundersch\u00f6nen privaten Garten mit direktem Zugang zur Promenade. Dank seiner einzigartigen Lage am Ufer des Genfersees, in der N\u00e4he des Bahnhofs, der Autobahnausfahrt und nur wenige Schritte vom 2m2c entfernt, vereint unser Hotel Zug\u00e4nglichkeit und Ruhe","robots":{"index":"index","follow":"follow","max-snippet":"max-snippet:-1","max-image-preview":"max-image-preview:large","max-video-preview":"max-video-preview:-1"},"canonical":"https:\/\/www.royalplaza.ch\/de\/konferenzen-bankette\/","og_locale":"de_DE","og_type":"article","og_title":"Konferenzen &amp; Bankette - Royal Plaza Montreux","og_description":"Ob f\u00fcr ein Seminar, eine Konferenz oder ein Bankett \u2013 das Royal Plaza Montreux bietet den perfekten Rahmen f\u00fcr Ihre n\u00e4chste Veranstaltung, egal ob klein oder gro\u00df. Unser Haus verf\u00fcgt \u00fcber 11 flexibel gestaltbare und voll ausgestattete R\u00e4ume, von denen sich die meisten in unserem Konferenzzentrum befinden \u2013 einem vollst\u00e4ndig privatisierbaren Bereich mit Platz f\u00fcr bis zu 250 Teilnehmer. Dieser \u00f6ffnet sich zu einem wundersch\u00f6nen privaten Garten mit direktem Zugang zur Promenade. Dank seiner einzigartigen Lage am Ufer des Genfersees, in der N\u00e4he des Bahnhofs, der Autobahnausfahrt und nur wenige Schritte vom 2m2c entfernt, vereint unser Hotel Zug\u00e4nglichkeit und Ruhe","og_url":"https:\/\/www.royalplaza.ch\/de\/konferenzen-bankette\/","og_site_name":"Royal Plaza Montreux","article_publisher":"https:\/\/www.facebook.com\/hotelroyalplazamtx","article_modified_time":"2025-06-16T10:57:18+00:00","twitter_card":"summary_large_image","twitter_misc":{"Gesch\u00e4tzte Lesezeit":"1 Minute"},"schema":{"@context":"https:\/\/schema.org","@graph":[{"@type":"WebPage","@id":"https:\/\/www.royalplaza.ch\/de\/konferenzen-bankette\/","url":"https:\/\/www.royalplaza.ch\/de\/konferenzen-bankette\/","name":"Konferenzen &amp; Bankette - Royal Plaza Montreux","isPartOf":{"@id":"https:\/\/www.royalplaza.ch\/de\/#website"},"datePublished":"2024-12-02T12:53:11+00:00","dateModified":"2025-06-16T10:57:18+00:00","description":"Ob f\u00fcr ein Seminar, eine Konferenz oder ein Bankett \u2013 das Royal Plaza Montreux bietet den perfekten Rahmen f\u00fcr Ihre n\u00e4chste Veranstaltung, egal ob klein oder gro\u00df. Unser Haus verf\u00fcgt \u00fcber 11 flexibel gestaltbare und voll ausgestattete R\u00e4ume, von denen sich die meisten in unserem Konferenzzentrum befinden \u2013 einem vollst\u00e4ndig privatisierbaren Bereich mit Platz f\u00fcr bis zu 250 Teilnehmer. Dieser \u00f6ffnet sich zu einem wundersch\u00f6nen privaten Garten mit direktem Zugang zur Promenade. Dank seiner einzigartigen Lage am Ufer des Genfersees, in der N\u00e4he des Bahnhofs, der Autobahnausfahrt und nur wenige Schritte vom 2m2c entfernt, vereint unser Hotel Zug\u00e4nglichkeit und Ruhe","breadcrumb":{"@id":"https:\/\/www.royalplaza.ch\/de\/konferenzen-bankette\/#breadcrumb"},"inLanguage":"de-DE","potentialAction":[{"@type":"ReadAction","target":["https:\/\/www.royalplaza.ch\/de\/konferenzen-bankette\/"]}]},{"@type":"BreadcrumbList","@id":"https:\/\/www.royalplaza.ch\/de\/konferenzen-bankette\/#breadcrumb","itemListElement":[{"@type":"ListItem","position":1,"name":"Home","item":"https:\/\/www.royalplaza.ch\/de\/"},{"@type":"ListItem","position":2,"name":"Konferenzen &amp; Bankette"}]},{"@type":"WebSite","@id":"https:\/\/www.royalplaza.ch\/de\/#website","url":"https:\/\/www.royalplaza.ch\/de\/","name":"Royal Plaza Montreux","description":"","publisher":{"@id":"https:\/\/www.royalplaza.ch\/de\/#organization"},"potentialAction":[{"@type":"SearchAction","target":{"@type":"EntryPoint","urlTemplate":"https:\/\/www.royalplaza.ch\/de\/?s={search_term_string}"},"query-input":"required name=search_term_string"}],"inLanguage":"de-DE"},{"@type":"Organization","@id":"https:\/\/www.royalplaza.ch\/de\/#organization","name":"Royal Plaza Montreux","url":"https:\/\/www.royalplaza.ch\/de\/","logo":{"@type":"ImageObject","inLanguage":"de-DE","@id":"https:\/\/www.royalplaza.ch\/de\/#\/schema\/logo\/image\/","url":"https:\/\/www.royalplaza.ch\/wp-content\/uploads\/sites\/185\/2024\/12\/Plan-de-travail-2.png","contentUrl":"https:\/\/www.royalplaza.ch\/wp-content\/uploads\/sites\/185\/2024\/12\/Plan-de-travail-2.png","width":1200,"height":326,"caption":"Royal Plaza Montreux"},"image":{"@id":"https:\/\/www.royalplaza.ch\/de\/#\/schema\/logo\/image\/"},"sameAs":["https:\/\/www.facebook.com\/hotelroyalplazamtx","https:\/\/www.instagram.com\/hotelroyalplazamtx\/","https:\/\/www.linkedin.com\/company\/royal-plaza-montreux\/"]}]}},"acf":[],"_links":{"self":[{"href":"https:\/\/www.royalplaza.ch\/de\/wp-json\/wp\/v2\/pages\/653"}],"collection":[{"href":"https:\/\/www.royalplaza.ch\/de\/wp-json\/wp\/v2\/pages"}],"about":[{"href":"https:\/\/www.royalplaza.ch\/de\/wp-json\/wp\/v2\/types\/page"}],"author":[{"embeddable":true,"href":"https:\/\/www.royalplaza.ch\/de\/wp-json\/wp\/v2\/users\/124"}],"replies":[{"embeddable":true,"href":"https:\/\/www.royalplaza.ch\/de\/wp-json\/wp\/v2\/comments?post=653"}],"version-history":[{"count":0,"href":"https:\/\/www.royalplaza.ch\/de\/wp-json\/wp\/v2\/pages\/653\/revisions"}],"wp:attachment":[{"href":"https:\/\/www.royalplaza.ch\/de\/wp-json\/wp\/v2\/media?parent=653"}],"curies":[{"name":"wp","href":"https:\/\/api.w.org\/{rel}","templated":true}]}}