{"id":650,"date":"2024-12-02T11:25:51","date_gmt":"2024-12-02T11:25:51","guid":{"rendered":"https:\/\/royal-plaza-montreux.ms2.decms.eu\/zimmer-suiten\/suite-royale\/"},"modified":"2025-06-16T10:55:38","modified_gmt":"2025-06-16T10:55:38","slug":"royal-suite","status":"publish","type":"page","link":"https:\/\/www.royalplaza.ch\/de\/zimmer-suiten\/royal-suite\/","title":{"rendered":"Royal Suite"},"content":{"rendered":"<p style=\"text-align: justify;\">Mit einer Wohnfl\u00e4che von 340 m\u00b2 &amp; einer Terrasse von 120 m\u00b2 mit Blick auf den See ist sie die gr\u00f6\u00dfte Suite an der Waadtl\u00e4nder Riviera! Die ausschlie\u00dflich in hellen T\u00f6nen gehaltene Suite befindet sich im zweiten Stock des Geb\u00e4udes &amp; besteht aus zwei Schlafzimmern, die mit jeglichem modernen Komfort ausgestattet sind. Jedes Zimmer hat einen B\u00fcrobereich sowie einen Duschraum &amp; ein Duschbad, mit direktem Zugang zu einer m\u00f6blierten Privatterrasse mit Jacuzzi. Dank ihres gro\u00dfen Wohnzimmers, das aus einem modularen Esszimmer, einer ausgestatteten K\u00fcche, einem m\u00f6blierten B\u00fcrobereich, einem Ruhebereich &amp; einem Heimkino besteht, eignet sich die Suite ausgezeichnet f\u00fcr Empf\u00e4nge, Familientreffen oder festliche Diners. F\u00fcr noch mehr Komfort k\u00f6nnen Sie auch die White-Junior-Suite hinzubuchen, die mit der Royal Suite verbunden werden kann.<\/p>\n<p>&nbsp;<\/p>\n","protected":false},"excerpt":{"rendered":"<p>Mit einer Wohnfl\u00e4che von 340 m\u00b2 &amp; einer Terrasse von 120 m\u00b2 mit Blick auf den See ist sie die gr\u00f6\u00dfte Suite an der Waadtl\u00e4nder Riviera! Die ausschlie\u00dflich in hellen T\u00f6nen gehaltene Suite befindet sich im zweiten Stock des Geb\u00e4udes &amp; besteht aus zwei Schlafzimmern, die mit jeglichem modernen Komfort ausgestattet sind. Jedes Zimmer hat [&hellip;]<\/p>\n","protected":false},"author":124,"featured_media":0,"parent":637,"menu_order":0,"comment_status":"closed","ping_status":"closed","template":"template-single-room.php","meta":{"footnotes":""},"class_list":["post-650","page","type-page","status-publish","hentry"],"yoast_head":"<!-- This site is optimized with the Yoast SEO plugin v27.3 - https:\/\/yoast.com\/product\/yoast-seo-wordpress\/ -->\n<title>Royal Suite - Royal Plaza Montreux<\/title>\n<meta name=\"description\" content=\"Mit einer Wohnfl\u00e4che von 340 m\u00b2 &amp; einer Terrasse von 120 m\u00b2 mit Blick auf den See ist sie die gr\u00f6\u00dfte Suite an der Waadtl\u00e4nder Riviera! Die ausschlie\u00dflich in hellen T\u00f6nen gehaltene Suite befindet sich im zweiten Stock des Geb\u00e4udes &amp; besteht aus zwei Schlafzimmern, die mit jeglichem modernen Komfort ausgestattet sind. Jedes Zimmer hat einen B\u00fcrobereich sowie einen Duschraum &amp; ein Duschbad, mit direktem Zugang zu einer m\u00f6blierten Privatterrasse mit Jacuzzi\" \/>\n<meta name=\"robots\" content=\"index, follow, max-snippet:-1, max-image-preview:large, max-video-preview:-1\" \/>\n<link rel=\"canonical\" href=\"https:\/\/www.royalplaza.ch\/de\/zimmer-suiten\/royal-suite\/\" \/>\n<meta property=\"og:locale\" content=\"de_DE\" \/>\n<meta property=\"og:type\" content=\"article\" \/>\n<meta property=\"og:title\" content=\"Royal Suite - Royal Plaza Montreux\" \/>\n<meta property=\"og:description\" content=\"Mit einer Wohnfl\u00e4che von 340 m\u00b2 &amp; einer Terrasse von 120 m\u00b2 mit Blick auf den See ist sie die gr\u00f6\u00dfte Suite an der Waadtl\u00e4nder Riviera! Die ausschlie\u00dflich in hellen T\u00f6nen gehaltene Suite befindet sich im zweiten Stock des Geb\u00e4udes &amp; besteht aus zwei Schlafzimmern, die mit jeglichem modernen Komfort ausgestattet sind. Jedes Zimmer hat einen B\u00fcrobereich sowie einen Duschraum &amp; ein Duschbad, mit direktem Zugang zu einer m\u00f6blierten Privatterrasse mit Jacuzzi\" \/>\n<meta property=\"og:url\" content=\"https:\/\/www.royalplaza.ch\/de\/zimmer-suiten\/royal-suite\/\" \/>\n<meta property=\"og:site_name\" content=\"Royal Plaza Montreux\" \/>\n<meta property=\"article:publisher\" content=\"https:\/\/www.facebook.com\/hotelroyalplazamtx\" \/>\n<meta property=\"article:modified_time\" content=\"2025-06-16T10:55:38+00:00\" \/>\n<meta name=\"twitter:card\" content=\"summary_large_image\" \/>\n<meta name=\"twitter:label1\" content=\"Gesch\u00e4tzte Lesezeit\" \/>\n\t<meta name=\"twitter:data1\" content=\"1 Minute\" \/>\n<script type=\"application\/ld+json\" class=\"yoast-schema-graph\">{\"@context\":\"https:\\\/\\\/schema.org\",\"@graph\":[{\"@type\":\"WebPage\",\"@id\":\"https:\\\/\\\/www.royalplaza.ch\\\/de\\\/zimmer-suiten\\\/royal-suite\\\/\",\"url\":\"https:\\\/\\\/www.royalplaza.ch\\\/de\\\/zimmer-suiten\\\/royal-suite\\\/\",\"name\":\"Royal Suite - Royal Plaza Montreux\",\"isPartOf\":{\"@id\":\"https:\\\/\\\/www.royalplaza.ch\\\/de\\\/#website\"},\"datePublished\":\"2024-12-02T11:25:51+00:00\",\"dateModified\":\"2025-06-16T10:55:38+00:00\",\"description\":\"Mit einer Wohnfl\u00e4che von 340 m\u00b2 &amp; einer Terrasse von 120 m\u00b2 mit Blick auf den See ist sie die gr\u00f6\u00dfte Suite an der Waadtl\u00e4nder Riviera! Die ausschlie\u00dflich in hellen T\u00f6nen gehaltene Suite befindet sich im zweiten Stock des Geb\u00e4udes &amp; besteht aus zwei Schlafzimmern, die mit jeglichem modernen Komfort ausgestattet sind. Jedes Zimmer hat einen B\u00fcrobereich sowie einen Duschraum &amp; ein Duschbad, mit direktem Zugang zu einer m\u00f6blierten Privatterrasse mit Jacuzzi\",\"breadcrumb\":{\"@id\":\"https:\\\/\\\/www.royalplaza.ch\\\/de\\\/zimmer-suiten\\\/royal-suite\\\/#breadcrumb\"},\"inLanguage\":\"de-DE\",\"potentialAction\":[{\"@type\":\"ReadAction\",\"target\":[\"https:\\\/\\\/www.royalplaza.ch\\\/de\\\/zimmer-suiten\\\/royal-suite\\\/\"]}]},{\"@type\":\"BreadcrumbList\",\"@id\":\"https:\\\/\\\/www.royalplaza.ch\\\/de\\\/zimmer-suiten\\\/royal-suite\\\/#breadcrumb\",\"itemListElement\":[{\"@type\":\"ListItem\",\"position\":1,\"name\":\"Home\",\"item\":\"https:\\\/\\\/www.royalplaza.ch\\\/de\\\/\"},{\"@type\":\"ListItem\",\"position\":2,\"name\":\"Zimmer &amp; Suiten\",\"item\":\"https:\\\/\\\/www.royalplaza.ch\\\/de\\\/zimmer-suiten\\\/\"},{\"@type\":\"ListItem\",\"position\":3,\"name\":\"Royal Suite\"}]},{\"@type\":\"WebSite\",\"@id\":\"https:\\\/\\\/www.royalplaza.ch\\\/de\\\/#website\",\"url\":\"https:\\\/\\\/www.royalplaza.ch\\\/de\\\/\",\"name\":\"Royal Plaza Montreux\",\"description\":\"\",\"publisher\":{\"@id\":\"https:\\\/\\\/www.royalplaza.ch\\\/de\\\/#organization\"},\"potentialAction\":[{\"@type\":\"SearchAction\",\"target\":{\"@type\":\"EntryPoint\",\"urlTemplate\":\"https:\\\/\\\/www.royalplaza.ch\\\/de\\\/?s={search_term_string}\"},\"query-input\":{\"@type\":\"PropertyValueSpecification\",\"valueRequired\":true,\"valueName\":\"search_term_string\"}}],\"inLanguage\":\"de-DE\"},{\"@type\":\"Organization\",\"@id\":\"https:\\\/\\\/www.royalplaza.ch\\\/de\\\/#organization\",\"name\":\"Royal Plaza Montreux\",\"url\":\"https:\\\/\\\/www.royalplaza.ch\\\/de\\\/\",\"logo\":{\"@type\":\"ImageObject\",\"inLanguage\":\"de-DE\",\"@id\":\"https:\\\/\\\/www.royalplaza.ch\\\/de\\\/#\\\/schema\\\/logo\\\/image\\\/\",\"url\":\"https:\\\/\\\/www.royalplaza.ch\\\/wp-content\\\/uploads\\\/sites\\\/185\\\/2024\\\/12\\\/Plan-de-travail-2.png\",\"contentUrl\":\"https:\\\/\\\/www.royalplaza.ch\\\/wp-content\\\/uploads\\\/sites\\\/185\\\/2024\\\/12\\\/Plan-de-travail-2.png\",\"width\":1200,\"height\":326,\"caption\":\"Royal Plaza Montreux\"},\"image\":{\"@id\":\"https:\\\/\\\/www.royalplaza.ch\\\/de\\\/#\\\/schema\\\/logo\\\/image\\\/\"},\"sameAs\":[\"https:\\\/\\\/www.facebook.com\\\/hotelroyalplazamtx\",\"https:\\\/\\\/www.instagram.com\\\/hotelroyalplazamtx\\\/\",\"https:\\\/\\\/www.linkedin.com\\\/company\\\/royal-plaza-montreux\\\/\"]}]}<\/script>\n<!-- \/ Yoast SEO plugin. -->","yoast_head_json":{"title":"Royal Suite - Royal Plaza Montreux","description":"Mit einer Wohnfl\u00e4che von 340 m\u00b2 &amp; einer Terrasse von 120 m\u00b2 mit Blick auf den See ist sie die gr\u00f6\u00dfte Suite an der Waadtl\u00e4nder Riviera! Die ausschlie\u00dflich in hellen T\u00f6nen gehaltene Suite befindet sich im zweiten Stock des Geb\u00e4udes &amp; besteht aus zwei Schlafzimmern, die mit jeglichem modernen Komfort ausgestattet sind. Jedes Zimmer hat einen B\u00fcrobereich sowie einen Duschraum &amp; ein Duschbad, mit direktem Zugang zu einer m\u00f6blierten Privatterrasse mit Jacuzzi","robots":{"index":"index","follow":"follow","max-snippet":"max-snippet:-1","max-image-preview":"max-image-preview:large","max-video-preview":"max-video-preview:-1"},"canonical":"https:\/\/www.royalplaza.ch\/de\/zimmer-suiten\/royal-suite\/","og_locale":"de_DE","og_type":"article","og_title":"Royal Suite - Royal Plaza Montreux","og_description":"Mit einer Wohnfl\u00e4che von 340 m\u00b2 &amp; einer Terrasse von 120 m\u00b2 mit Blick auf den See ist sie die gr\u00f6\u00dfte Suite an der Waadtl\u00e4nder Riviera! Die ausschlie\u00dflich in hellen T\u00f6nen gehaltene Suite befindet sich im zweiten Stock des Geb\u00e4udes &amp; besteht aus zwei Schlafzimmern, die mit jeglichem modernen Komfort ausgestattet sind. Jedes Zimmer hat einen B\u00fcrobereich sowie einen Duschraum &amp; ein Duschbad, mit direktem Zugang zu einer m\u00f6blierten Privatterrasse mit Jacuzzi","og_url":"https:\/\/www.royalplaza.ch\/de\/zimmer-suiten\/royal-suite\/","og_site_name":"Royal Plaza Montreux","article_publisher":"https:\/\/www.facebook.com\/hotelroyalplazamtx","article_modified_time":"2025-06-16T10:55:38+00:00","twitter_card":"summary_large_image","twitter_misc":{"Gesch\u00e4tzte Lesezeit":"1 Minute"},"schema":{"@context":"https:\/\/schema.org","@graph":[{"@type":"WebPage","@id":"https:\/\/www.royalplaza.ch\/de\/zimmer-suiten\/royal-suite\/","url":"https:\/\/www.royalplaza.ch\/de\/zimmer-suiten\/royal-suite\/","name":"Royal Suite - Royal Plaza Montreux","isPartOf":{"@id":"https:\/\/www.royalplaza.ch\/de\/#website"},"datePublished":"2024-12-02T11:25:51+00:00","dateModified":"2025-06-16T10:55:38+00:00","description":"Mit einer Wohnfl\u00e4che von 340 m\u00b2 &amp; einer Terrasse von 120 m\u00b2 mit Blick auf den See ist sie die gr\u00f6\u00dfte Suite an der Waadtl\u00e4nder Riviera! Die ausschlie\u00dflich in hellen T\u00f6nen gehaltene Suite befindet sich im zweiten Stock des Geb\u00e4udes &amp; besteht aus zwei Schlafzimmern, die mit jeglichem modernen Komfort ausgestattet sind. Jedes Zimmer hat einen B\u00fcrobereich sowie einen Duschraum &amp; ein Duschbad, mit direktem Zugang zu einer m\u00f6blierten Privatterrasse mit Jacuzzi","breadcrumb":{"@id":"https:\/\/www.royalplaza.ch\/de\/zimmer-suiten\/royal-suite\/#breadcrumb"},"inLanguage":"de-DE","potentialAction":[{"@type":"ReadAction","target":["https:\/\/www.royalplaza.ch\/de\/zimmer-suiten\/royal-suite\/"]}]},{"@type":"BreadcrumbList","@id":"https:\/\/www.royalplaza.ch\/de\/zimmer-suiten\/royal-suite\/#breadcrumb","itemListElement":[{"@type":"ListItem","position":1,"name":"Home","item":"https:\/\/www.royalplaza.ch\/de\/"},{"@type":"ListItem","position":2,"name":"Zimmer &amp; Suiten","item":"https:\/\/www.royalplaza.ch\/de\/zimmer-suiten\/"},{"@type":"ListItem","position":3,"name":"Royal Suite"}]},{"@type":"WebSite","@id":"https:\/\/www.royalplaza.ch\/de\/#website","url":"https:\/\/www.royalplaza.ch\/de\/","name":"Royal Plaza Montreux","description":"","publisher":{"@id":"https:\/\/www.royalplaza.ch\/de\/#organization"},"potentialAction":[{"@type":"SearchAction","target":{"@type":"EntryPoint","urlTemplate":"https:\/\/www.royalplaza.ch\/de\/?s={search_term_string}"},"query-input":{"@type":"PropertyValueSpecification","valueRequired":true,"valueName":"search_term_string"}}],"inLanguage":"de-DE"},{"@type":"Organization","@id":"https:\/\/www.royalplaza.ch\/de\/#organization","name":"Royal Plaza Montreux","url":"https:\/\/www.royalplaza.ch\/de\/","logo":{"@type":"ImageObject","inLanguage":"de-DE","@id":"https:\/\/www.royalplaza.ch\/de\/#\/schema\/logo\/image\/","url":"https:\/\/www.royalplaza.ch\/wp-content\/uploads\/sites\/185\/2024\/12\/Plan-de-travail-2.png","contentUrl":"https:\/\/www.royalplaza.ch\/wp-content\/uploads\/sites\/185\/2024\/12\/Plan-de-travail-2.png","width":1200,"height":326,"caption":"Royal Plaza Montreux"},"image":{"@id":"https:\/\/www.royalplaza.ch\/de\/#\/schema\/logo\/image\/"},"sameAs":["https:\/\/www.facebook.com\/hotelroyalplazamtx","https:\/\/www.instagram.com\/hotelroyalplazamtx\/","https:\/\/www.linkedin.com\/company\/royal-plaza-montreux\/"]}]}},"acf":[],"_links":{"self":[{"href":"https:\/\/www.royalplaza.ch\/de\/wp-json\/wp\/v2\/pages\/650","targetHints":{"allow":["GET"]}}],"collection":[{"href":"https:\/\/www.royalplaza.ch\/de\/wp-json\/wp\/v2\/pages"}],"about":[{"href":"https:\/\/www.royalplaza.ch\/de\/wp-json\/wp\/v2\/types\/page"}],"author":[{"embeddable":true,"href":"https:\/\/www.royalplaza.ch\/de\/wp-json\/wp\/v2\/users\/124"}],"replies":[{"embeddable":true,"href":"https:\/\/www.royalplaza.ch\/de\/wp-json\/wp\/v2\/comments?post=650"}],"version-history":[{"count":0,"href":"https:\/\/www.royalplaza.ch\/de\/wp-json\/wp\/v2\/pages\/650\/revisions"}],"up":[{"embeddable":true,"href":"https:\/\/www.royalplaza.ch\/de\/wp-json\/wp\/v2\/pages\/637"}],"wp:attachment":[{"href":"https:\/\/www.royalplaza.ch\/de\/wp-json\/wp\/v2\/media?parent=650"}],"curies":[{"name":"wp","href":"https:\/\/api.w.org\/{rel}","templated":true}]}}