{"id":639,"date":"2024-12-02T11:13:33","date_gmt":"2024-12-02T11:13:33","guid":{"rendered":"https:\/\/royal-plaza-montreux.ms2.decms.eu\/zimmer-suiten\/chambre-deluxe\/"},"modified":"2025-06-16T10:52:49","modified_gmt":"2025-06-16T10:52:49","slug":"deluxe-zimmer","status":"publish","type":"page","link":"https:\/\/www.royalplaza.ch\/de\/zimmer-suiten\/deluxe-zimmer\/","title":{"rendered":"Deluxe Zimmer"},"content":{"rendered":"<p style=\"text-align: justify;\">Die Aussicht von diesen Zimmern aus ist einfach spektakul\u00e4r, ob Sie sich an der Seeseite oder an der Ostseite* des Hotels befinden. Alle Deluxe Zimmer verf\u00fcgen \u00fcber einen gro\u00dfen privaten, m\u00f6blierten Balkon, von dem aus Sie die volle Pracht der Alpen sowie Sonnenauf- &amp; \u2013unterg\u00e4nge genie\u00dfen k\u00f6nnen. Dank ihrer gro\u00dfen Uferpromenaden verwandeln sich diese R\u00e4ume in helle hochkomfortable Wohnr\u00e4ume, in denen sanfte &amp; beruhigende Farbt\u00f6ne dominieren. Jedes Zimmer verf\u00fcgt \u00fcber eine Nespresso-Kaffeemaschine, f\u00fcr die wir Ihnen sehr gern zwei Kapseln pro Tag sowie eine Auswahl an Heissgetr\u00e4nken (Nescaf\u00e9 &amp; Teebeutel) zur Verf\u00fcgung stellen.<\/p>\n<p><em>*Bitte beachten Sie, dass aufgrund der Bauarbeiten am 2m2c, die derzeit den Park in Anspruch nehmen, die Aussicht von den Zimmern auf der Park- und Seeseite beeintr\u00e4chtigt ist. Weitere Informationen finden Sie auf unserer <a href=\"https:\/\/royal-plaza-montreux.ms2.decms.eu\/de\/nachrichten\/\" target=\"_blank\" rel=\"noopener noreferrer\">Nachrichten-Seite<\/a>.<\/em><\/p>\n","protected":false},"excerpt":{"rendered":"<p>Die Aussicht von diesen Zimmern aus ist einfach spektakul\u00e4r, ob Sie sich an der Seeseite oder an der Ostseite* des Hotels befinden. Alle Deluxe Zimmer verf\u00fcgen \u00fcber einen gro\u00dfen privaten, m\u00f6blierten Balkon, von dem aus Sie die volle Pracht der Alpen sowie Sonnenauf- &amp; \u2013unterg\u00e4nge genie\u00dfen k\u00f6nnen. Dank ihrer gro\u00dfen Uferpromenaden verwandeln sich diese R\u00e4ume [&hellip;]<\/p>\n","protected":false},"author":124,"featured_media":0,"parent":637,"menu_order":0,"comment_status":"closed","ping_status":"closed","template":"template-single-room.php","meta":{"footnotes":""},"class_list":["post-639","page","type-page","status-publish","hentry"],"yoast_head":"<!-- This site is optimized with the Yoast SEO plugin v27.3 - https:\/\/yoast.com\/product\/yoast-seo-wordpress\/ -->\n<title>Deluxe Zimmer - Royal Plaza Montreux<\/title>\n<meta name=\"description\" content=\"Die Aussicht von diesen Zimmern aus ist einfach spektakul\u00e4r, ob Sie sich an der Seeseite oder an der Ostseite* des Hotels befinden. Alle Deluxe Zimmer verf\u00fcgen \u00fcber einen gro\u00dfen privaten, m\u00f6blierten Balkon, von dem aus Sie die volle Pracht der Alpen sowie Sonnenauf- &amp; \u2013unterg\u00e4nge genie\u00dfen k\u00f6nnen\" \/>\n<meta name=\"robots\" content=\"index, follow, max-snippet:-1, max-image-preview:large, max-video-preview:-1\" \/>\n<link rel=\"canonical\" href=\"https:\/\/www.royalplaza.ch\/de\/zimmer-suiten\/deluxe-zimmer\/\" \/>\n<meta property=\"og:locale\" content=\"de_DE\" \/>\n<meta property=\"og:type\" content=\"article\" \/>\n<meta property=\"og:title\" content=\"Deluxe Zimmer - Royal Plaza Montreux\" \/>\n<meta property=\"og:description\" content=\"Die Aussicht von diesen Zimmern aus ist einfach spektakul\u00e4r, ob Sie sich an der Seeseite oder an der Ostseite* des Hotels befinden. Alle Deluxe Zimmer verf\u00fcgen \u00fcber einen gro\u00dfen privaten, m\u00f6blierten Balkon, von dem aus Sie die volle Pracht der Alpen sowie Sonnenauf- &amp; \u2013unterg\u00e4nge genie\u00dfen k\u00f6nnen\" \/>\n<meta property=\"og:url\" content=\"https:\/\/www.royalplaza.ch\/de\/zimmer-suiten\/deluxe-zimmer\/\" \/>\n<meta property=\"og:site_name\" content=\"Royal Plaza Montreux\" \/>\n<meta property=\"article:publisher\" content=\"https:\/\/www.facebook.com\/hotelroyalplazamtx\" \/>\n<meta property=\"article:modified_time\" content=\"2025-06-16T10:52:49+00:00\" \/>\n<meta name=\"twitter:card\" content=\"summary_large_image\" \/>\n<meta name=\"twitter:label1\" content=\"Gesch\u00e4tzte Lesezeit\" \/>\n\t<meta name=\"twitter:data1\" content=\"1 Minute\" \/>\n<script type=\"application\/ld+json\" class=\"yoast-schema-graph\">{\"@context\":\"https:\\\/\\\/schema.org\",\"@graph\":[{\"@type\":\"WebPage\",\"@id\":\"https:\\\/\\\/www.royalplaza.ch\\\/de\\\/zimmer-suiten\\\/deluxe-zimmer\\\/\",\"url\":\"https:\\\/\\\/www.royalplaza.ch\\\/de\\\/zimmer-suiten\\\/deluxe-zimmer\\\/\",\"name\":\"Deluxe Zimmer - Royal Plaza Montreux\",\"isPartOf\":{\"@id\":\"https:\\\/\\\/www.royalplaza.ch\\\/de\\\/#website\"},\"datePublished\":\"2024-12-02T11:13:33+00:00\",\"dateModified\":\"2025-06-16T10:52:49+00:00\",\"description\":\"Die Aussicht von diesen Zimmern aus ist einfach spektakul\u00e4r, ob Sie sich an der Seeseite oder an der Ostseite* des Hotels befinden. Alle Deluxe Zimmer verf\u00fcgen \u00fcber einen gro\u00dfen privaten, m\u00f6blierten Balkon, von dem aus Sie die volle Pracht der Alpen sowie Sonnenauf- &amp; \u2013unterg\u00e4nge genie\u00dfen k\u00f6nnen\",\"breadcrumb\":{\"@id\":\"https:\\\/\\\/www.royalplaza.ch\\\/de\\\/zimmer-suiten\\\/deluxe-zimmer\\\/#breadcrumb\"},\"inLanguage\":\"de-DE\",\"potentialAction\":[{\"@type\":\"ReadAction\",\"target\":[\"https:\\\/\\\/www.royalplaza.ch\\\/de\\\/zimmer-suiten\\\/deluxe-zimmer\\\/\"]}]},{\"@type\":\"BreadcrumbList\",\"@id\":\"https:\\\/\\\/www.royalplaza.ch\\\/de\\\/zimmer-suiten\\\/deluxe-zimmer\\\/#breadcrumb\",\"itemListElement\":[{\"@type\":\"ListItem\",\"position\":1,\"name\":\"Home\",\"item\":\"https:\\\/\\\/www.royalplaza.ch\\\/de\\\/\"},{\"@type\":\"ListItem\",\"position\":2,\"name\":\"Zimmer &amp; Suiten\",\"item\":\"https:\\\/\\\/www.royalplaza.ch\\\/de\\\/zimmer-suiten\\\/\"},{\"@type\":\"ListItem\",\"position\":3,\"name\":\"Deluxe Zimmer\"}]},{\"@type\":\"WebSite\",\"@id\":\"https:\\\/\\\/www.royalplaza.ch\\\/de\\\/#website\",\"url\":\"https:\\\/\\\/www.royalplaza.ch\\\/de\\\/\",\"name\":\"Royal Plaza Montreux\",\"description\":\"\",\"publisher\":{\"@id\":\"https:\\\/\\\/www.royalplaza.ch\\\/de\\\/#organization\"},\"potentialAction\":[{\"@type\":\"SearchAction\",\"target\":{\"@type\":\"EntryPoint\",\"urlTemplate\":\"https:\\\/\\\/www.royalplaza.ch\\\/de\\\/?s={search_term_string}\"},\"query-input\":{\"@type\":\"PropertyValueSpecification\",\"valueRequired\":true,\"valueName\":\"search_term_string\"}}],\"inLanguage\":\"de-DE\"},{\"@type\":\"Organization\",\"@id\":\"https:\\\/\\\/www.royalplaza.ch\\\/de\\\/#organization\",\"name\":\"Royal Plaza Montreux\",\"url\":\"https:\\\/\\\/www.royalplaza.ch\\\/de\\\/\",\"logo\":{\"@type\":\"ImageObject\",\"inLanguage\":\"de-DE\",\"@id\":\"https:\\\/\\\/www.royalplaza.ch\\\/de\\\/#\\\/schema\\\/logo\\\/image\\\/\",\"url\":\"https:\\\/\\\/www.royalplaza.ch\\\/wp-content\\\/uploads\\\/sites\\\/185\\\/2024\\\/12\\\/Plan-de-travail-2.png\",\"contentUrl\":\"https:\\\/\\\/www.royalplaza.ch\\\/wp-content\\\/uploads\\\/sites\\\/185\\\/2024\\\/12\\\/Plan-de-travail-2.png\",\"width\":1200,\"height\":326,\"caption\":\"Royal Plaza Montreux\"},\"image\":{\"@id\":\"https:\\\/\\\/www.royalplaza.ch\\\/de\\\/#\\\/schema\\\/logo\\\/image\\\/\"},\"sameAs\":[\"https:\\\/\\\/www.facebook.com\\\/hotelroyalplazamtx\",\"https:\\\/\\\/www.instagram.com\\\/hotelroyalplazamtx\\\/\",\"https:\\\/\\\/www.linkedin.com\\\/company\\\/royal-plaza-montreux\\\/\"]}]}<\/script>\n<!-- \/ Yoast SEO plugin. -->","yoast_head_json":{"title":"Deluxe Zimmer - Royal Plaza Montreux","description":"Die Aussicht von diesen Zimmern aus ist einfach spektakul\u00e4r, ob Sie sich an der Seeseite oder an der Ostseite* des Hotels befinden. Alle Deluxe Zimmer verf\u00fcgen \u00fcber einen gro\u00dfen privaten, m\u00f6blierten Balkon, von dem aus Sie die volle Pracht der Alpen sowie Sonnenauf- &amp; \u2013unterg\u00e4nge genie\u00dfen k\u00f6nnen","robots":{"index":"index","follow":"follow","max-snippet":"max-snippet:-1","max-image-preview":"max-image-preview:large","max-video-preview":"max-video-preview:-1"},"canonical":"https:\/\/www.royalplaza.ch\/de\/zimmer-suiten\/deluxe-zimmer\/","og_locale":"de_DE","og_type":"article","og_title":"Deluxe Zimmer - Royal Plaza Montreux","og_description":"Die Aussicht von diesen Zimmern aus ist einfach spektakul\u00e4r, ob Sie sich an der Seeseite oder an der Ostseite* des Hotels befinden. Alle Deluxe Zimmer verf\u00fcgen \u00fcber einen gro\u00dfen privaten, m\u00f6blierten Balkon, von dem aus Sie die volle Pracht der Alpen sowie Sonnenauf- &amp; \u2013unterg\u00e4nge genie\u00dfen k\u00f6nnen","og_url":"https:\/\/www.royalplaza.ch\/de\/zimmer-suiten\/deluxe-zimmer\/","og_site_name":"Royal Plaza Montreux","article_publisher":"https:\/\/www.facebook.com\/hotelroyalplazamtx","article_modified_time":"2025-06-16T10:52:49+00:00","twitter_card":"summary_large_image","twitter_misc":{"Gesch\u00e4tzte Lesezeit":"1 Minute"},"schema":{"@context":"https:\/\/schema.org","@graph":[{"@type":"WebPage","@id":"https:\/\/www.royalplaza.ch\/de\/zimmer-suiten\/deluxe-zimmer\/","url":"https:\/\/www.royalplaza.ch\/de\/zimmer-suiten\/deluxe-zimmer\/","name":"Deluxe Zimmer - Royal Plaza Montreux","isPartOf":{"@id":"https:\/\/www.royalplaza.ch\/de\/#website"},"datePublished":"2024-12-02T11:13:33+00:00","dateModified":"2025-06-16T10:52:49+00:00","description":"Die Aussicht von diesen Zimmern aus ist einfach spektakul\u00e4r, ob Sie sich an der Seeseite oder an der Ostseite* des Hotels befinden. Alle Deluxe Zimmer verf\u00fcgen \u00fcber einen gro\u00dfen privaten, m\u00f6blierten Balkon, von dem aus Sie die volle Pracht der Alpen sowie Sonnenauf- &amp; \u2013unterg\u00e4nge genie\u00dfen k\u00f6nnen","breadcrumb":{"@id":"https:\/\/www.royalplaza.ch\/de\/zimmer-suiten\/deluxe-zimmer\/#breadcrumb"},"inLanguage":"de-DE","potentialAction":[{"@type":"ReadAction","target":["https:\/\/www.royalplaza.ch\/de\/zimmer-suiten\/deluxe-zimmer\/"]}]},{"@type":"BreadcrumbList","@id":"https:\/\/www.royalplaza.ch\/de\/zimmer-suiten\/deluxe-zimmer\/#breadcrumb","itemListElement":[{"@type":"ListItem","position":1,"name":"Home","item":"https:\/\/www.royalplaza.ch\/de\/"},{"@type":"ListItem","position":2,"name":"Zimmer &amp; Suiten","item":"https:\/\/www.royalplaza.ch\/de\/zimmer-suiten\/"},{"@type":"ListItem","position":3,"name":"Deluxe Zimmer"}]},{"@type":"WebSite","@id":"https:\/\/www.royalplaza.ch\/de\/#website","url":"https:\/\/www.royalplaza.ch\/de\/","name":"Royal Plaza Montreux","description":"","publisher":{"@id":"https:\/\/www.royalplaza.ch\/de\/#organization"},"potentialAction":[{"@type":"SearchAction","target":{"@type":"EntryPoint","urlTemplate":"https:\/\/www.royalplaza.ch\/de\/?s={search_term_string}"},"query-input":{"@type":"PropertyValueSpecification","valueRequired":true,"valueName":"search_term_string"}}],"inLanguage":"de-DE"},{"@type":"Organization","@id":"https:\/\/www.royalplaza.ch\/de\/#organization","name":"Royal Plaza Montreux","url":"https:\/\/www.royalplaza.ch\/de\/","logo":{"@type":"ImageObject","inLanguage":"de-DE","@id":"https:\/\/www.royalplaza.ch\/de\/#\/schema\/logo\/image\/","url":"https:\/\/www.royalplaza.ch\/wp-content\/uploads\/sites\/185\/2024\/12\/Plan-de-travail-2.png","contentUrl":"https:\/\/www.royalplaza.ch\/wp-content\/uploads\/sites\/185\/2024\/12\/Plan-de-travail-2.png","width":1200,"height":326,"caption":"Royal Plaza Montreux"},"image":{"@id":"https:\/\/www.royalplaza.ch\/de\/#\/schema\/logo\/image\/"},"sameAs":["https:\/\/www.facebook.com\/hotelroyalplazamtx","https:\/\/www.instagram.com\/hotelroyalplazamtx\/","https:\/\/www.linkedin.com\/company\/royal-plaza-montreux\/"]}]}},"acf":[],"_links":{"self":[{"href":"https:\/\/www.royalplaza.ch\/de\/wp-json\/wp\/v2\/pages\/639","targetHints":{"allow":["GET"]}}],"collection":[{"href":"https:\/\/www.royalplaza.ch\/de\/wp-json\/wp\/v2\/pages"}],"about":[{"href":"https:\/\/www.royalplaza.ch\/de\/wp-json\/wp\/v2\/types\/page"}],"author":[{"embeddable":true,"href":"https:\/\/www.royalplaza.ch\/de\/wp-json\/wp\/v2\/users\/124"}],"replies":[{"embeddable":true,"href":"https:\/\/www.royalplaza.ch\/de\/wp-json\/wp\/v2\/comments?post=639"}],"version-history":[{"count":0,"href":"https:\/\/www.royalplaza.ch\/de\/wp-json\/wp\/v2\/pages\/639\/revisions"}],"up":[{"embeddable":true,"href":"https:\/\/www.royalplaza.ch\/de\/wp-json\/wp\/v2\/pages\/637"}],"wp:attachment":[{"href":"https:\/\/www.royalplaza.ch\/de\/wp-json\/wp\/v2\/media?parent=639"}],"curies":[{"name":"wp","href":"https:\/\/api.w.org\/{rel}","templated":true}]}}