{"id":637,"date":"2024-12-02T11:07:22","date_gmt":"2024-12-02T11:07:22","guid":{"rendered":"https:\/\/royal-plaza-montreux.ms2.decms.eu\/chambres-suites\/"},"modified":"2025-06-19T15:14:41","modified_gmt":"2025-06-19T15:14:41","slug":"zimmer-suiten","status":"publish","type":"page","link":"https:\/\/www.royalplaza.ch\/de\/zimmer-suiten\/","title":{"rendered":"Zimmer &amp; Suiten"},"content":{"rendered":"<p style=\"text-align: justify;\">Entdecken Sie unsere komplett ausgestatteten 126 Zimmer &amp; 29 Suiten im klassischen oder modernen Stil. Obwohl sie alle unterschiedlich sind, verf\u00fchren sie gleicherma\u00dfen mit ihrem Komfort &amp; ihrer warmen Atmosph\u00e4re.<\/p>\n<p style=\"text-align: justify;\">Die meisten Zimmer &amp; alle Suiten verf\u00fcgen \u00fcber einen eigenen Balkon oder eine eigene Terrasse mit aussergew\u00f6hnlichem Blick auf den Genfersee &amp; die Alpen, der Ihnen in Seeterrasse unvergessliche Momente bescheren wird.<\/p>\n<p>Warum lassen Sie sich nicht von einem <a href=\"https:\/\/royal-plaza-montreux.ms2.decms.eu\/de\/unsere-sonderangebote\/\"><strong>unserer Pauschalangebote &amp; Sonderangebote<\/strong><\/a> verf\u00fchren, die darauf ausgelegt sind, Ihren Aufenthalt unvergesslich zu machen? Ob Weihnachtsmarkt, Valentinstag oder Schweizer Nationalfeiertag &#8211; erleben Sie ein einzigartiges Erlebnis im Herzen der Montreux Riviera.<\/p>\n<p style=\"text-align: justify;\"><em>Machen Sie Ihren Lieben eine Freude, indem Sie ihnen ein einzigartiges Erlebnis am Wasser schenken! <strong><a href=\"https:\/\/royal-plaza-montreux.ms2.decms.eu\/de\/geschenkgutschein\/\" target=\"_blank\" rel=\"noopener noreferrer\">Verschenken Sie einen Geschenkgutschein<\/a><\/strong> f\u00fcr das Royal Plaza Montreux.<\/em><\/p>\n","protected":false},"excerpt":{"rendered":"<p>Entdecken Sie unsere komplett ausgestatteten 126 Zimmer &amp; 29 Suiten im klassischen oder modernen Stil. Obwohl sie alle unterschiedlich sind, verf\u00fchren sie gleicherma\u00dfen mit ihrem Komfort &amp; ihrer warmen Atmosph\u00e4re. Die meisten Zimmer &amp; alle Suiten verf\u00fcgen \u00fcber einen eigenen Balkon oder eine eigene Terrasse mit aussergew\u00f6hnlichem Blick auf den Genfersee &amp; die Alpen, der [&hellip;]<\/p>\n","protected":false},"author":124,"featured_media":0,"parent":0,"menu_order":0,"comment_status":"closed","ping_status":"closed","template":"template-rooms.php","meta":{"footnotes":""},"class_list":["post-637","page","type-page","status-publish","hentry"],"yoast_head":"<!-- This site is optimized with the Yoast SEO plugin v27.3 - https:\/\/yoast.com\/product\/yoast-seo-wordpress\/ -->\n<title>Zimmer &amp; Suiten - Royal Plaza Montreux<\/title>\n<meta name=\"description\" content=\"Entdecken Sie unsere komplett ausgestatteten 126 Zimmer &amp; 29 Suiten im klassischen oder modernen Stil. Obwohl sie alle unterschiedlich sind, verf\u00fchren sie gleicherma\u00dfen mit ihrem Komfort &amp; ihrer warmen Atmosph\u00e4re. Die meisten Zimmer &amp; alle Suiten verf\u00fcgen \u00fcber einen eigenen Balkon oder eine eigene Terrasse mit aussergew\u00f6hnlichem Blick auf den Genfersee &amp; die Alpen, der Ihnen in Seeterrasse unvergessliche Momente bescheren wird. Warum lassen Sie sich nicht von einem unserer Pauschalangebote &amp; Sonderangebote verf\u00fchren, die darauf ausgelegt sind, Ihren Aufenthalt unvergesslich zu machen? Ob Weihnachtsmarkt, Valentinstag oder Schweizer Nationalfeiertag - erleben Sie ein einzigartiges Erlebnis im Herzen der Montreux Riviera. Machen Sie Ihren Lieben eine Freude, indem Sie ihnen ein einzigartiges Erlebnis am Wasser schenken! Verschenken Sie einen Geschenkgutschein f\u00fcr das Royal Plaza Montreux.\" \/>\n<meta name=\"robots\" content=\"index, follow, max-snippet:-1, max-image-preview:large, max-video-preview:-1\" \/>\n<link rel=\"canonical\" href=\"https:\/\/www.royalplaza.ch\/de\/zimmer-suiten\/\" \/>\n<meta property=\"og:locale\" content=\"de_DE\" \/>\n<meta property=\"og:type\" content=\"article\" \/>\n<meta property=\"og:title\" content=\"Zimmer &amp; Suiten - Royal Plaza Montreux\" \/>\n<meta property=\"og:description\" content=\"Entdecken Sie unsere komplett ausgestatteten 126 Zimmer &amp; 29 Suiten im klassischen oder modernen Stil. Obwohl sie alle unterschiedlich sind, verf\u00fchren sie gleicherma\u00dfen mit ihrem Komfort &amp; ihrer warmen Atmosph\u00e4re. Die meisten Zimmer &amp; alle Suiten verf\u00fcgen \u00fcber einen eigenen Balkon oder eine eigene Terrasse mit aussergew\u00f6hnlichem Blick auf den Genfersee &amp; die Alpen, der Ihnen in Seeterrasse unvergessliche Momente bescheren wird. Warum lassen Sie sich nicht von einem unserer Pauschalangebote &amp; Sonderangebote verf\u00fchren, die darauf ausgelegt sind, Ihren Aufenthalt unvergesslich zu machen? Ob Weihnachtsmarkt, Valentinstag oder Schweizer Nationalfeiertag - erleben Sie ein einzigartiges Erlebnis im Herzen der Montreux Riviera. Machen Sie Ihren Lieben eine Freude, indem Sie ihnen ein einzigartiges Erlebnis am Wasser schenken! Verschenken Sie einen Geschenkgutschein f\u00fcr das Royal Plaza Montreux.\" \/>\n<meta property=\"og:url\" content=\"https:\/\/www.royalplaza.ch\/de\/zimmer-suiten\/\" \/>\n<meta property=\"og:site_name\" content=\"Royal Plaza Montreux\" \/>\n<meta property=\"article:publisher\" content=\"https:\/\/www.facebook.com\/hotelroyalplazamtx\" \/>\n<meta property=\"article:modified_time\" content=\"2025-06-19T15:14:41+00:00\" \/>\n<meta name=\"twitter:card\" content=\"summary_large_image\" \/>\n<meta name=\"twitter:label1\" content=\"Gesch\u00e4tzte Lesezeit\" \/>\n\t<meta name=\"twitter:data1\" content=\"1 Minute\" \/>\n<script type=\"application\/ld+json\" class=\"yoast-schema-graph\">{\"@context\":\"https:\\\/\\\/schema.org\",\"@graph\":[{\"@type\":\"WebPage\",\"@id\":\"https:\\\/\\\/www.royalplaza.ch\\\/de\\\/zimmer-suiten\\\/\",\"url\":\"https:\\\/\\\/www.royalplaza.ch\\\/de\\\/zimmer-suiten\\\/\",\"name\":\"Zimmer &amp; Suiten - Royal Plaza Montreux\",\"isPartOf\":{\"@id\":\"https:\\\/\\\/www.royalplaza.ch\\\/de\\\/#website\"},\"datePublished\":\"2024-12-02T11:07:22+00:00\",\"dateModified\":\"2025-06-19T15:14:41+00:00\",\"description\":\"Entdecken Sie unsere komplett ausgestatteten 126 Zimmer &amp; 29 Suiten im klassischen oder modernen Stil. Obwohl sie alle unterschiedlich sind, verf\u00fchren sie gleicherma\u00dfen mit ihrem Komfort &amp; ihrer warmen Atmosph\u00e4re. Die meisten Zimmer &amp; alle Suiten verf\u00fcgen \u00fcber einen eigenen Balkon oder eine eigene Terrasse mit aussergew\u00f6hnlichem Blick auf den Genfersee &amp; die Alpen, der Ihnen in Seeterrasse unvergessliche Momente bescheren wird. Warum lassen Sie sich nicht von einem unserer Pauschalangebote &amp; Sonderangebote verf\u00fchren, die darauf ausgelegt sind, Ihren Aufenthalt unvergesslich zu machen? Ob Weihnachtsmarkt, Valentinstag oder Schweizer Nationalfeiertag - erleben Sie ein einzigartiges Erlebnis im Herzen der Montreux Riviera. Machen Sie Ihren Lieben eine Freude, indem Sie ihnen ein einzigartiges Erlebnis am Wasser schenken! Verschenken Sie einen Geschenkgutschein f\u00fcr das Royal Plaza Montreux.\",\"breadcrumb\":{\"@id\":\"https:\\\/\\\/www.royalplaza.ch\\\/de\\\/zimmer-suiten\\\/#breadcrumb\"},\"inLanguage\":\"de-DE\",\"potentialAction\":[{\"@type\":\"ReadAction\",\"target\":[\"https:\\\/\\\/www.royalplaza.ch\\\/de\\\/zimmer-suiten\\\/\"]}]},{\"@type\":\"BreadcrumbList\",\"@id\":\"https:\\\/\\\/www.royalplaza.ch\\\/de\\\/zimmer-suiten\\\/#breadcrumb\",\"itemListElement\":[{\"@type\":\"ListItem\",\"position\":1,\"name\":\"Home\",\"item\":\"https:\\\/\\\/www.royalplaza.ch\\\/de\\\/\"},{\"@type\":\"ListItem\",\"position\":2,\"name\":\"Zimmer &amp; Suiten\"}]},{\"@type\":\"WebSite\",\"@id\":\"https:\\\/\\\/www.royalplaza.ch\\\/de\\\/#website\",\"url\":\"https:\\\/\\\/www.royalplaza.ch\\\/de\\\/\",\"name\":\"Royal Plaza Montreux\",\"description\":\"\",\"publisher\":{\"@id\":\"https:\\\/\\\/www.royalplaza.ch\\\/de\\\/#organization\"},\"potentialAction\":[{\"@type\":\"SearchAction\",\"target\":{\"@type\":\"EntryPoint\",\"urlTemplate\":\"https:\\\/\\\/www.royalplaza.ch\\\/de\\\/?s={search_term_string}\"},\"query-input\":{\"@type\":\"PropertyValueSpecification\",\"valueRequired\":true,\"valueName\":\"search_term_string\"}}],\"inLanguage\":\"de-DE\"},{\"@type\":\"Organization\",\"@id\":\"https:\\\/\\\/www.royalplaza.ch\\\/de\\\/#organization\",\"name\":\"Royal Plaza Montreux\",\"url\":\"https:\\\/\\\/www.royalplaza.ch\\\/de\\\/\",\"logo\":{\"@type\":\"ImageObject\",\"inLanguage\":\"de-DE\",\"@id\":\"https:\\\/\\\/www.royalplaza.ch\\\/de\\\/#\\\/schema\\\/logo\\\/image\\\/\",\"url\":\"https:\\\/\\\/www.royalplaza.ch\\\/wp-content\\\/uploads\\\/sites\\\/185\\\/2024\\\/12\\\/Plan-de-travail-2.png\",\"contentUrl\":\"https:\\\/\\\/www.royalplaza.ch\\\/wp-content\\\/uploads\\\/sites\\\/185\\\/2024\\\/12\\\/Plan-de-travail-2.png\",\"width\":1200,\"height\":326,\"caption\":\"Royal Plaza Montreux\"},\"image\":{\"@id\":\"https:\\\/\\\/www.royalplaza.ch\\\/de\\\/#\\\/schema\\\/logo\\\/image\\\/\"},\"sameAs\":[\"https:\\\/\\\/www.facebook.com\\\/hotelroyalplazamtx\",\"https:\\\/\\\/www.instagram.com\\\/hotelroyalplazamtx\\\/\",\"https:\\\/\\\/www.linkedin.com\\\/company\\\/royal-plaza-montreux\\\/\"]}]}<\/script>\n<!-- \/ Yoast SEO plugin. -->","yoast_head_json":{"title":"Zimmer &amp; Suiten - Royal Plaza Montreux","description":"Entdecken Sie unsere komplett ausgestatteten 126 Zimmer &amp; 29 Suiten im klassischen oder modernen Stil. Obwohl sie alle unterschiedlich sind, verf\u00fchren sie gleicherma\u00dfen mit ihrem Komfort &amp; ihrer warmen Atmosph\u00e4re. Die meisten Zimmer &amp; alle Suiten verf\u00fcgen \u00fcber einen eigenen Balkon oder eine eigene Terrasse mit aussergew\u00f6hnlichem Blick auf den Genfersee &amp; die Alpen, der Ihnen in Seeterrasse unvergessliche Momente bescheren wird. Warum lassen Sie sich nicht von einem unserer Pauschalangebote &amp; Sonderangebote verf\u00fchren, die darauf ausgelegt sind, Ihren Aufenthalt unvergesslich zu machen? Ob Weihnachtsmarkt, Valentinstag oder Schweizer Nationalfeiertag - erleben Sie ein einzigartiges Erlebnis im Herzen der Montreux Riviera. Machen Sie Ihren Lieben eine Freude, indem Sie ihnen ein einzigartiges Erlebnis am Wasser schenken! Verschenken Sie einen Geschenkgutschein f\u00fcr das Royal Plaza Montreux.","robots":{"index":"index","follow":"follow","max-snippet":"max-snippet:-1","max-image-preview":"max-image-preview:large","max-video-preview":"max-video-preview:-1"},"canonical":"https:\/\/www.royalplaza.ch\/de\/zimmer-suiten\/","og_locale":"de_DE","og_type":"article","og_title":"Zimmer &amp; Suiten - Royal Plaza Montreux","og_description":"Entdecken Sie unsere komplett ausgestatteten 126 Zimmer &amp; 29 Suiten im klassischen oder modernen Stil. Obwohl sie alle unterschiedlich sind, verf\u00fchren sie gleicherma\u00dfen mit ihrem Komfort &amp; ihrer warmen Atmosph\u00e4re. Die meisten Zimmer &amp; alle Suiten verf\u00fcgen \u00fcber einen eigenen Balkon oder eine eigene Terrasse mit aussergew\u00f6hnlichem Blick auf den Genfersee &amp; die Alpen, der Ihnen in Seeterrasse unvergessliche Momente bescheren wird. Warum lassen Sie sich nicht von einem unserer Pauschalangebote &amp; Sonderangebote verf\u00fchren, die darauf ausgelegt sind, Ihren Aufenthalt unvergesslich zu machen? Ob Weihnachtsmarkt, Valentinstag oder Schweizer Nationalfeiertag - erleben Sie ein einzigartiges Erlebnis im Herzen der Montreux Riviera. Machen Sie Ihren Lieben eine Freude, indem Sie ihnen ein einzigartiges Erlebnis am Wasser schenken! Verschenken Sie einen Geschenkgutschein f\u00fcr das Royal Plaza Montreux.","og_url":"https:\/\/www.royalplaza.ch\/de\/zimmer-suiten\/","og_site_name":"Royal Plaza Montreux","article_publisher":"https:\/\/www.facebook.com\/hotelroyalplazamtx","article_modified_time":"2025-06-19T15:14:41+00:00","twitter_card":"summary_large_image","twitter_misc":{"Gesch\u00e4tzte Lesezeit":"1 Minute"},"schema":{"@context":"https:\/\/schema.org","@graph":[{"@type":"WebPage","@id":"https:\/\/www.royalplaza.ch\/de\/zimmer-suiten\/","url":"https:\/\/www.royalplaza.ch\/de\/zimmer-suiten\/","name":"Zimmer &amp; Suiten - Royal Plaza Montreux","isPartOf":{"@id":"https:\/\/www.royalplaza.ch\/de\/#website"},"datePublished":"2024-12-02T11:07:22+00:00","dateModified":"2025-06-19T15:14:41+00:00","description":"Entdecken Sie unsere komplett ausgestatteten 126 Zimmer &amp; 29 Suiten im klassischen oder modernen Stil. Obwohl sie alle unterschiedlich sind, verf\u00fchren sie gleicherma\u00dfen mit ihrem Komfort &amp; ihrer warmen Atmosph\u00e4re. Die meisten Zimmer &amp; alle Suiten verf\u00fcgen \u00fcber einen eigenen Balkon oder eine eigene Terrasse mit aussergew\u00f6hnlichem Blick auf den Genfersee &amp; die Alpen, der Ihnen in Seeterrasse unvergessliche Momente bescheren wird. Warum lassen Sie sich nicht von einem unserer Pauschalangebote &amp; Sonderangebote verf\u00fchren, die darauf ausgelegt sind, Ihren Aufenthalt unvergesslich zu machen? Ob Weihnachtsmarkt, Valentinstag oder Schweizer Nationalfeiertag - erleben Sie ein einzigartiges Erlebnis im Herzen der Montreux Riviera. Machen Sie Ihren Lieben eine Freude, indem Sie ihnen ein einzigartiges Erlebnis am Wasser schenken! Verschenken Sie einen Geschenkgutschein f\u00fcr das Royal Plaza Montreux.","breadcrumb":{"@id":"https:\/\/www.royalplaza.ch\/de\/zimmer-suiten\/#breadcrumb"},"inLanguage":"de-DE","potentialAction":[{"@type":"ReadAction","target":["https:\/\/www.royalplaza.ch\/de\/zimmer-suiten\/"]}]},{"@type":"BreadcrumbList","@id":"https:\/\/www.royalplaza.ch\/de\/zimmer-suiten\/#breadcrumb","itemListElement":[{"@type":"ListItem","position":1,"name":"Home","item":"https:\/\/www.royalplaza.ch\/de\/"},{"@type":"ListItem","position":2,"name":"Zimmer &amp; Suiten"}]},{"@type":"WebSite","@id":"https:\/\/www.royalplaza.ch\/de\/#website","url":"https:\/\/www.royalplaza.ch\/de\/","name":"Royal Plaza Montreux","description":"","publisher":{"@id":"https:\/\/www.royalplaza.ch\/de\/#organization"},"potentialAction":[{"@type":"SearchAction","target":{"@type":"EntryPoint","urlTemplate":"https:\/\/www.royalplaza.ch\/de\/?s={search_term_string}"},"query-input":{"@type":"PropertyValueSpecification","valueRequired":true,"valueName":"search_term_string"}}],"inLanguage":"de-DE"},{"@type":"Organization","@id":"https:\/\/www.royalplaza.ch\/de\/#organization","name":"Royal Plaza Montreux","url":"https:\/\/www.royalplaza.ch\/de\/","logo":{"@type":"ImageObject","inLanguage":"de-DE","@id":"https:\/\/www.royalplaza.ch\/de\/#\/schema\/logo\/image\/","url":"https:\/\/www.royalplaza.ch\/wp-content\/uploads\/sites\/185\/2024\/12\/Plan-de-travail-2.png","contentUrl":"https:\/\/www.royalplaza.ch\/wp-content\/uploads\/sites\/185\/2024\/12\/Plan-de-travail-2.png","width":1200,"height":326,"caption":"Royal Plaza Montreux"},"image":{"@id":"https:\/\/www.royalplaza.ch\/de\/#\/schema\/logo\/image\/"},"sameAs":["https:\/\/www.facebook.com\/hotelroyalplazamtx","https:\/\/www.instagram.com\/hotelroyalplazamtx\/","https:\/\/www.linkedin.com\/company\/royal-plaza-montreux\/"]}]}},"acf":[],"_links":{"self":[{"href":"https:\/\/www.royalplaza.ch\/de\/wp-json\/wp\/v2\/pages\/637","targetHints":{"allow":["GET"]}}],"collection":[{"href":"https:\/\/www.royalplaza.ch\/de\/wp-json\/wp\/v2\/pages"}],"about":[{"href":"https:\/\/www.royalplaza.ch\/de\/wp-json\/wp\/v2\/types\/page"}],"author":[{"embeddable":true,"href":"https:\/\/www.royalplaza.ch\/de\/wp-json\/wp\/v2\/users\/124"}],"replies":[{"embeddable":true,"href":"https:\/\/www.royalplaza.ch\/de\/wp-json\/wp\/v2\/comments?post=637"}],"version-history":[{"count":0,"href":"https:\/\/www.royalplaza.ch\/de\/wp-json\/wp\/v2\/pages\/637\/revisions"}],"wp:attachment":[{"href":"https:\/\/www.royalplaza.ch\/de\/wp-json\/wp\/v2\/media?parent=637"}],"curies":[{"name":"wp","href":"https:\/\/api.w.org\/{rel}","templated":true}]}}