{"id":632,"date":"2024-11-25T14:13:16","date_gmt":"2024-11-25T14:13:16","guid":{"rendered":"https:\/\/royal-plaza-montreux.ms2.decms.eu\/royal-plaza-montreux\/"},"modified":"2025-06-24T12:45:02","modified_gmt":"2025-06-24T12:45:02","slug":"royal-plaza-montreux","status":"publish","type":"page","link":"https:\/\/www.royalplaza.ch\/de\/","title":{"rendered":"Royal Plaza Montreux"},"content":{"rendered":"<p style=\"text-align: justify;\"><strong>Das Royal Plaza Montreux liegt direkt an den Uferstra\u00dfen von Montreux &amp; bietet einen einzigartigen Panoramablick auf den Genfersee &amp; die Alpen.<\/strong><\/p>\n<p style=\"text-align: justify;\">Unsere <a href=\"https:\/\/royal-plaza-montreux.ms2.decms.eu\/de\/\">155 Zimmer &amp; Suiten<\/a>, die in einem klassischen oder zeitgen\u00f6ssischen Stil eingerichtet sind, werden Sie mit ihrem Komfort &amp; ihrer Atmosph\u00e4re verf\u00fchren. Die meisten Zimmer &amp; alle Suiten verf\u00fcgen \u00fcber einen eigenen Balkon oder eine Terrasse sowie \u00fcber einen unverbaubaren Blick auf den See, so dass Sie in unmittelbarer Ufern\u00e4he einen unvergesslichen Moment erleben k\u00f6nnen. Jeder Zimmertyp besitzt seine eigenen Besonderheiten, aber alle Zimmer bieten eine \u00e4hnliche Ausstattung wie Klimaanlage, WLAN-Anschluss, eine Auswahl an Hei\u00dfgetr\u00e4nken, Badem\u00e4ntel, Hausschuhe, Badezimmer-Artikel&#8230;<\/p>\n<p style=\"text-align: justify;\">\n","protected":false},"excerpt":{"rendered":"<p>Das Royal Plaza Montreux liegt direkt an den Uferstra\u00dfen von Montreux &amp; bietet einen einzigartigen Panoramablick auf den Genfersee &amp; die Alpen. Unsere 155 Zimmer &amp; Suiten, die in einem klassischen oder zeitgen\u00f6ssischen Stil eingerichtet sind, werden Sie mit ihrem Komfort &amp; ihrer Atmosph\u00e4re verf\u00fchren. Die meisten Zimmer &amp; alle Suiten verf\u00fcgen \u00fcber einen eigenen [&hellip;]<\/p>\n","protected":false},"author":27,"featured_media":0,"parent":0,"menu_order":0,"comment_status":"closed","ping_status":"closed","template":"","meta":{"footnotes":""},"class_list":["post-632","page","type-page","status-publish","hentry"],"yoast_head":"<!-- This site is optimized with the Yoast SEO plugin v27.3 - https:\/\/yoast.com\/product\/yoast-seo-wordpress\/ -->\n<title>Royal Plaza Montreux - Royal Plaza Montreux<\/title>\n<meta name=\"description\" content=\"Das Royal Plaza Montreux liegt direkt an den Uferstra\u00dfen von Montreux &amp; bietet einen einzigartigen Panoramablick auf den Genfersee &amp; die Alpen. Unsere 155 Zimmer &amp; Suiten, die in einem klassischen oder zeitgen\u00f6ssischen Stil eingerichtet sind, werden Sie mit ihrem Komfort &amp; ihrer Atmosph\u00e4re verf\u00fchren. Die meisten Zimmer &amp; alle Suiten verf\u00fcgen \u00fcber einen eigenen Balkon oder eine Terrasse sowie \u00fcber einen unverbaubaren Blick auf den See, so dass Sie in unmittelbarer Ufern\u00e4he einen unvergesslichen Moment erleben k\u00f6nnen\" \/>\n<meta name=\"robots\" content=\"index, follow, max-snippet:-1, max-image-preview:large, max-video-preview:-1\" \/>\n<link rel=\"canonical\" href=\"https:\/\/www.royalplaza.ch\/de\/\" \/>\n<meta property=\"og:locale\" content=\"de_DE\" \/>\n<meta property=\"og:type\" content=\"article\" \/>\n<meta property=\"og:title\" content=\"Royal Plaza Montreux - Royal Plaza Montreux\" \/>\n<meta property=\"og:description\" content=\"Das Royal Plaza Montreux liegt direkt an den Uferstra\u00dfen von Montreux &amp; bietet einen einzigartigen Panoramablick auf den Genfersee &amp; die Alpen. Unsere 155 Zimmer &amp; Suiten, die in einem klassischen oder zeitgen\u00f6ssischen Stil eingerichtet sind, werden Sie mit ihrem Komfort &amp; ihrer Atmosph\u00e4re verf\u00fchren. Die meisten Zimmer &amp; alle Suiten verf\u00fcgen \u00fcber einen eigenen Balkon oder eine Terrasse sowie \u00fcber einen unverbaubaren Blick auf den See, so dass Sie in unmittelbarer Ufern\u00e4he einen unvergesslichen Moment erleben k\u00f6nnen\" \/>\n<meta property=\"og:url\" content=\"https:\/\/www.royalplaza.ch\/de\/\" \/>\n<meta property=\"og:site_name\" content=\"Royal Plaza Montreux\" \/>\n<meta property=\"article:publisher\" content=\"https:\/\/www.facebook.com\/hotelroyalplazamtx\" \/>\n<meta property=\"article:modified_time\" content=\"2025-06-24T12:45:02+00:00\" \/>\n<meta name=\"twitter:card\" content=\"summary_large_image\" \/>\n<meta name=\"twitter:label1\" content=\"Gesch\u00e4tzte Lesezeit\" \/>\n\t<meta name=\"twitter:data1\" content=\"1 Minute\" \/>\n<script type=\"application\/ld+json\" class=\"yoast-schema-graph\">{\"@context\":\"https:\\\/\\\/schema.org\",\"@graph\":[{\"@type\":\"WebPage\",\"@id\":\"https:\\\/\\\/www.royalplaza.ch\\\/de\\\/\",\"url\":\"https:\\\/\\\/www.royalplaza.ch\\\/de\\\/\",\"name\":\"Royal Plaza Montreux - Royal Plaza Montreux\",\"isPartOf\":{\"@id\":\"https:\\\/\\\/www.royalplaza.ch\\\/de\\\/#website\"},\"datePublished\":\"2024-11-25T14:13:16+00:00\",\"dateModified\":\"2025-06-24T12:45:02+00:00\",\"description\":\"Das Royal Plaza Montreux liegt direkt an den Uferstra\u00dfen von Montreux &amp; bietet einen einzigartigen Panoramablick auf den Genfersee &amp; die Alpen. Unsere 155 Zimmer &amp; Suiten, die in einem klassischen oder zeitgen\u00f6ssischen Stil eingerichtet sind, werden Sie mit ihrem Komfort &amp; ihrer Atmosph\u00e4re verf\u00fchren. Die meisten Zimmer &amp; alle Suiten verf\u00fcgen \u00fcber einen eigenen Balkon oder eine Terrasse sowie \u00fcber einen unverbaubaren Blick auf den See, so dass Sie in unmittelbarer Ufern\u00e4he einen unvergesslichen Moment erleben k\u00f6nnen\",\"breadcrumb\":{\"@id\":\"https:\\\/\\\/www.royalplaza.ch\\\/de\\\/#breadcrumb\"},\"inLanguage\":\"de-DE\",\"potentialAction\":[{\"@type\":\"ReadAction\",\"target\":[\"https:\\\/\\\/www.royalplaza.ch\\\/de\\\/\"]}]},{\"@type\":\"BreadcrumbList\",\"@id\":\"https:\\\/\\\/www.royalplaza.ch\\\/de\\\/#breadcrumb\",\"itemListElement\":[{\"@type\":\"ListItem\",\"position\":1,\"name\":\"Home\",\"item\":\"https:\\\/\\\/www.royalplaza.ch\\\/de\\\/\"},{\"@type\":\"ListItem\",\"position\":2,\"name\":\"Royal Plaza Montreux\"}]},{\"@type\":\"WebSite\",\"@id\":\"https:\\\/\\\/www.royalplaza.ch\\\/de\\\/#website\",\"url\":\"https:\\\/\\\/www.royalplaza.ch\\\/de\\\/\",\"name\":\"Royal Plaza Montreux\",\"description\":\"\",\"publisher\":{\"@id\":\"https:\\\/\\\/www.royalplaza.ch\\\/de\\\/#organization\"},\"potentialAction\":[{\"@type\":\"SearchAction\",\"target\":{\"@type\":\"EntryPoint\",\"urlTemplate\":\"https:\\\/\\\/www.royalplaza.ch\\\/de\\\/?s={search_term_string}\"},\"query-input\":{\"@type\":\"PropertyValueSpecification\",\"valueRequired\":true,\"valueName\":\"search_term_string\"}}],\"inLanguage\":\"de-DE\"},{\"@type\":\"Organization\",\"@id\":\"https:\\\/\\\/www.royalplaza.ch\\\/de\\\/#organization\",\"name\":\"Royal Plaza Montreux\",\"url\":\"https:\\\/\\\/www.royalplaza.ch\\\/de\\\/\",\"logo\":{\"@type\":\"ImageObject\",\"inLanguage\":\"de-DE\",\"@id\":\"https:\\\/\\\/www.royalplaza.ch\\\/de\\\/#\\\/schema\\\/logo\\\/image\\\/\",\"url\":\"https:\\\/\\\/www.royalplaza.ch\\\/wp-content\\\/uploads\\\/sites\\\/185\\\/2024\\\/12\\\/Plan-de-travail-2.png\",\"contentUrl\":\"https:\\\/\\\/www.royalplaza.ch\\\/wp-content\\\/uploads\\\/sites\\\/185\\\/2024\\\/12\\\/Plan-de-travail-2.png\",\"width\":1200,\"height\":326,\"caption\":\"Royal Plaza Montreux\"},\"image\":{\"@id\":\"https:\\\/\\\/www.royalplaza.ch\\\/de\\\/#\\\/schema\\\/logo\\\/image\\\/\"},\"sameAs\":[\"https:\\\/\\\/www.facebook.com\\\/hotelroyalplazamtx\",\"https:\\\/\\\/www.instagram.com\\\/hotelroyalplazamtx\\\/\",\"https:\\\/\\\/www.linkedin.com\\\/company\\\/royal-plaza-montreux\\\/\"]}]}<\/script>\n<!-- \/ Yoast SEO plugin. -->","yoast_head_json":{"title":"Royal Plaza Montreux - Royal Plaza Montreux","description":"Das Royal Plaza Montreux liegt direkt an den Uferstra\u00dfen von Montreux &amp; bietet einen einzigartigen Panoramablick auf den Genfersee &amp; die Alpen. Unsere 155 Zimmer &amp; Suiten, die in einem klassischen oder zeitgen\u00f6ssischen Stil eingerichtet sind, werden Sie mit ihrem Komfort &amp; ihrer Atmosph\u00e4re verf\u00fchren. Die meisten Zimmer &amp; alle Suiten verf\u00fcgen \u00fcber einen eigenen Balkon oder eine Terrasse sowie \u00fcber einen unverbaubaren Blick auf den See, so dass Sie in unmittelbarer Ufern\u00e4he einen unvergesslichen Moment erleben k\u00f6nnen","robots":{"index":"index","follow":"follow","max-snippet":"max-snippet:-1","max-image-preview":"max-image-preview:large","max-video-preview":"max-video-preview:-1"},"canonical":"https:\/\/www.royalplaza.ch\/de\/","og_locale":"de_DE","og_type":"article","og_title":"Royal Plaza Montreux - Royal Plaza Montreux","og_description":"Das Royal Plaza Montreux liegt direkt an den Uferstra\u00dfen von Montreux &amp; bietet einen einzigartigen Panoramablick auf den Genfersee &amp; die Alpen. Unsere 155 Zimmer &amp; Suiten, die in einem klassischen oder zeitgen\u00f6ssischen Stil eingerichtet sind, werden Sie mit ihrem Komfort &amp; ihrer Atmosph\u00e4re verf\u00fchren. Die meisten Zimmer &amp; alle Suiten verf\u00fcgen \u00fcber einen eigenen Balkon oder eine Terrasse sowie \u00fcber einen unverbaubaren Blick auf den See, so dass Sie in unmittelbarer Ufern\u00e4he einen unvergesslichen Moment erleben k\u00f6nnen","og_url":"https:\/\/www.royalplaza.ch\/de\/","og_site_name":"Royal Plaza Montreux","article_publisher":"https:\/\/www.facebook.com\/hotelroyalplazamtx","article_modified_time":"2025-06-24T12:45:02+00:00","twitter_card":"summary_large_image","twitter_misc":{"Gesch\u00e4tzte Lesezeit":"1 Minute"},"schema":{"@context":"https:\/\/schema.org","@graph":[{"@type":"WebPage","@id":"https:\/\/www.royalplaza.ch\/de\/","url":"https:\/\/www.royalplaza.ch\/de\/","name":"Royal Plaza Montreux - Royal Plaza Montreux","isPartOf":{"@id":"https:\/\/www.royalplaza.ch\/de\/#website"},"datePublished":"2024-11-25T14:13:16+00:00","dateModified":"2025-06-24T12:45:02+00:00","description":"Das Royal Plaza Montreux liegt direkt an den Uferstra\u00dfen von Montreux &amp; bietet einen einzigartigen Panoramablick auf den Genfersee &amp; die Alpen. Unsere 155 Zimmer &amp; Suiten, die in einem klassischen oder zeitgen\u00f6ssischen Stil eingerichtet sind, werden Sie mit ihrem Komfort &amp; ihrer Atmosph\u00e4re verf\u00fchren. Die meisten Zimmer &amp; alle Suiten verf\u00fcgen \u00fcber einen eigenen Balkon oder eine Terrasse sowie \u00fcber einen unverbaubaren Blick auf den See, so dass Sie in unmittelbarer Ufern\u00e4he einen unvergesslichen Moment erleben k\u00f6nnen","breadcrumb":{"@id":"https:\/\/www.royalplaza.ch\/de\/#breadcrumb"},"inLanguage":"de-DE","potentialAction":[{"@type":"ReadAction","target":["https:\/\/www.royalplaza.ch\/de\/"]}]},{"@type":"BreadcrumbList","@id":"https:\/\/www.royalplaza.ch\/de\/#breadcrumb","itemListElement":[{"@type":"ListItem","position":1,"name":"Home","item":"https:\/\/www.royalplaza.ch\/de\/"},{"@type":"ListItem","position":2,"name":"Royal Plaza Montreux"}]},{"@type":"WebSite","@id":"https:\/\/www.royalplaza.ch\/de\/#website","url":"https:\/\/www.royalplaza.ch\/de\/","name":"Royal Plaza Montreux","description":"","publisher":{"@id":"https:\/\/www.royalplaza.ch\/de\/#organization"},"potentialAction":[{"@type":"SearchAction","target":{"@type":"EntryPoint","urlTemplate":"https:\/\/www.royalplaza.ch\/de\/?s={search_term_string}"},"query-input":{"@type":"PropertyValueSpecification","valueRequired":true,"valueName":"search_term_string"}}],"inLanguage":"de-DE"},{"@type":"Organization","@id":"https:\/\/www.royalplaza.ch\/de\/#organization","name":"Royal Plaza Montreux","url":"https:\/\/www.royalplaza.ch\/de\/","logo":{"@type":"ImageObject","inLanguage":"de-DE","@id":"https:\/\/www.royalplaza.ch\/de\/#\/schema\/logo\/image\/","url":"https:\/\/www.royalplaza.ch\/wp-content\/uploads\/sites\/185\/2024\/12\/Plan-de-travail-2.png","contentUrl":"https:\/\/www.royalplaza.ch\/wp-content\/uploads\/sites\/185\/2024\/12\/Plan-de-travail-2.png","width":1200,"height":326,"caption":"Royal Plaza Montreux"},"image":{"@id":"https:\/\/www.royalplaza.ch\/de\/#\/schema\/logo\/image\/"},"sameAs":["https:\/\/www.facebook.com\/hotelroyalplazamtx","https:\/\/www.instagram.com\/hotelroyalplazamtx\/","https:\/\/www.linkedin.com\/company\/royal-plaza-montreux\/"]}]}},"acf":[],"_links":{"self":[{"href":"https:\/\/www.royalplaza.ch\/de\/wp-json\/wp\/v2\/pages\/632","targetHints":{"allow":["GET"]}}],"collection":[{"href":"https:\/\/www.royalplaza.ch\/de\/wp-json\/wp\/v2\/pages"}],"about":[{"href":"https:\/\/www.royalplaza.ch\/de\/wp-json\/wp\/v2\/types\/page"}],"author":[{"embeddable":true,"href":"https:\/\/www.royalplaza.ch\/de\/wp-json\/wp\/v2\/users\/27"}],"replies":[{"embeddable":true,"href":"https:\/\/www.royalplaza.ch\/de\/wp-json\/wp\/v2\/comments?post=632"}],"version-history":[{"count":0,"href":"https:\/\/www.royalplaza.ch\/de\/wp-json\/wp\/v2\/pages\/632\/revisions"}],"wp:attachment":[{"href":"https:\/\/www.royalplaza.ch\/de\/wp-json\/wp\/v2\/media?parent=632"}],"curies":[{"name":"wp","href":"https:\/\/api.w.org\/{rel}","templated":true}]}}